{"id":8259,"date":"2018-06-26T02:24:24","date_gmt":"2018-06-26T00:24:24","guid":{"rendered":"https:\/\/llshs.univ-paris13.fr\/?page_id=8259-old"},"modified":"2023-12-13T22:20:37","modified_gmt":"2023-12-13T21:20:37","slug":"politique-confidentialite-utilisation-donnees","status":"publish","type":"page","link":"https:\/\/llshs.univ-paris13.fr\/en\/mentions-legales\/politique-confidentialite-utilisation-donnees\/","title":{"rendered":"Politique de confidentialit\u00e9 et d&rsquo;utilisation des donn\u00e9es de l&rsquo;UFR LLSHS"},"content":{"rendered":"<div data-elementor-type=\"wp-page\" data-elementor-id=\"8259\" class=\"elementor elementor-8259\">\n\t\t\t\t\t\t\t\t\t<section class=\"elementor-section elementor-top-section elementor-element elementor-element-1a3c261 elementor-section-stretched elementor-section-boxed elementor-section-height-default elementor-section-height-default\" data-id=\"1a3c261\" data-element_type=\"section\" data-settings=\"{&quot;background_background&quot;:&quot;classic&quot;,&quot;stretch_section&quot;:&quot;section-stretched&quot;,&quot;_ha_eqh_enable&quot;:false}\">\n\t\t\t\t\t\t<div class=\"elementor-container elementor-column-gap-default\">\n\t\t\t\t\t<div class=\"elementor-column elementor-col-100 elementor-top-column elementor-element elementor-element-c1563ab\" data-id=\"c1563ab\" data-element_type=\"column\">\n\t\t\t<div class=\"elementor-widget-wrap elementor-element-populated\">\n\t\t\t\t\t\t\t\t<div class=\"elementor-element elementor-element-9dd41e8 elementor-widget elementor-widget-heading\" data-id=\"9dd41e8\" data-element_type=\"widget\" data-widget_type=\"heading.default\">\n\t\t\t\t<div class=\"elementor-widget-container\">\n\t\t\t<h1 class=\"elementor-heading-title elementor-size-default\">Politique de confidentialit\u00e9<\/h1>\t\t<\/div>\n\t\t\t\t<\/div>\n\t\t\t\t\t<\/div>\n\t\t<\/div>\n\t\t\t\t\t\t\t<\/div>\n\t\t<\/section>\n\t\t\t\t<section class=\"elementor-section elementor-top-section elementor-element elementor-element-4ddbf76 elementor-section-boxed elementor-section-height-default elementor-section-height-default\" data-id=\"4ddbf76\" data-element_type=\"section\" data-settings=\"{&quot;background_background&quot;:&quot;classic&quot;,&quot;_ha_eqh_enable&quot;:false}\">\n\t\t\t\t\t\t<div class=\"elementor-container elementor-column-gap-default\">\n\t\t\t\t\t<div class=\"elementor-column elementor-col-100 elementor-top-column elementor-element elementor-element-4ec7eb7\" data-id=\"4ec7eb7\" data-element_type=\"column\">\n\t\t\t<div class=\"elementor-widget-wrap elementor-element-populated\">\n\t\t\t\t\t\t\t\t<div class=\"elementor-element elementor-element-307c3d0 elementor-widget elementor-widget-text-editor\" data-id=\"307c3d0\" data-element_type=\"widget\" data-widget_type=\"text-editor.default\">\n\t\t\t\t<div class=\"elementor-widget-container\">\n\t\t\t\t\t\t\t<p>L\u2019universit\u00e9 Sorbonne Paris Nord est soucieuse de la protection de votre vie priv\u00e9e dans le respect du r\u00e8glement europ\u00e9en (UE) 2016\/679 du Parlement europ\u00e9en et du Conseil du 27 avril 2016 et de la loi Informatique et Libert\u00e9s du 6 janvier 1978 modifi\u00e9e.<\/p>\n<p>Cette page d\u00e9crit la mani\u00e8re dont l&rsquo;UFR LLSHS collecte et traite vos donn\u00e9es.<\/p>\n<h5>Cat\u00e9gories de donn\u00e9es personnelles collect\u00e9es et trait\u00e9es<\/h5>\n<blockquote>\n<p>Par donn\u00e9e \u00e0 caract\u00e8re personnel nous entendons toute information qui permet de vous identifier soit directement soit indirectement.<\/p>\n<\/blockquote>\n<p>L&rsquo;UFR LLSHS est susceptible selon les cas de collecter et traiter tout ou partie des donn\u00e9es personnelles suivantes :<\/p>\n<ul>\n<li>Nom et pr\u00e9nom<\/li>\n<li>Adresse \u00e9lectronique<\/li>\n<li>Num\u00e9ro de t\u00e9l\u00e9phone<\/li>\n<li>Donn\u00e9es personnelles contenues \u00e9ventuellement dans le message de demande de renseignements<\/li>\n<li>Donn\u00e9es de connexion<\/li>\n<\/ul>\n<p>L&rsquo;UFR LLSHS veille \u00e0 respecter le principe de minimisation et ainsi collecter et traiter uniquement les donn\u00e9es personnelles n\u00e9cessaires au regard de la ou des finalit\u00e9(s) pour laquelle ou lesquelles elles sont trait\u00e9es.<\/p>\n<h5>Finalit\u00e9 du traitement<\/h5>\n<p>L&rsquo;UFR LLSHS collecte et traite vos donn\u00e9es personnelles pour diff\u00e9rentes raisons\/finalit\u00e9s d\u00e9termin\u00e9es de mani\u00e8re l\u00e9gitime pour r\u00e9pondre aux finalit\u00e9s suivantes :<\/p>\n<ul>\n<li>r\u00e9pondre \u00e0 vos demandes de renseignements via le formulaire disponible sur ce site&nbsp;;<\/li>\n<li>traiter vos candidatures spontan\u00e9es ;<\/li>\n<li>traiter des r\u00e9ponses \u00e0 des formulaires d&rsquo;enqu\u00eates ou des proc\u00e9dures automatis\u00e9es (demande de diffusion d&rsquo;un \u00e9v\u00e9nement sur le site, demande de financement d&rsquo;une action, &#8230;)<\/li>\n<\/ul>\n<p>Selon la finalit\u00e9, la base l\u00e9gale du traitement de vos donn\u00e9es personnelles est diff\u00e9rente. La gestion et le suivi de la relation \u00e9tudiant\u00b7e ainsi que g\u00e9rer les demandes des personnes li\u00e9es \u00e0 l\u2019exercice de leurs droits est fond\u00e9 sur une obligation l\u00e9gale. Le traitement est bas\u00e9 sur l\u2019int\u00e9r\u00eat l\u00e9gitime de l&rsquo;UFR LLSHS pour r\u00e9pondre aux formulaires de contact via le site internet, ou l\u2019envoi d\u2019informations ou l&rsquo;envoi d\u2019invitations \u00e0 des \u00e9v\u00e9nements.<\/p>\n<h5>Destinataires des donn\u00e9es<\/h5>\n<p>Dans le cadre des traitements de vos donn\u00e9es, l&rsquo;UFR LLSHS pourra transmettre ou donner acc\u00e8s \u00e0 vos informations \u00e0 diff\u00e9rentes cat\u00e9gories de destinataires :<\/p>\n<ul>\n<li>membres et personnels de l&rsquo;UFR LLSHS : les donn\u00e9es personnelles sont transmises pour traiter les finalit\u00e9s pr\u00e9c\u00e9demment mentionn\u00e9es,<\/li>\n<li>personnel des services support (technique et logistique) dans le cadre de demandes d&rsquo;aide sp\u00e9cifiques.<\/li>\n<\/ul>\n<p>L&rsquo;UFR LLSHS s\u2019engage \u00e0 garantir le respect de la vie priv\u00e9e des internautes qui visitent ce site web, ainsi que la confidentialit\u00e9 des informations personnelles qui lui sont transmises. L&rsquo;UFR LLSHS s&rsquo;abstient de toute diffusion de ces informations \u00e0 des tiers, quelque soit la demande formul\u00e9e, sauf demande exig\u00e9e par la loi ou toute autorit\u00e9 judiciaire.<\/p>\n<h5>Droits d\u2019acc\u00e8s, de modification et de suppression des donn\u00e9es<\/h5>\n<p>Conform\u00e9ment \u00e0 la r\u00e8glementation en vigueur, vous disposez d\u2019un droit d\u2019acc\u00e8s, de rectification et de suppression portant sur les donn\u00e9es personnelles vous concernant.<\/p>\n<p>Selon les finalit\u00e9s de traitement, vous b\u00e9n\u00e9ficiez des droits suivants :<\/p>\n<ul>\n<li><strong>Droit d\u2019opposition&nbsp;<\/strong>: vous disposez du droit de vous opposer \u00e0 tout moment au traitement de vos donn\u00e9es personnelles, \u00e0 des fins d\u2019envoi d\u2019informations, annonces, v\u0153ux, newsletters ainsi que des invitations.<\/li>\n<li><strong>Droit d\u2019acc\u00e8s&nbsp;<\/strong>:&nbsp;Vous avez le droit d\u2019obtenir les informations que l&rsquo;UFR LLSHS d\u00e9tient sur vous.<\/li>\n<li><strong>Droit de rectification&nbsp;<\/strong>: vous avez le droit d\u2019obtenir la rectification d\u2019informations inexactes ou incompl\u00e8tes vous concernant.<\/li>\n<li><strong>Droit de retirer votre consentement&nbsp;<\/strong>: vous pouvez, pour les traitements qui seraient fond\u00e9s sur le consentement, retirer \u00e0 tout moment le consentement que vous avez donn\u00e9 pour un traitement.<\/li>\n<li><strong>Droit \u00e0 l\u2019effacement ou droit \u00e0 l\u2019oubli&nbsp;<\/strong>: vous avez le droit d\u2019obtenir l\u2019effacement par l&rsquo;universit\u00e9 Sorbonne Paris Nord de vos donn\u00e9es personnelles lorsque l\u2019un des motifs suivants s\u2019applique :\n<ul>\n<li>Les donn\u00e9es ne sont plus n\u00e9cessaires au regard des finalit\u00e9s pour lesquelles elles ont \u00e9t\u00e9 collect\u00e9es ;<\/li>\n<li>Vous retirez votre consentement au traitement et il n\u2019existe pas d\u2019autre fondement juridique au traitement ;<\/li>\n<li>Vous vous opposez au traitement de vos donn\u00e9es personnelles et il n\u2019existe pas de motif l\u00e9gitime imp\u00e9rieux pour le traitement ;<\/li>\n<li>Les donn\u00e9es font l\u2019objet d\u2019un traitement illicite ;<\/li>\n<li>Les donn\u00e9es doivent \u00eatre effac\u00e9es pour respecter une obligation l\u00e9gale.<\/li>\n<\/ul>\n<\/li>\n<li><strong>Droit \u00e0 la portabilit\u00e9&nbsp;<\/strong>: vous avez le droit d\u2019obtenir les donn\u00e9es personnelles que vous avez fournies \u00e0 l&rsquo;UFR LLSHS dans un format structur\u00e9, couramment utilis\u00e9 et lisible par une machine pour que vous puissiez les transmettre \u00e0 un autre responsable de traitement.<\/li>\n<\/ul>\n<p>Ce droit est applicable lorsque le traitement est fond\u00e9 sur votre consentement ou sur l\u2019ex\u00e9cution d\u2019un contrat, et qu\u2019il est effectu\u00e9 \u00e0 l\u2019aide de proc\u00e9d\u00e9s automatis\u00e9s.<\/p>\n<ul>\n<li><strong>Droit d\u2019introduire une r\u00e9clamation&nbsp;<\/strong>aupr\u00e8s de la Commission Nationale de l\u2019Informatique et des Libert\u00e9s (CNIL) \u00e0 l\u2019adresse suivante :<\/li>\n<\/ul>\n<p style=\"padding-left: 40px;\"><strong>CNIL<\/strong> \u2013 Service des plaintes&nbsp;3 Place de Fontenoy \u2013 TSA 80715 \u2013 75334 PARIS CEDEX 07<\/p>\n<h5>Exercer vos droits relatifs \u00e0 vos donn\u00e9es personnelles<\/h5>\n<p>Vous avez le droit de nous demander l\u2019acc\u00e8s \u00e0 vos donn\u00e9es, leur rectification ou effacement, ainsi qu\u2019une limitation de ces donn\u00e9es, ou leur portabilit\u00e9. Vous avez le droit de d\u00e9finir des directives particuli\u00e8res quant \u00e0 la conservation, l\u2019effacement, et la communication de vos donn\u00e9es apr\u00e8s votre d\u00e9c\u00e8s.<\/p>\n<p><strong>R\u00e9f\u00e9rent DPO<\/strong><\/p>\n<p>Le D\u00e9l\u00e9gu\u00e9 \u00e0 la protection des donn\u00e9es (DPO) est le Directeur des Affaires Juridiques de l\u2019Universit\u00e9, Jos\u00e9-Manuel COELHO. Il est assist\u00e9 par un charg\u00e9 d\u2019affaires juridiques en protection des donn\u00e9es personnelles, Ismaila NDIAYE. Si vous avez des questions ou des remarques, merci de contacter :<\/p>\n<ul>\n<li>Par courriel :&nbsp;<a href=\"http:\/\/dpo@univ-paris13.fr\/\">dpo@univ-paris13.fr<\/a><\/li>\n<li>Par t\u00e9l\u00e9phone : +33 (0)1 49 40 38 82<\/li>\n<li>Par courrier : universit\u00e9 Sorbonne Paris Nord, \u00e0 l\u2019attention du d\u00e9l\u00e9gu\u00e9 \u00e0 la protection des donn\u00e9es, 99 avenue Jean-Baptiste Cl\u00e9ment 93430 Villetaneuse.<\/li>\n<\/ul>\n<p>Pour toute information ou exercice de vos droits Informatique et Libert\u00e9s sur les traitements de donn\u00e9es personnelles g\u00e9r\u00e9s par l&rsquo;UFR LLSHS, vous pouvez contacter le d\u00e9l\u00e9gu\u00e9 \u00e0 la protection des donn\u00e9es (DPO).<\/p>\n<h5>Conservation des donn\u00e9es<\/h5>\n<p>Vos donn\u00e9es personnelles sont conserv\u00e9es pendant la dur\u00e9e n\u00e9cessaire \u00e0 la r\u00e9alisation des finalit\u00e9s pour lesquelles elles ont \u00e9t\u00e9 collect\u00e9es et pendant la dur\u00e9e de conservation minimale pr\u00e9vue par la l\u00e9gislation.<\/p>\n<p>Vos donn\u00e9es personnelles sont conserv\u00e9es et utilis\u00e9es pendant des dur\u00e9es diff\u00e9rentes selon les finalit\u00e9s pr\u00e9c\u00e9demment d\u00e9crites. Plus particuli\u00e8rement :<\/p>\n<ul>\n<li>Les donn\u00e9es personnelles n\u00e9cessaires \u00e0 la gestion des dossiers dans le cadre de notre activit\u00e9 de formation sont conserv\u00e9es et utilis\u00e9es pendant toute la dur\u00e9e de traitement de ces dossiers. Sans pr\u00e9judice de la possibilit\u00e9 de s\u2019opposer \u00e0 tout moment \u00e0 ce traitement,<\/li>\n<li>Les donn\u00e9es personnelles qui sont trait\u00e9es aux fins d\u2019envois d\u2019informations, d\u2019annonces, de v\u0153ux ainsi que d\u2019invitations \u00e0 des \u00e9v\u00e9nements organis\u00e9s par l&rsquo;UFR LLSHS, sont conserv\u00e9es jusqu\u2019\u00e0 trois ans \u00e0 compter du dernier contact avec la personne.<\/li>\n<\/ul>\n<p>\u00c0 l\u2019issue de cette p\u00e9riode de conservation, les donn\u00e9es personnelles seront d\u00e9truites.<\/p>\n<p>Les donn\u00e9es personnelles peuvent \u00eatre archiv\u00e9es au-del\u00e0 de la p\u00e9riode de conservation d\u00e9crite ci-dessus dans le but de r\u00e9pondre \u00e0 une obligation l\u00e9gale de conservation, pour faire valoir un droit en justice.<\/p>\n<h5>Champs d&rsquo;application<\/h5>\n<p>L\u2019UFR LLSHS s\u2019engage \u00e0 pr\u00e9server la confidentialit\u00e9 et \u00e0 maintenir un niveau de protection \u00e9lev\u00e9 de l\u2019ensemble de vos donn\u00e9es. La pr\u00e9sente politique ne s\u2019applique qu\u2019aux donn\u00e9es collect\u00e9es sur ce site web. Toutefois, vous reconnaissez qu\u2019il existe des limitations li\u00e9es \u00e0 l\u2019utilisation web, qui sont en dehors du contr\u00f4le de la direction de l\u2019UFR. Si tout effort est fait pour pr\u00e9server la nature priv\u00e9e des donn\u00e9es des usagers, il peut s\u2019av\u00e9rer n\u00e9cessaire de transf\u00e9rer certaines donn\u00e9es, par exemple, lorsque celle-ci est demand\u00e9e dans le cadre d\u2019une proc\u00e9dure l\u00e9gale.<\/p>\n<h5>Liens externes<\/h5>\n<p>Certaines pages du site de l&rsquo;UFR LLSHS peuvent contenir des liens vers des sites tiers. Veuillez noter que l&rsquo;UFR LLSHS n&rsquo;est pas responsable pour les pratiques de ces sites, y compris dans le cadre de la protection des donn\u00e9es personnelles. Nous encourageons nos usagers \u00e0 \u00eatre attentifs \u00e0 la politique de s\u00e9curit\u00e9 et de confidentialit\u00e9 de tout site tiers qu&rsquo;ils pourraient visiter en dehors du site LLSHS.<\/p>\n<h5>S\u00e9curit\u00e9<\/h5>\n<p>Il appartient \u00e0 l&rsquo;UFR LLSHS de d\u00e9finir et de mettre en \u0153uvre les mesures techniques de s\u00e9curit\u00e9 physique ou logique, qu\u2019elle estime appropri\u00e9es pour lutter contre la destruction, la perte, l\u2019alt\u00e9ration ou la divulgation non autoris\u00e9e des donn\u00e9es de mani\u00e8re accidentelle ou illicite.<\/p>\n<h5>Modifications \u00e0 la politique de confidentialit\u00e9<\/h5>\n<p>L\u2019UFR LLSHS-Universit\u00e9 Sorbonne Paris Nord, propri\u00e9taire et exploitant du site, peut modifier, ajouter, ou supprimer des parties de sa politique de confidentialit\u00e9. L\u2019usager s\u2019engage donc \u00e0 la consulter r\u00e9guli\u00e8rement.<\/p>\n<p>En naviguant sur ce site web, vous acceptez implicitement les termes de notre politique de traitement des donn\u00e9es personnelles et vous nous autorisez \u00e0 traiter ces donn\u00e9es conform\u00e9ment aux objectifs \u00e9nonc\u00e9s ci-dessus.<\/p>\t\t\t\t\t\t<\/div>\n\t\t\t\t<\/div>\n\t\t\t\t\t<\/div>\n\t\t<\/div>\n\t\t\t\t\t\t\t<\/div>\n\t\t<\/section>\n\t\t\t\t\t\t\t<\/div>","protected":false},"excerpt":{"rendered":"<p>Politique de confidentialit\u00e9 L\u2019universit\u00e9 Sorbonne Paris Nord est soucieuse de la protection de votre vie priv\u00e9e dans le respect du r\u00e8glement europ\u00e9en (UE) 2016\/679 du Parlement europ\u00e9en et du Conseil du 27 avril 2016 et de la loi Informatique et Libert\u00e9s du 6 janvier 1978 modifi\u00e9e. Cette page d\u00e9crit la mani\u00e8re dont l&rsquo;UFR LLSHS collecte [&hellip;]<\/p>","protected":false},"author":3,"featured_media":0,"parent":5345,"menu_order":0,"comment_status":"closed","ping_status":"closed","template":"","meta":{"site-sidebar-layout":"default","site-content-layout":"default","ast-site-content-layout":"","site-content-style":"default","site-sidebar-style":"default","ast-global-header-display":"","ast-banner-title-visibility":"","ast-main-header-display":"","ast-hfb-above-header-display":"","ast-hfb-below-header-display":"","ast-hfb-mobile-header-display":"","site-post-title":"","ast-breadcrumbs-content":"","ast-featured-img":"","footer-sml-layout":"","theme-transparent-header-meta":"default","adv-header-id-meta":"","stick-header-meta":"","header-above-stick-meta":"","header-main-stick-meta":"","header-below-stick-meta":"","astra-migrate-meta-layouts":"default","ast-page-background-enabled":"default","ast-page-background-meta":{"desktop":{"background-color":"","background-image":"","background-repeat":"repeat","background-position":"center center","background-size":"auto","background-attachment":"scroll","background-type":"","background-media":"","overlay-type":"","overlay-color":"","overlay-opacity":"","overlay-gradient":""},"tablet":{"background-color":"","background-image":"","background-repeat":"repeat","background-position":"center center","background-size":"auto","background-attachment":"scroll","background-type":"","background-media":"","overlay-type":"","overlay-color":"","overlay-opacity":"","overlay-gradient":""},"mobile":{"background-color":"","background-image":"","background-repeat":"repeat","background-position":"center center","background-size":"auto","background-attachment":"scroll","background-type":"","background-media":"","overlay-type":"","overlay-color":"","overlay-opacity":"","overlay-gradient":""}},"ast-content-background-meta":{"desktop":{"background-color":"var(--ast-global-color-5)","background-image":"","background-repeat":"repeat","background-position":"center center","background-size":"auto","background-attachment":"scroll","background-type":"","background-media":"","overlay-type":"","overlay-color":"","overlay-opacity":"","overlay-gradient":""},"tablet":{"background-color":"var(--ast-global-color-5)","background-image":"","background-repeat":"repeat","background-position":"center center","background-size":"auto","background-attachment":"scroll","background-type":"","background-media":"","overlay-type":"","overlay-color":"","overlay-opacity":"","overlay-gradient":""},"mobile":{"background-color":"var(--ast-global-color-5)","background-image":"","background-repeat":"repeat","background-position":"center center","background-size":"auto","background-attachment":"scroll","background-type":"","background-media":"","overlay-type":"","overlay-color":"","overlay-opacity":"","overlay-gradient":""}},"footnotes":"","_links_to":"","_links_to_target":""},"categories":[823],"tags":[],"yoast_head":"<!-- This site is optimized with the Yoast SEO plugin v23.9 - https:\/\/yoast.com\/wordpress\/plugins\/seo\/ -->\n<title>Politique de confidentialit\u00e9 et d&#039;utilisation des donn\u00e9es de l&#039;UFR LLSHS - UFR LLSHS<\/title>\n<meta name=\"robots\" content=\"index, follow, max-snippet:-1, max-image-preview:large, max-video-preview:-1\" \/>\n<link rel=\"canonical\" href=\"https:\/\/llshs.univ-paris13.fr\/en\/mentions-legales\/politique-confidentialite-utilisation-donnees\/\" \/>\n<meta property=\"og:locale\" content=\"en_GB\" \/>\n<meta property=\"og:type\" content=\"article\" \/>\n<meta property=\"og:title\" content=\"Politique de confidentialit\u00e9 et d&#039;utilisation des donn\u00e9es de l&#039;UFR LLSHS - UFR LLSHS\" \/>\n<meta property=\"og:description\" content=\"Politique de confidentialit\u00e9 L\u2019universit\u00e9 Sorbonne Paris Nord est soucieuse de la protection de votre vie priv\u00e9e dans le respect du r\u00e8glement europ\u00e9en (UE) 2016\/679 du Parlement europ\u00e9en et du Conseil du 27 avril 2016 et de la loi Informatique et Libert\u00e9s du 6 janvier 1978 modifi\u00e9e. Cette page d\u00e9crit la mani\u00e8re dont l&rsquo;UFR LLSHS collecte [&hellip;]\" \/>\n<meta property=\"og:url\" content=\"https:\/\/llshs.univ-paris13.fr\/en\/mentions-legales\/politique-confidentialite-utilisation-donnees\/\" \/>\n<meta property=\"og:site_name\" content=\"UFR LLSHS\" \/>\n<meta property=\"article:modified_time\" content=\"2023-12-13T21:20:37+00:00\" \/>\n<meta name=\"twitter:card\" content=\"summary_large_image\" \/>\n<meta name=\"twitter:label1\" content=\"Estimated reading time\" \/>\n\t<meta name=\"twitter:data1\" content=\"7 minutes\" \/>\n<script type=\"application\/ld+json\" class=\"yoast-schema-graph\">{\"@context\":\"https:\/\/schema.org\",\"@graph\":[{\"@type\":\"WebPage\",\"@id\":\"https:\/\/llshs.univ-paris13.fr\/mentions-legales\/politique-confidentialite-utilisation-donnees\/\",\"url\":\"https:\/\/llshs.univ-paris13.fr\/mentions-legales\/politique-confidentialite-utilisation-donnees\/\",\"name\":\"Politique de confidentialit\u00e9 et d'utilisation des donn\u00e9es de l'UFR LLSHS - UFR LLSHS\",\"isPartOf\":{\"@id\":\"https:\/\/llshs.univ-paris13.fr\/#website\"},\"datePublished\":\"2018-06-26T00:24:24+00:00\",\"dateModified\":\"2023-12-13T21:20:37+00:00\",\"breadcrumb\":{\"@id\":\"https:\/\/llshs.univ-paris13.fr\/mentions-legales\/politique-confidentialite-utilisation-donnees\/#breadcrumb\"},\"inLanguage\":\"en-GB\",\"potentialAction\":[{\"@type\":\"ReadAction\",\"target\":[\"https:\/\/llshs.univ-paris13.fr\/mentions-legales\/politique-confidentialite-utilisation-donnees\/\"]}]},{\"@type\":\"BreadcrumbList\",\"@id\":\"https:\/\/llshs.univ-paris13.fr\/mentions-legales\/politique-confidentialite-utilisation-donnees\/#breadcrumb\",\"itemListElement\":[{\"@type\":\"ListItem\",\"position\":1,\"name\":\"Accueil\",\"item\":\"https:\/\/llshs.univ-paris13.fr\/\"},{\"@type\":\"ListItem\",\"position\":2,\"name\":\"Mentions l\u00e9gales\",\"item\":\"https:\/\/llshs.univ-paris13.fr\/mentions-legales\/\"},{\"@type\":\"ListItem\",\"position\":3,\"name\":\"Politique de confidentialit\u00e9 et d&#8217;utilisation des donn\u00e9es de l&#8217;UFR LLSHS\"}]},{\"@type\":\"WebSite\",\"@id\":\"https:\/\/llshs.univ-paris13.fr\/#website\",\"url\":\"https:\/\/llshs.univ-paris13.fr\/\",\"name\":\"UFR LLSHS\",\"description\":\"UFR LLSHS - Universit\u00e9 Sorbonne Paris Nord\",\"publisher\":{\"@id\":\"https:\/\/llshs.univ-paris13.fr\/#organization\"},\"potentialAction\":[{\"@type\":\"SearchAction\",\"target\":{\"@type\":\"EntryPoint\",\"urlTemplate\":\"https:\/\/llshs.univ-paris13.fr\/?s={search_term_string}\"},\"query-input\":{\"@type\":\"PropertyValueSpecification\",\"valueRequired\":true,\"valueName\":\"search_term_string\"}}],\"inLanguage\":\"en-GB\"},{\"@type\":\"Organization\",\"@id\":\"https:\/\/llshs.univ-paris13.fr\/#organization\",\"name\":\"UFR LLSHS - Universit\u00e9 Sorbonne Paris Nord\",\"url\":\"https:\/\/llshs.univ-paris13.fr\/\",\"logo\":{\"@type\":\"ImageObject\",\"inLanguage\":\"en-GB\",\"@id\":\"https:\/\/llshs.univ-paris13.fr\/#\/schema\/logo\/image\/\",\"url\":\"\",\"contentUrl\":\"\",\"caption\":\"UFR LLSHS - Universit\u00e9 Sorbonne Paris Nord\"},\"image\":{\"@id\":\"https:\/\/llshs.univ-paris13.fr\/#\/schema\/logo\/image\/\"}}]}<\/script>\n<!-- \/ Yoast SEO plugin. -->","yoast_head_json":{"title":"Politique de confidentialit\u00e9 et d'utilisation des donn\u00e9es de l'UFR LLSHS - UFR LLSHS","robots":{"index":"index","follow":"follow","max-snippet":"max-snippet:-1","max-image-preview":"max-image-preview:large","max-video-preview":"max-video-preview:-1"},"canonical":"https:\/\/llshs.univ-paris13.fr\/en\/mentions-legales\/politique-confidentialite-utilisation-donnees\/","og_locale":"en_GB","og_type":"article","og_title":"Politique de confidentialit\u00e9 et d'utilisation des donn\u00e9es de l'UFR LLSHS - UFR LLSHS","og_description":"Politique de confidentialit\u00e9 L\u2019universit\u00e9 Sorbonne Paris Nord est soucieuse de la protection de votre vie priv\u00e9e dans le respect du r\u00e8glement europ\u00e9en (UE) 2016\/679 du Parlement europ\u00e9en et du Conseil du 27 avril 2016 et de la loi Informatique et Libert\u00e9s du 6 janvier 1978 modifi\u00e9e. Cette page d\u00e9crit la mani\u00e8re dont l&rsquo;UFR LLSHS collecte [&hellip;]","og_url":"https:\/\/llshs.univ-paris13.fr\/en\/mentions-legales\/politique-confidentialite-utilisation-donnees\/","og_site_name":"UFR LLSHS","article_modified_time":"2023-12-13T21:20:37+00:00","twitter_card":"summary_large_image","twitter_misc":{"Estimated reading time":"7 minutes"},"schema":{"@context":"https:\/\/schema.org","@graph":[{"@type":"WebPage","@id":"https:\/\/llshs.univ-paris13.fr\/mentions-legales\/politique-confidentialite-utilisation-donnees\/","url":"https:\/\/llshs.univ-paris13.fr\/mentions-legales\/politique-confidentialite-utilisation-donnees\/","name":"Politique de confidentialit\u00e9 et d'utilisation des donn\u00e9es de l'UFR LLSHS - UFR LLSHS","isPartOf":{"@id":"https:\/\/llshs.univ-paris13.fr\/#website"},"datePublished":"2018-06-26T00:24:24+00:00","dateModified":"2023-12-13T21:20:37+00:00","breadcrumb":{"@id":"https:\/\/llshs.univ-paris13.fr\/mentions-legales\/politique-confidentialite-utilisation-donnees\/#breadcrumb"},"inLanguage":"en-GB","potentialAction":[{"@type":"ReadAction","target":["https:\/\/llshs.univ-paris13.fr\/mentions-legales\/politique-confidentialite-utilisation-donnees\/"]}]},{"@type":"BreadcrumbList","@id":"https:\/\/llshs.univ-paris13.fr\/mentions-legales\/politique-confidentialite-utilisation-donnees\/#breadcrumb","itemListElement":[{"@type":"ListItem","position":1,"name":"Accueil","item":"https:\/\/llshs.univ-paris13.fr\/"},{"@type":"ListItem","position":2,"name":"Mentions l\u00e9gales","item":"https:\/\/llshs.univ-paris13.fr\/mentions-legales\/"},{"@type":"ListItem","position":3,"name":"Politique de confidentialit\u00e9 et d&#8217;utilisation des donn\u00e9es de l&#8217;UFR LLSHS"}]},{"@type":"WebSite","@id":"https:\/\/llshs.univ-paris13.fr\/#website","url":"https:\/\/llshs.univ-paris13.fr\/","name":"UFR LLSHS","description":"UFR LLSHS - Universit\u00e9 Sorbonne Paris Nord","publisher":{"@id":"https:\/\/llshs.univ-paris13.fr\/#organization"},"potentialAction":[{"@type":"SearchAction","target":{"@type":"EntryPoint","urlTemplate":"https:\/\/llshs.univ-paris13.fr\/?s={search_term_string}"},"query-input":{"@type":"PropertyValueSpecification","valueRequired":true,"valueName":"search_term_string"}}],"inLanguage":"en-GB"},{"@type":"Organization","@id":"https:\/\/llshs.univ-paris13.fr\/#organization","name":"UFR LLSHS - Universit\u00e9 Sorbonne Paris Nord","url":"https:\/\/llshs.univ-paris13.fr\/","logo":{"@type":"ImageObject","inLanguage":"en-GB","@id":"https:\/\/llshs.univ-paris13.fr\/#\/schema\/logo\/image\/","url":"","contentUrl":"","caption":"UFR LLSHS - Universit\u00e9 Sorbonne Paris Nord"},"image":{"@id":"https:\/\/llshs.univ-paris13.fr\/#\/schema\/logo\/image\/"}}]}},"_links":{"self":[{"href":"https:\/\/llshs.univ-paris13.fr\/en\/wp-json\/wp\/v2\/pages\/8259"}],"collection":[{"href":"https:\/\/llshs.univ-paris13.fr\/en\/wp-json\/wp\/v2\/pages"}],"about":[{"href":"https:\/\/llshs.univ-paris13.fr\/en\/wp-json\/wp\/v2\/types\/page"}],"author":[{"embeddable":true,"href":"https:\/\/llshs.univ-paris13.fr\/en\/wp-json\/wp\/v2\/users\/3"}],"replies":[{"embeddable":true,"href":"https:\/\/llshs.univ-paris13.fr\/en\/wp-json\/wp\/v2\/comments?post=8259"}],"version-history":[{"count":0,"href":"https:\/\/llshs.univ-paris13.fr\/en\/wp-json\/wp\/v2\/pages\/8259\/revisions"}],"up":[{"embeddable":true,"href":"https:\/\/llshs.univ-paris13.fr\/en\/wp-json\/wp\/v2\/pages\/5345"}],"wp:attachment":[{"href":"https:\/\/llshs.univ-paris13.fr\/en\/wp-json\/wp\/v2\/media?parent=8259"}],"wp:term":[{"taxonomy":"category","embeddable":true,"href":"https:\/\/llshs.univ-paris13.fr\/en\/wp-json\/wp\/v2\/categories?post=8259"},{"taxonomy":"post_tag","embeddable":true,"href":"https:\/\/llshs.univ-paris13.fr\/en\/wp-json\/wp\/v2\/tags?post=8259"}],"curies":[{"name":"wp","href":"https:\/\/api.w.org\/{rel}","templated":true}]}}