{"id":5345,"date":"2016-04-19T11:00:19","date_gmt":"2016-04-19T09:00:19","guid":{"rendered":"https:\/\/llshs.univ-paris13.fr\/?page_id=5345-old"},"modified":"2023-10-06T13:40:07","modified_gmt":"2023-10-06T11:40:07","slug":"mentions-legales","status":"publish","type":"page","link":"https:\/\/llshs.univ-paris13.fr\/en\/mentions-legales\/","title":{"rendered":"Mentions l\u00e9gales"},"content":{"rendered":"<div data-elementor-type=\"wp-page\" data-elementor-id=\"5345\" class=\"elementor elementor-5345\">\n\t\t\t\t\t\t\t\t\t<section class=\"elementor-section elementor-top-section elementor-element elementor-element-c526a75 elementor-section-stretched elementor-section-boxed elementor-section-height-default elementor-section-height-default\" data-id=\"c526a75\" data-element_type=\"section\" data-settings=\"{&quot;background_background&quot;:&quot;classic&quot;,&quot;stretch_section&quot;:&quot;section-stretched&quot;,&quot;_ha_eqh_enable&quot;:false}\">\n\t\t\t\t\t\t<div class=\"elementor-container elementor-column-gap-default\">\n\t\t\t\t\t<div class=\"elementor-column elementor-col-100 elementor-top-column elementor-element elementor-element-4a30655\" data-id=\"4a30655\" data-element_type=\"column\">\n\t\t\t<div class=\"elementor-widget-wrap elementor-element-populated\">\n\t\t\t\t\t\t\t\t<div class=\"elementor-element elementor-element-b4e2549 elementor-widget elementor-widget-heading\" data-id=\"b4e2549\" data-element_type=\"widget\" data-widget_type=\"heading.default\">\n\t\t\t\t<div class=\"elementor-widget-container\">\n\t\t\t<h1 class=\"elementor-heading-title elementor-size-default\">Mentions l\u00e9gales<\/h1>\t\t<\/div>\n\t\t\t\t<\/div>\n\t\t\t\t\t<\/div>\n\t\t<\/div>\n\t\t\t\t\t\t\t<\/div>\n\t\t<\/section>\n\t\t\t\t<section class=\"elementor-section elementor-top-section elementor-element elementor-element-ebe32e5 elementor-section-boxed elementor-section-height-default elementor-section-height-default\" data-id=\"ebe32e5\" data-element_type=\"section\" data-settings=\"{&quot;background_background&quot;:&quot;classic&quot;,&quot;_ha_eqh_enable&quot;:false}\">\n\t\t\t\t\t\t<div class=\"elementor-container elementor-column-gap-default\">\n\t\t\t\t\t<div class=\"elementor-column elementor-col-100 elementor-top-column elementor-element elementor-element-f069424\" data-id=\"f069424\" data-element_type=\"column\">\n\t\t\t<div class=\"elementor-widget-wrap elementor-element-populated\">\n\t\t\t\t\t\t\t\t<div class=\"elementor-element elementor-element-1e1c6bf elementor-widget elementor-widget-text-editor\" data-id=\"1e1c6bf\" data-element_type=\"widget\" data-widget_type=\"text-editor.default\">\n\t\t\t\t<div class=\"elementor-widget-container\">\n\t\t\t\t\t\t\t<p>Ce site est \u00e9dit\u00e9 par l&rsquo;UFR Lettres Langues Sciences humaines et des Soci\u00e9t\u00e9s (UFR LLSHS)<br>Universit\u00e9 Sorbonne Paris Nord<br>99, avenue Jean Baptiste Cl\u00e9ment<br>93430 Villetaneuse<\/p>\n<p><strong>Directeur de la publication :<\/strong> le Pr\u00e9sident de l&rsquo;Universit\u00e9 Sorbonne Paris Nord<br><strong>Responsable \u00e9ditorial :<\/strong> le Directeur de l&rsquo;UFR LLSHS<br><strong>Conception et int\u00e9gration :<\/strong> UFR LLSHS &#8211; Universit\u00e9 Sorbonne Paris Nord<br><strong>Moyens techniques, h\u00e9bergement :<\/strong> Direction des Syst\u00e8mes d&rsquo;Information &#8211; Universit\u00e9 Sorbonne Paris Nord<br><strong>Date de cr\u00e9ation :<\/strong> 2016<\/p>\n<h5>Politique de confidentialit\u00e9<\/h5>\n<p>&gt; <a href=\"https:\/\/llshs.univ-paris13.fr\/en\/mentions-legales\/politique-confidentialite-utilisation-donnees\/\">Consultez la politique de confidentialit\u00e9 et d\u2019utilisation des donn\u00e9es de l\u2019UFR LLSHS<\/a><\/p>\n<h5>Conditions g\u00e9n\u00e9rales d&rsquo;utilisation<\/h5>\n<p>L&rsquo;utilisateur reconna\u00eet avoir pris connaissance de la pr\u00e9sente notice l\u00e9gale et s&rsquo;engage \u00e0 la respecter. Il reconna\u00eet avoir v\u00e9rifi\u00e9 que la configuration informatique qu&rsquo;il utilise ne contient aucun virus ou tout autre \u00ab logiciel malintentionn\u00e9 \u00bb et qu&rsquo;elle est en parfait \u00e9tat de fonctionnement. L&rsquo;utilisateur est seul responsable du choix, de l&rsquo;utilisation et de l&rsquo;interpr\u00e9tation des donn\u00e9es qu&rsquo;il consulte, interroge et transf\u00e8re. Le propri\u00e9taire du site web met tout en \u0153uvre pour offrir aux utilisateurs des informations et\/ou des outils disponibles et v\u00e9rifi\u00e9(e)s mais ne saurait \u00eatre tenu pour responsable des erreurs, d&rsquo;une absence de disponibilit\u00e9 des informations et\/ou de la pr\u00e9sence de virus ou de \u00ab logiciels malintentionn\u00e9s \u00bb sur son site.<\/p>\n<h5>Informatique, fichiers et libert\u00e9<\/h5>\n<p>En conformit\u00e9 avec les dispositions de la loi n\u00b0 78-17 du 6 janvier 1978 modifi\u00e9e relative \u00e0 l&rsquo;informatique, aux fichiers et aux libert\u00e9s, les traitements automatis\u00e9s de donn\u00e9es nominatives r\u00e9alis\u00e9s \u00e0 partir du pr\u00e9sent site web ont fait l&rsquo;objet d&rsquo;une d\u00e9claration dans le registre \u00ab Informatique et libert\u00e9s \u00bb de l&rsquo;universit\u00e9 Sorbonne Paris Nord.<br><\/p>\n<p>Vous avez le droit de nous demander l\u2019acc\u00e8s \u00e0 vos donn\u00e9es, leur rectification ou effacement, ainsi qu\u2019une limitation de ces donn\u00e9es, ou leur portabilit\u00e9. Vous avez le droit de d\u00e9finir des directives particuli\u00e8res quant \u00e0 la conservation, l\u2019effacement, et la communication de vos donn\u00e9es apr\u00e8s votre d\u00e9c\u00e8s. Vous avez \u00e9galement le droit d\u2019adresser une r\u00e9clamation \u00e0 la CNIL.<\/p>\n<h5>Propri\u00e9t\u00e9 intellectuelle, droit de reproduction, liens<\/h5>\n<p>La structure, textes, images anim\u00e9es ou non, sons, savoir-faire,&#8230; et tous les autres \u00e9l\u00e9ments composant le site sont la propri\u00e9t\u00e9 exclusive de l&rsquo;Universit\u00e9 Sorbonne Paris Nord-UFR LLSHS ou bien sont r\u00e9guli\u00e8rement exploit\u00e9s sous licence. L&rsquo;ensemble de ce site rel\u00e8ve de la l\u00e9gislation fran\u00e7aise et internationale sur le droit d&rsquo;auteur et la propri\u00e9t\u00e9 intellectuelle. Tous les droits de reproduction sont r\u00e9serv\u00e9s, y compris pour les documents t\u00e9l\u00e9chargeables et les repr\u00e9sentations iconographiques ou photographiques.<\/p>\n<p>Toute reproduction \u00e9lectronique totale ou partielle de ce site sans l&rsquo;autorisation expresse de l&rsquo;UFR LLSHS &#8211; Universit\u00e9 Paris Nord est interdite et constituerait une contrefa\u00e7on sanctionn\u00e9e par les articles L 335-2 et suivants du Code de la Propri\u00e9t\u00e9 Intellectuelle (CPI), sauf mention expresse du contraire.<br>La reproduction sur support papier des pages de ce site est autoris\u00e9e sauf mention explicite du contraire, sous r\u00e9serve du respect des conditions suivantes :<\/p>\n<ul>\n<li>respect de l&rsquo;int\u00e9grit\u00e9 des documents reproduits<\/li>\n<li>citation explicite de l&rsquo;origine : llshs.univ-paris13.fr et mention que les droits de reproduction sont r\u00e9serv\u00e9s et limit\u00e9s<\/li>\n<li>gratuit\u00e9 de la diffusion<\/li>\n<\/ul>\n<p>Il est possible de cr\u00e9er un lien vers la page d\u2019accueil du site, sous r\u00e9serve qu\u2019il ne soit pas utilis\u00e9 \u00e0 des fins commerciales ou publicitaires et de la mention expresse au Site sur le lien ou \u00e0 proximit\u00e9 de celui-ci. Cette autorisation ne s\u2019applique pas aux sites internet diffusant des informations \u00e0 caract\u00e8re illicite.<\/p>\n<p>En tout \u00e9tat de cause, le webmestre qui cr\u00e9erait un lien hypertexte s\u2019engage \u00e0 ne pas utiliser la technique du lien profond dit \u00ab <i>deep linking<\/i> \u00bb. Il s\u2019agit notamment des liens vers des documents graphiques, multim\u00e9dia ou anim\u00e9s et tout autre document texte, que ceux-ci soient t\u00e9l\u00e9chargeables ou non.<\/p>\n<p>Tout utilisation d\u2019\u00e9l\u00e9ments du site \u00e0 l\u2019int\u00e9rieur d\u2019un autre site par le biais d\u2019inclusions, de cadres, d\u2019<i>inlining<\/i> ou de proc\u00e9d\u00e9s similaires est interdite.<br>Pour toute demande concernant un lien hypertexte, contactez le responsable de la r\u00e9daction \u00e0 l\u2019adresse mentionn\u00e9e ci-dessus, en pr\u00e9cisant l\u2019adresse de la page o\u00f9 figurera le lien sur le site tiers.<\/p>\n<h5>Cr\u00e9dits photographiques<\/h5>\n<p>L&rsquo;universit\u00e9 Sorbonne Paris nord, Fotolia, Unspalsh, Pixabay.<\/p>\n<h5>Proc\u00e9dure de notification<\/h5>\n<p>L&rsquo;utilisateur qui constaterait des inexactitudes, des informations erron\u00e9es ou des informations de caract\u00e8re manifestement illicite, est tenu d&rsquo;en informer le responsable de la publication afin que celui-ci y mette fin.<\/p>\n<h5>Modification de la notice l\u00e9gale<\/h5>\n<p>L&rsquo;UFR LLSHS-Universit\u00e9 Sorbonne Paris Nord, propri\u00e9taire et exploitant du site, se r\u00e9serve le droit de modifier la pr\u00e9sente notice \u00e0 tout moment. L&rsquo;utilisateur s&rsquo;engage donc \u00e0 la consulter r\u00e9guli\u00e8rement.<\/p>\n<h5>Droit applicable<\/h5>\n<p>En cas de litige, le droit fran\u00e7ais est applicable. Il est fait attribution exclusive de juridiction aux tribunaux comp\u00e9tents.<\/p>\n<h5>R\u00e9f\u00e9rent DPO<\/h5>\n<p>L\u2019universit\u00e9 Sorbonne Paris Nord est soucieuse de la protection de votre vie priv\u00e9e dans le respect du r\u00e8glement europ\u00e9en (UE) 2016\/679 du Parlement europ\u00e9en et du Conseil du 27 avril 2016 et de la loi Informatique et Libert\u00e9s du 6 janvier 1978 modifi\u00e9e.<\/p>\n<p>Le D\u00e9l\u00e9gu\u00e9 \u00e0 la protection des donn\u00e9es (DPO) est le Directeur des Affaires Juridiques de l\u2019Universit\u00e9, Jos\u00e9-Manuel COELHO. Il est assist\u00e9 par un charg\u00e9 d\u2019affaires juridiques en protection des donn\u00e9es personnelles, Ismaila NDIAYE. Si vous avez des questions ou des remarques, merci de contacter :<\/p>\n<ul>\n<li>Par courriel :&nbsp;<a href=\"http:\/\/dpo@univ-paris13.fr\/\">dpo@univ-paris13.fr<\/a><\/li>\n<li>Par t\u00e9l\u00e9phone : +33 (0)1 49 40 38 82<\/li>\n<li>Par courrier : universit\u00e9 Sorbonne Paris Nord, \u00e0 l\u2019attention du d\u00e9l\u00e9gu\u00e9 \u00e0 la protection des donn\u00e9es, 99 avenue Jean-Baptiste Cl\u00e9ment 93430 Villetaneuse.<\/li>\n<\/ul>\t\t\t\t\t\t<\/div>\n\t\t\t\t<\/div>\n\t\t\t\t\t<\/div>\n\t\t<\/div>\n\t\t\t\t\t\t\t<\/div>\n\t\t<\/section>\n\t\t\t\t\t\t\t<\/div>","protected":false},"excerpt":{"rendered":"<p>Mentions l\u00e9gales Ce site est \u00e9dit\u00e9 par l&rsquo;UFR Lettres Langues Sciences humaines et des Soci\u00e9t\u00e9s (UFR LLSHS)Universit\u00e9 Sorbonne Paris Nord99, avenue Jean Baptiste Cl\u00e9ment93430 Villetaneuse Directeur de la publication : le Pr\u00e9sident de l&rsquo;Universit\u00e9 Sorbonne Paris NordResponsable \u00e9ditorial : le Directeur de l&rsquo;UFR LLSHSConception et int\u00e9gration : UFR LLSHS &#8211; Universit\u00e9 Sorbonne Paris NordMoyens techniques, [&hellip;]<\/p>","protected":false},"author":3,"featured_media":10041,"parent":0,"menu_order":0,"comment_status":"closed","ping_status":"closed","template":"elementor_header_footer","meta":{"site-sidebar-layout":"no-sidebar","site-content-layout":"default","ast-site-content-layout":"","site-content-style":"default","site-sidebar-style":"default","ast-global-header-display":"","ast-banner-title-visibility":"","ast-main-header-display":"","ast-hfb-above-header-display":"","ast-hfb-below-header-display":"","ast-hfb-mobile-header-display":"","site-post-title":"","ast-breadcrumbs-content":"","ast-featured-img":"","footer-sml-layout":"","theme-transparent-header-meta":"default","adv-header-id-meta":"","stick-header-meta":"","header-above-stick-meta":"","header-main-stick-meta":"","header-below-stick-meta":"","astra-migrate-meta-layouts":"default","ast-page-background-enabled":"default","ast-page-background-meta":{"desktop":{"background-color":"","background-image":"","background-repeat":"repeat","background-position":"center center","background-size":"auto","background-attachment":"scroll","background-type":"","background-media":"","overlay-type":"","overlay-color":"","overlay-opacity":"","overlay-gradient":""},"tablet":{"background-color":"","background-image":"","background-repeat":"repeat","background-position":"center center","background-size":"auto","background-attachment":"scroll","background-type":"","background-media":"","overlay-type":"","overlay-color":"","overlay-opacity":"","overlay-gradient":""},"mobile":{"background-color":"","background-image":"","background-repeat":"repeat","background-position":"center center","background-size":"auto","background-attachment":"scroll","background-type":"","background-media":"","overlay-type":"","overlay-color":"","overlay-opacity":"","overlay-gradient":""}},"ast-content-background-meta":{"desktop":{"background-color":"var(--ast-global-color-5)","background-image":"","background-repeat":"repeat","background-position":"center center","background-size":"auto","background-attachment":"scroll","background-type":"","background-media":"","overlay-type":"","overlay-color":"","overlay-opacity":"","overlay-gradient":""},"tablet":{"background-color":"var(--ast-global-color-5)","background-image":"","background-repeat":"repeat","background-position":"center center","background-size":"auto","background-attachment":"scroll","background-type":"","background-media":"","overlay-type":"","overlay-color":"","overlay-opacity":"","overlay-gradient":""},"mobile":{"background-color":"var(--ast-global-color-5)","background-image":"","background-repeat":"repeat","background-position":"center center","background-size":"auto","background-attachment":"scroll","background-type":"","background-media":"","overlay-type":"","overlay-color":"","overlay-opacity":"","overlay-gradient":""}},"footnotes":"","_links_to":"","_links_to_target":""},"categories":[],"tags":[],"yoast_head":"<!-- This site is optimized with the Yoast SEO plugin v23.9 - https:\/\/yoast.com\/wordpress\/plugins\/seo\/ -->\n<title>Mentions L\u00e9gales : site \u00e9dit\u00e9 par l&#039;UFR LLSHS<\/title>\n<meta name=\"description\" content=\"Mentions l\u00e9gales : L&#039;ensemble de ce site rel\u00e8ve de la l\u00e9gislation fran\u00e7aise et internationale sur le droit d&#039;auteur et la propri\u00e9t\u00e9 intellectuelle.\" \/>\n<meta name=\"robots\" content=\"index, follow, max-snippet:-1, max-image-preview:large, max-video-preview:-1\" \/>\n<link rel=\"canonical\" href=\"https:\/\/llshs.univ-paris13.fr\/en\/mentions-legales\/\" \/>\n<meta property=\"og:locale\" content=\"en_GB\" \/>\n<meta property=\"og:type\" content=\"article\" \/>\n<meta property=\"og:title\" content=\"Mentions L\u00e9gales : site \u00e9dit\u00e9 par l&#039;UFR LLSHS\" \/>\n<meta property=\"og:description\" content=\"Mentions l\u00e9gales : L&#039;ensemble de ce site rel\u00e8ve de la l\u00e9gislation fran\u00e7aise et internationale sur le droit d&#039;auteur et la propri\u00e9t\u00e9 intellectuelle.\" \/>\n<meta property=\"og:url\" content=\"https:\/\/llshs.univ-paris13.fr\/en\/mentions-legales\/\" \/>\n<meta property=\"og:site_name\" content=\"UFR LLSHS\" \/>\n<meta property=\"article:modified_time\" content=\"2023-10-06T11:40:07+00:00\" \/>\n<meta property=\"og:image\" content=\"https:\/\/llshs.univ-paris13.fr\/wp-content\/uploads\/accueil-nouveaux-etudiants.jpg\" \/>\n\t<meta property=\"og:image:width\" content=\"1200\" \/>\n\t<meta property=\"og:image:height\" content=\"670\" \/>\n\t<meta property=\"og:image:type\" content=\"image\/jpeg\" \/>\n<meta name=\"twitter:card\" content=\"summary_large_image\" \/>\n<meta name=\"twitter:label1\" content=\"Estimated reading time\" \/>\n\t<meta name=\"twitter:data1\" content=\"5 minutes\" \/>\n<script type=\"application\/ld+json\" class=\"yoast-schema-graph\">{\"@context\":\"https:\/\/schema.org\",\"@graph\":[{\"@type\":\"WebPage\",\"@id\":\"https:\/\/llshs.univ-paris13.fr\/mentions-legales\/\",\"url\":\"https:\/\/llshs.univ-paris13.fr\/mentions-legales\/\",\"name\":\"Mentions L\u00e9gales : site \u00e9dit\u00e9 par l'UFR LLSHS\",\"isPartOf\":{\"@id\":\"https:\/\/llshs.univ-paris13.fr\/#website\"},\"primaryImageOfPage\":{\"@id\":\"https:\/\/llshs.univ-paris13.fr\/mentions-legales\/#primaryimage\"},\"image\":{\"@id\":\"https:\/\/llshs.univ-paris13.fr\/mentions-legales\/#primaryimage\"},\"thumbnailUrl\":\"https:\/\/llshs.univ-paris13.fr\/wp-content\/uploads\/accueil-nouveaux-etudiants.jpg\",\"datePublished\":\"2016-04-19T09:00:19+00:00\",\"dateModified\":\"2023-10-06T11:40:07+00:00\",\"description\":\"Mentions l\u00e9gales : L'ensemble de ce site rel\u00e8ve de la l\u00e9gislation fran\u00e7aise et internationale sur le droit d'auteur et la propri\u00e9t\u00e9 intellectuelle.\",\"breadcrumb\":{\"@id\":\"https:\/\/llshs.univ-paris13.fr\/mentions-legales\/#breadcrumb\"},\"inLanguage\":\"en-GB\",\"potentialAction\":[{\"@type\":\"ReadAction\",\"target\":[\"https:\/\/llshs.univ-paris13.fr\/mentions-legales\/\"]}]},{\"@type\":\"ImageObject\",\"inLanguage\":\"en-GB\",\"@id\":\"https:\/\/llshs.univ-paris13.fr\/mentions-legales\/#primaryimage\",\"url\":\"https:\/\/llshs.univ-paris13.fr\/wp-content\/uploads\/accueil-nouveaux-etudiants.jpg\",\"contentUrl\":\"https:\/\/llshs.univ-paris13.fr\/wp-content\/uploads\/accueil-nouveaux-etudiants.jpg\",\"width\":1200,\"height\":670},{\"@type\":\"BreadcrumbList\",\"@id\":\"https:\/\/llshs.univ-paris13.fr\/mentions-legales\/#breadcrumb\",\"itemListElement\":[{\"@type\":\"ListItem\",\"position\":1,\"name\":\"Accueil\",\"item\":\"https:\/\/llshs.univ-paris13.fr\/\"},{\"@type\":\"ListItem\",\"position\":2,\"name\":\"Mentions l\u00e9gales\"}]},{\"@type\":\"WebSite\",\"@id\":\"https:\/\/llshs.univ-paris13.fr\/#website\",\"url\":\"https:\/\/llshs.univ-paris13.fr\/\",\"name\":\"UFR LLSHS\",\"description\":\"UFR LLSHS - Universit\u00e9 Sorbonne Paris Nord\",\"publisher\":{\"@id\":\"https:\/\/llshs.univ-paris13.fr\/#organization\"},\"potentialAction\":[{\"@type\":\"SearchAction\",\"target\":{\"@type\":\"EntryPoint\",\"urlTemplate\":\"https:\/\/llshs.univ-paris13.fr\/?s={search_term_string}\"},\"query-input\":{\"@type\":\"PropertyValueSpecification\",\"valueRequired\":true,\"valueName\":\"search_term_string\"}}],\"inLanguage\":\"en-GB\"},{\"@type\":\"Organization\",\"@id\":\"https:\/\/llshs.univ-paris13.fr\/#organization\",\"name\":\"UFR LLSHS - Universit\u00e9 Sorbonne Paris Nord\",\"url\":\"https:\/\/llshs.univ-paris13.fr\/\",\"logo\":{\"@type\":\"ImageObject\",\"inLanguage\":\"en-GB\",\"@id\":\"https:\/\/llshs.univ-paris13.fr\/#\/schema\/logo\/image\/\",\"url\":\"\",\"contentUrl\":\"\",\"caption\":\"UFR LLSHS - Universit\u00e9 Sorbonne Paris Nord\"},\"image\":{\"@id\":\"https:\/\/llshs.univ-paris13.fr\/#\/schema\/logo\/image\/\"}}]}<\/script>\n<!-- \/ Yoast SEO plugin. -->","yoast_head_json":{"title":"Mentions L\u00e9gales : site \u00e9dit\u00e9 par l'UFR LLSHS","description":"Mentions l\u00e9gales : L'ensemble de ce site rel\u00e8ve de la l\u00e9gislation fran\u00e7aise et internationale sur le droit d'auteur et la propri\u00e9t\u00e9 intellectuelle.","robots":{"index":"index","follow":"follow","max-snippet":"max-snippet:-1","max-image-preview":"max-image-preview:large","max-video-preview":"max-video-preview:-1"},"canonical":"https:\/\/llshs.univ-paris13.fr\/en\/mentions-legales\/","og_locale":"en_GB","og_type":"article","og_title":"Mentions L\u00e9gales : site \u00e9dit\u00e9 par l'UFR LLSHS","og_description":"Mentions l\u00e9gales : L'ensemble de ce site rel\u00e8ve de la l\u00e9gislation fran\u00e7aise et internationale sur le droit d'auteur et la propri\u00e9t\u00e9 intellectuelle.","og_url":"https:\/\/llshs.univ-paris13.fr\/en\/mentions-legales\/","og_site_name":"UFR LLSHS","article_modified_time":"2023-10-06T11:40:07+00:00","og_image":[{"width":1200,"height":670,"url":"https:\/\/llshs.univ-paris13.fr\/wp-content\/uploads\/accueil-nouveaux-etudiants.jpg","type":"image\/jpeg"}],"twitter_card":"summary_large_image","twitter_misc":{"Estimated reading time":"5 minutes"},"schema":{"@context":"https:\/\/schema.org","@graph":[{"@type":"WebPage","@id":"https:\/\/llshs.univ-paris13.fr\/mentions-legales\/","url":"https:\/\/llshs.univ-paris13.fr\/mentions-legales\/","name":"Mentions L\u00e9gales : site \u00e9dit\u00e9 par l'UFR LLSHS","isPartOf":{"@id":"https:\/\/llshs.univ-paris13.fr\/#website"},"primaryImageOfPage":{"@id":"https:\/\/llshs.univ-paris13.fr\/mentions-legales\/#primaryimage"},"image":{"@id":"https:\/\/llshs.univ-paris13.fr\/mentions-legales\/#primaryimage"},"thumbnailUrl":"https:\/\/llshs.univ-paris13.fr\/wp-content\/uploads\/accueil-nouveaux-etudiants.jpg","datePublished":"2016-04-19T09:00:19+00:00","dateModified":"2023-10-06T11:40:07+00:00","description":"Mentions l\u00e9gales : L'ensemble de ce site rel\u00e8ve de la l\u00e9gislation fran\u00e7aise et internationale sur le droit d'auteur et la propri\u00e9t\u00e9 intellectuelle.","breadcrumb":{"@id":"https:\/\/llshs.univ-paris13.fr\/mentions-legales\/#breadcrumb"},"inLanguage":"en-GB","potentialAction":[{"@type":"ReadAction","target":["https:\/\/llshs.univ-paris13.fr\/mentions-legales\/"]}]},{"@type":"ImageObject","inLanguage":"en-GB","@id":"https:\/\/llshs.univ-paris13.fr\/mentions-legales\/#primaryimage","url":"https:\/\/llshs.univ-paris13.fr\/wp-content\/uploads\/accueil-nouveaux-etudiants.jpg","contentUrl":"https:\/\/llshs.univ-paris13.fr\/wp-content\/uploads\/accueil-nouveaux-etudiants.jpg","width":1200,"height":670},{"@type":"BreadcrumbList","@id":"https:\/\/llshs.univ-paris13.fr\/mentions-legales\/#breadcrumb","itemListElement":[{"@type":"ListItem","position":1,"name":"Accueil","item":"https:\/\/llshs.univ-paris13.fr\/"},{"@type":"ListItem","position":2,"name":"Mentions l\u00e9gales"}]},{"@type":"WebSite","@id":"https:\/\/llshs.univ-paris13.fr\/#website","url":"https:\/\/llshs.univ-paris13.fr\/","name":"UFR LLSHS","description":"UFR LLSHS - Universit\u00e9 Sorbonne Paris Nord","publisher":{"@id":"https:\/\/llshs.univ-paris13.fr\/#organization"},"potentialAction":[{"@type":"SearchAction","target":{"@type":"EntryPoint","urlTemplate":"https:\/\/llshs.univ-paris13.fr\/?s={search_term_string}"},"query-input":{"@type":"PropertyValueSpecification","valueRequired":true,"valueName":"search_term_string"}}],"inLanguage":"en-GB"},{"@type":"Organization","@id":"https:\/\/llshs.univ-paris13.fr\/#organization","name":"UFR LLSHS - Universit\u00e9 Sorbonne Paris Nord","url":"https:\/\/llshs.univ-paris13.fr\/","logo":{"@type":"ImageObject","inLanguage":"en-GB","@id":"https:\/\/llshs.univ-paris13.fr\/#\/schema\/logo\/image\/","url":"","contentUrl":"","caption":"UFR LLSHS - Universit\u00e9 Sorbonne Paris Nord"},"image":{"@id":"https:\/\/llshs.univ-paris13.fr\/#\/schema\/logo\/image\/"}}]}},"_links":{"self":[{"href":"https:\/\/llshs.univ-paris13.fr\/en\/wp-json\/wp\/v2\/pages\/5345"}],"collection":[{"href":"https:\/\/llshs.univ-paris13.fr\/en\/wp-json\/wp\/v2\/pages"}],"about":[{"href":"https:\/\/llshs.univ-paris13.fr\/en\/wp-json\/wp\/v2\/types\/page"}],"author":[{"embeddable":true,"href":"https:\/\/llshs.univ-paris13.fr\/en\/wp-json\/wp\/v2\/users\/3"}],"replies":[{"embeddable":true,"href":"https:\/\/llshs.univ-paris13.fr\/en\/wp-json\/wp\/v2\/comments?post=5345"}],"version-history":[{"count":0,"href":"https:\/\/llshs.univ-paris13.fr\/en\/wp-json\/wp\/v2\/pages\/5345\/revisions"}],"wp:featuredmedia":[{"embeddable":true,"href":"https:\/\/llshs.univ-paris13.fr\/en\/wp-json\/wp\/v2\/media\/10041"}],"wp:attachment":[{"href":"https:\/\/llshs.univ-paris13.fr\/en\/wp-json\/wp\/v2\/media?parent=5345"}],"wp:term":[{"taxonomy":"category","embeddable":true,"href":"https:\/\/llshs.univ-paris13.fr\/en\/wp-json\/wp\/v2\/categories?post=5345"},{"taxonomy":"post_tag","embeddable":true,"href":"https:\/\/llshs.univ-paris13.fr\/en\/wp-json\/wp\/v2\/tags?post=5345"}],"curies":[{"name":"wp","href":"https:\/\/api.w.org\/{rel}","templated":true}]}}