{"id":517,"date":"2015-06-02T10:33:04","date_gmt":"2015-06-02T08:33:04","guid":{"rendered":"https:\/\/llshs.univ-paris13.fr\/?page_id=517-old"},"modified":"2019-04-30T14:15:47","modified_gmt":"2019-04-30T12:15:47","slug":"candidater-au-doctorat","status":"publish","type":"page","link":"https:\/\/llshs.univ-paris13.fr\/en\/candidature-inscriptions\/candidater-au-doctorat\/","title":{"rendered":"Candidater au Doctorat"},"content":{"rendered":"<p><img fetchpriority=\"high\" decoding=\"async\" class=\"alignleft size-full wp-image-1338\" src=\"https:\/\/llshs.univ-paris13.fr\/wp-content\/uploads\/2015\/06\/candidature_doctorat.png\" alt=\"candidature_doctorat\" width=\"1024\" height=\"300\" srcset=\"https:\/\/llshs.univ-paris13.fr\/wp-content\/uploads\/2015\/06\/candidature_doctorat.png 1024w, https:\/\/llshs.univ-paris13.fr\/wp-content\/uploads\/2015\/06\/candidature_doctorat-300x87.png 300w, https:\/\/llshs.univ-paris13.fr\/wp-content\/uploads\/2015\/06\/candidature_doctorat-400x117.png 400w\" sizes=\"(max-width: 1024px) 100vw, 1024px\" \/><\/p>\n<hr \/>\n<p>Les modalit\u00e9s et les conditions d&rsquo;inscriptions pour vous inscrire \u00e0 un Doctorat dans les domaines :<\/p>\n<h5>\n<ul>\n<li>Arts, lettres, Langues,<\/li>\n<li>Sciences humaines et sociales,<\/li>\n<li>Science, Technologie, Sant\u00e9<\/li>\n<\/ul>\n<\/h5>\n<p>sont disponibles sur les sites des Ecoles doctorales <a title=\"Ecole doctorale Erasme Paris 13\" href=\"http:\/\/www.univ-paris13.fr\/ecole-doctorale-erasme\/\" target=\"_blank\" rel=\"noopener noreferrer\">ERASME<\/a> et <a title=\"Ecole doctorale Galil\u00e9e Paris 13\" href=\"http:\/\/www.univ-paris13.fr\/ecole-doctorale-galilee\/\" target=\"_blank\" rel=\"noopener noreferrer\">Galil\u00e9e<\/a>.<\/p>","protected":false},"excerpt":{"rendered":"<p>Les modalit\u00e9s et les conditions d&rsquo;inscriptions pour vous inscrire \u00e0 un Doctorat dans les domaines : Arts, lettres, Langues, Sciences humaines et sociales, Science, Technologie, Sant\u00e9 sont disponibles sur les sites des Ecoles doctorales ERASME et Galil\u00e9e.<\/p>","protected":false},"author":3,"featured_media":0,"parent":509,"menu_order":0,"comment_status":"closed","ping_status":"closed","template":"","meta":{"site-sidebar-layout":"default","site-content-layout":"","ast-site-content-layout":"","site-content-style":"default","site-sidebar-style":"default","ast-global-header-display":"","ast-banner-title-visibility":"","ast-main-header-display":"","ast-hfb-above-header-display":"","ast-hfb-below-header-display":"","ast-hfb-mobile-header-display":"","site-post-title":"","ast-breadcrumbs-content":"","ast-featured-img":"","footer-sml-layout":"","theme-transparent-header-meta":"","adv-header-id-meta":"","stick-header-meta":"","header-above-stick-meta":"","header-main-stick-meta":"","header-below-stick-meta":"","astra-migrate-meta-layouts":"default","ast-page-background-enabled":"default","ast-page-background-meta":{"desktop":{"background-color":"","background-image":"","background-repeat":"repeat","background-position":"center center","background-size":"auto","background-attachment":"scroll","background-type":"","background-media":"","overlay-type":"","overlay-color":"","overlay-opacity":"","overlay-gradient":""},"tablet":{"background-color":"","background-image":"","background-repeat":"repeat","background-position":"center center","background-size":"auto","background-attachment":"scroll","background-type":"","background-media":"","overlay-type":"","overlay-color":"","overlay-opacity":"","overlay-gradient":""},"mobile":{"background-color":"","background-image":"","background-repeat":"repeat","background-position":"center center","background-size":"auto","background-attachment":"scroll","background-type":"","background-media":"","overlay-type":"","overlay-color":"","overlay-opacity":"","overlay-gradient":""}},"ast-content-background-meta":{"desktop":{"background-color":"var(--ast-global-color-5)","background-image":"","background-repeat":"repeat","background-position":"center center","background-size":"auto","background-attachment":"scroll","background-type":"","background-media":"","overlay-type":"","overlay-color":"","overlay-opacity":"","overlay-gradient":""},"tablet":{"background-color":"var(--ast-global-color-5)","background-image":"","background-repeat":"repeat","background-position":"center center","background-size":"auto","background-attachment":"scroll","background-type":"","background-media":"","overlay-type":"","overlay-color":"","overlay-opacity":"","overlay-gradient":""},"mobile":{"background-color":"var(--ast-global-color-5)","background-image":"","background-repeat":"repeat","background-position":"center center","background-size":"auto","background-attachment":"scroll","background-type":"","background-media":"","overlay-type":"","overlay-color":"","overlay-opacity":"","overlay-gradient":""}},"footnotes":"","_links_to":"","_links_to_target":""},"categories":[866,824],"tags":[],"yoast_head":"<!-- This site is optimized with the Yoast SEO plugin v23.9 - https:\/\/yoast.com\/wordpress\/plugins\/seo\/ -->\n<title>Candidater au Doctorat - UFR LLSHS<\/title>\n<meta name=\"robots\" content=\"index, follow, max-snippet:-1, max-image-preview:large, max-video-preview:-1\" \/>\n<link rel=\"canonical\" href=\"https:\/\/llshs.univ-paris13.fr\/en\/candidature-inscriptions\/candidater-au-doctorat\/\" \/>\n<meta property=\"og:locale\" content=\"en_GB\" \/>\n<meta property=\"og:type\" content=\"article\" \/>\n<meta property=\"og:title\" content=\"Candidater au Doctorat - UFR LLSHS\" \/>\n<meta property=\"og:description\" content=\"Les modalit\u00e9s et les conditions d&rsquo;inscriptions pour vous inscrire \u00e0 un Doctorat dans les domaines : Arts, lettres, Langues, Sciences humaines et sociales, Science, Technologie, Sant\u00e9 sont disponibles sur les sites des Ecoles doctorales ERASME et Galil\u00e9e.\" \/>\n<meta property=\"og:url\" content=\"https:\/\/llshs.univ-paris13.fr\/en\/candidature-inscriptions\/candidater-au-doctorat\/\" \/>\n<meta property=\"og:site_name\" content=\"UFR LLSHS\" \/>\n<meta property=\"article:modified_time\" content=\"2019-04-30T12:15:47+00:00\" \/>\n<meta property=\"og:image\" content=\"https:\/\/llshs.univ-paris13.fr\/wp-content\/uploads\/2015\/06\/candidature_doctorat.png\" \/>\n<meta name=\"twitter:card\" content=\"summary_large_image\" \/>\n<script type=\"application\/ld+json\" class=\"yoast-schema-graph\">{\"@context\":\"https:\/\/schema.org\",\"@graph\":[{\"@type\":\"WebPage\",\"@id\":\"https:\/\/llshs.univ-paris13.fr\/candidature-inscriptions\/candidater-au-doctorat\/\",\"url\":\"https:\/\/llshs.univ-paris13.fr\/candidature-inscriptions\/candidater-au-doctorat\/\",\"name\":\"Candidater au Doctorat - UFR LLSHS\",\"isPartOf\":{\"@id\":\"https:\/\/llshs.univ-paris13.fr\/#website\"},\"primaryImageOfPage\":{\"@id\":\"https:\/\/llshs.univ-paris13.fr\/candidature-inscriptions\/candidater-au-doctorat\/#primaryimage\"},\"image\":{\"@id\":\"https:\/\/llshs.univ-paris13.fr\/candidature-inscriptions\/candidater-au-doctorat\/#primaryimage\"},\"thumbnailUrl\":\"https:\/\/llshs.univ-paris13.fr\/wp-content\/uploads\/2015\/06\/candidature_doctorat.png\",\"datePublished\":\"2015-06-02T08:33:04+00:00\",\"dateModified\":\"2019-04-30T12:15:47+00:00\",\"breadcrumb\":{\"@id\":\"https:\/\/llshs.univ-paris13.fr\/candidature-inscriptions\/candidater-au-doctorat\/#breadcrumb\"},\"inLanguage\":\"en-GB\",\"potentialAction\":[{\"@type\":\"ReadAction\",\"target\":[\"https:\/\/llshs.univ-paris13.fr\/candidature-inscriptions\/candidater-au-doctorat\/\"]}]},{\"@type\":\"ImageObject\",\"inLanguage\":\"en-GB\",\"@id\":\"https:\/\/llshs.univ-paris13.fr\/candidature-inscriptions\/candidater-au-doctorat\/#primaryimage\",\"url\":\"https:\/\/llshs.univ-paris13.fr\/wp-content\/uploads\/2015\/06\/candidature_doctorat.png\",\"contentUrl\":\"https:\/\/llshs.univ-paris13.fr\/wp-content\/uploads\/2015\/06\/candidature_doctorat.png\"},{\"@type\":\"BreadcrumbList\",\"@id\":\"https:\/\/llshs.univ-paris13.fr\/candidature-inscriptions\/candidater-au-doctorat\/#breadcrumb\",\"itemListElement\":[{\"@type\":\"ListItem\",\"position\":1,\"name\":\"Accueil\",\"item\":\"https:\/\/llshs.univ-paris13.fr\/\"},{\"@type\":\"ListItem\",\"position\":2,\"name\":\"Candidature &#8211; Inscriptions\",\"item\":\"https:\/\/llshs.univ-paris13.fr\/candidature-inscriptions\/\"},{\"@type\":\"ListItem\",\"position\":3,\"name\":\"Candidater au Doctorat\"}]},{\"@type\":\"WebSite\",\"@id\":\"https:\/\/llshs.univ-paris13.fr\/#website\",\"url\":\"https:\/\/llshs.univ-paris13.fr\/\",\"name\":\"UFR LLSHS\",\"description\":\"UFR LLSHS - Universit\u00e9 Sorbonne Paris Nord\",\"publisher\":{\"@id\":\"https:\/\/llshs.univ-paris13.fr\/#organization\"},\"potentialAction\":[{\"@type\":\"SearchAction\",\"target\":{\"@type\":\"EntryPoint\",\"urlTemplate\":\"https:\/\/llshs.univ-paris13.fr\/?s={search_term_string}\"},\"query-input\":{\"@type\":\"PropertyValueSpecification\",\"valueRequired\":true,\"valueName\":\"search_term_string\"}}],\"inLanguage\":\"en-GB\"},{\"@type\":\"Organization\",\"@id\":\"https:\/\/llshs.univ-paris13.fr\/#organization\",\"name\":\"UFR LLSHS - Universit\u00e9 Sorbonne Paris Nord\",\"url\":\"https:\/\/llshs.univ-paris13.fr\/\",\"logo\":{\"@type\":\"ImageObject\",\"inLanguage\":\"en-GB\",\"@id\":\"https:\/\/llshs.univ-paris13.fr\/#\/schema\/logo\/image\/\",\"url\":\"\",\"contentUrl\":\"\",\"caption\":\"UFR LLSHS - Universit\u00e9 Sorbonne Paris Nord\"},\"image\":{\"@id\":\"https:\/\/llshs.univ-paris13.fr\/#\/schema\/logo\/image\/\"}}]}<\/script>\n<!-- \/ Yoast SEO plugin. -->","yoast_head_json":{"title":"Candidater au Doctorat - UFR LLSHS","robots":{"index":"index","follow":"follow","max-snippet":"max-snippet:-1","max-image-preview":"max-image-preview:large","max-video-preview":"max-video-preview:-1"},"canonical":"https:\/\/llshs.univ-paris13.fr\/en\/candidature-inscriptions\/candidater-au-doctorat\/","og_locale":"en_GB","og_type":"article","og_title":"Candidater au Doctorat - UFR LLSHS","og_description":"Les modalit\u00e9s et les conditions d&rsquo;inscriptions pour vous inscrire \u00e0 un Doctorat dans les domaines : Arts, lettres, Langues, Sciences humaines et sociales, Science, Technologie, Sant\u00e9 sont disponibles sur les sites des Ecoles doctorales ERASME et Galil\u00e9e.","og_url":"https:\/\/llshs.univ-paris13.fr\/en\/candidature-inscriptions\/candidater-au-doctorat\/","og_site_name":"UFR LLSHS","article_modified_time":"2019-04-30T12:15:47+00:00","og_image":[{"url":"https:\/\/llshs.univ-paris13.fr\/wp-content\/uploads\/2015\/06\/candidature_doctorat.png"}],"twitter_card":"summary_large_image","schema":{"@context":"https:\/\/schema.org","@graph":[{"@type":"WebPage","@id":"https:\/\/llshs.univ-paris13.fr\/candidature-inscriptions\/candidater-au-doctorat\/","url":"https:\/\/llshs.univ-paris13.fr\/candidature-inscriptions\/candidater-au-doctorat\/","name":"Candidater au Doctorat - UFR LLSHS","isPartOf":{"@id":"https:\/\/llshs.univ-paris13.fr\/#website"},"primaryImageOfPage":{"@id":"https:\/\/llshs.univ-paris13.fr\/candidature-inscriptions\/candidater-au-doctorat\/#primaryimage"},"image":{"@id":"https:\/\/llshs.univ-paris13.fr\/candidature-inscriptions\/candidater-au-doctorat\/#primaryimage"},"thumbnailUrl":"https:\/\/llshs.univ-paris13.fr\/wp-content\/uploads\/2015\/06\/candidature_doctorat.png","datePublished":"2015-06-02T08:33:04+00:00","dateModified":"2019-04-30T12:15:47+00:00","breadcrumb":{"@id":"https:\/\/llshs.univ-paris13.fr\/candidature-inscriptions\/candidater-au-doctorat\/#breadcrumb"},"inLanguage":"en-GB","potentialAction":[{"@type":"ReadAction","target":["https:\/\/llshs.univ-paris13.fr\/candidature-inscriptions\/candidater-au-doctorat\/"]}]},{"@type":"ImageObject","inLanguage":"en-GB","@id":"https:\/\/llshs.univ-paris13.fr\/candidature-inscriptions\/candidater-au-doctorat\/#primaryimage","url":"https:\/\/llshs.univ-paris13.fr\/wp-content\/uploads\/2015\/06\/candidature_doctorat.png","contentUrl":"https:\/\/llshs.univ-paris13.fr\/wp-content\/uploads\/2015\/06\/candidature_doctorat.png"},{"@type":"BreadcrumbList","@id":"https:\/\/llshs.univ-paris13.fr\/candidature-inscriptions\/candidater-au-doctorat\/#breadcrumb","itemListElement":[{"@type":"ListItem","position":1,"name":"Accueil","item":"https:\/\/llshs.univ-paris13.fr\/"},{"@type":"ListItem","position":2,"name":"Candidature &#8211; Inscriptions","item":"https:\/\/llshs.univ-paris13.fr\/candidature-inscriptions\/"},{"@type":"ListItem","position":3,"name":"Candidater au Doctorat"}]},{"@type":"WebSite","@id":"https:\/\/llshs.univ-paris13.fr\/#website","url":"https:\/\/llshs.univ-paris13.fr\/","name":"UFR LLSHS","description":"UFR LLSHS - Universit\u00e9 Sorbonne Paris Nord","publisher":{"@id":"https:\/\/llshs.univ-paris13.fr\/#organization"},"potentialAction":[{"@type":"SearchAction","target":{"@type":"EntryPoint","urlTemplate":"https:\/\/llshs.univ-paris13.fr\/?s={search_term_string}"},"query-input":{"@type":"PropertyValueSpecification","valueRequired":true,"valueName":"search_term_string"}}],"inLanguage":"en-GB"},{"@type":"Organization","@id":"https:\/\/llshs.univ-paris13.fr\/#organization","name":"UFR LLSHS - Universit\u00e9 Sorbonne Paris Nord","url":"https:\/\/llshs.univ-paris13.fr\/","logo":{"@type":"ImageObject","inLanguage":"en-GB","@id":"https:\/\/llshs.univ-paris13.fr\/#\/schema\/logo\/image\/","url":"","contentUrl":"","caption":"UFR LLSHS - Universit\u00e9 Sorbonne Paris Nord"},"image":{"@id":"https:\/\/llshs.univ-paris13.fr\/#\/schema\/logo\/image\/"}}]}},"_links":{"self":[{"href":"https:\/\/llshs.univ-paris13.fr\/en\/wp-json\/wp\/v2\/pages\/517"}],"collection":[{"href":"https:\/\/llshs.univ-paris13.fr\/en\/wp-json\/wp\/v2\/pages"}],"about":[{"href":"https:\/\/llshs.univ-paris13.fr\/en\/wp-json\/wp\/v2\/types\/page"}],"author":[{"embeddable":true,"href":"https:\/\/llshs.univ-paris13.fr\/en\/wp-json\/wp\/v2\/users\/3"}],"replies":[{"embeddable":true,"href":"https:\/\/llshs.univ-paris13.fr\/en\/wp-json\/wp\/v2\/comments?post=517"}],"version-history":[{"count":0,"href":"https:\/\/llshs.univ-paris13.fr\/en\/wp-json\/wp\/v2\/pages\/517\/revisions"}],"up":[{"embeddable":true,"href":"https:\/\/llshs.univ-paris13.fr\/en\/wp-json\/wp\/v2\/pages\/509"}],"wp:attachment":[{"href":"https:\/\/llshs.univ-paris13.fr\/en\/wp-json\/wp\/v2\/media?parent=517"}],"wp:term":[{"taxonomy":"category","embeddable":true,"href":"https:\/\/llshs.univ-paris13.fr\/en\/wp-json\/wp\/v2\/categories?post=517"},{"taxonomy":"post_tag","embeddable":true,"href":"https:\/\/llshs.univ-paris13.fr\/en\/wp-json\/wp\/v2\/tags?post=517"}],"curies":[{"name":"wp","href":"https:\/\/api.w.org\/{rel}","templated":true}]}}