{"id":4632,"date":"2016-03-30T10:33:03","date_gmt":"2016-03-30T09:33:03","guid":{"rendered":"https:\/\/llshs.univ-paris13.fr\/?page_id=4632-old"},"modified":"2018-12-03T17:43:45","modified_gmt":"2018-12-03T16:43:45","slug":"glossaire-before-import","status":"publish","type":"page","link":"https:\/\/llshs.univ-paris13.fr\/en\/glossaire-before-import\/","title":{"rendered":"Glossaire des sigles et acronymes [OLD]"},"content":{"rendered":"<p><strong>BO ou BOEN <\/strong>: Le <em>Bulletin officiel de l&rsquo;Education nationale<\/em> publie les textes officiels qui nous concernent.<\/p>\n<p><strong>CAPES<\/strong> : Certificat d&rsquo;aptitude au professorat de l&rsquo;enseignement secondaire, s&rsquo;obtient par concours apr\u00e8s la licence et offre un poste de titulaire dans l&rsquo;enseignement secondaire. Voir plus loin \u00ab\u00a0Concours\u00a0\u00bb.<\/p>\n<p><strong>CC<\/strong> : Contr\u00f4le continu. La modalit\u00e9 de contr\u00f4le qui s&rsquo;impose \u00e0 tous les \u00e9tudiants (sauf d\u00e9rogation, voir CT): ils sont jug\u00e9s sur plusieurs travaux effectu\u00e9s au sein de chacun des enseignements au long du semestre.<\/p>\n<p><strong>CM<\/strong> : Cours magistral (conf\u00e9rence de l&rsquo;enseignant ou enseignement plus directif, en particulier pour les enseignements tr\u00e8s sp\u00e9cialis\u00e9s en second cycle).<\/p>\n<p><strong>CT<\/strong> : Contr\u00f4le terminal. C&rsquo;est la modalit\u00e9 de contr\u00f4le exceptionnelle (d\u00e9rogation \u00e0 demander) pour les \u00e9tudiants qui font la preuve qu&rsquo;ils sont emp\u00each\u00e9s d&rsquo;assister r\u00e9guli\u00e8rement aux cours pour motif de travail salari\u00e9 ou autre. L&rsquo;\u00e9tudiant n&rsquo;est alors jug\u00e9 que sur un seul jeu d&rsquo;\u00e9preuves en fin de semestre.<\/p>\n<p><strong>DST<\/strong> : \u00ab\u00a0Devoir sur table\u00a0\u00bb, c&rsquo;est-\u00e0-dire en temps limit\u00e9 sous surveillance, ou examen partiel.<\/p>\n<p><strong>EC<\/strong> : El\u00e9ment constitutif. Les \u00e9l\u00e9ments constitutifs entrent dans la composition des unit\u00e9s d&rsquo;enseignements.<\/p>\n<p><strong>ECTS<\/strong> : <em>European credit transfer system<\/em>. C&rsquo;est l&rsquo;unit\u00e9 de conversion des enseignements dans toute l&rsquo;Europe. Avec le programme Socrates\/Erasmus (voir en fin de brochure), elle facilite la mobilit\u00e9 des \u00e9tudiants.<\/p>\n<p><strong>LMD <\/strong>: <strong>l<\/strong>icence, <strong>m<\/strong>aster, <strong>d<\/strong>octorat. Nom familier de la r\u00e9forme, dite aussi 3-5-8, qui s&rsquo;applique, progressivement, \u00e0 toutes les universit\u00e9s et qui restructure l&rsquo;articulation entre ces trois niveaux.<\/p>\n<p><strong>LLSHS<\/strong> : Lettres, Langues, Sciences humaines et des soci\u00e9t\u00e9s : c&rsquo;est le nom de l&rsquo;UFR \u00e0 laquelle appartient votre d\u00e9partement de formation<\/p>\n<p><strong>TD<\/strong> : Travaux dirig\u00e9s (enseignement largement fond\u00e9 sur un dialogue entre les \u00e9tudiants et l&rsquo;enseignant)<\/p>\n<p><strong>TP<\/strong> : Travaux pratiques, essentiellement exercices sous la conduite d&rsquo;un enseignant, par exemple avec les lecteurs au laboratoire de langues vivantes.<\/p>\n<p><strong>UE<\/strong> : Unit\u00e9 d&rsquo;enseignements. C&rsquo;est le nom que portent les unit\u00e9s de base de la structure modulaire des dipl\u00f4mes. Une unit\u00e9 d&rsquo;enseignements est elle-m\u00eame compos\u00e9e d&rsquo;un ou plusieurs \u00e9l\u00e9ments constitutifs.<\/p>\n<ul>\n<li><strong>UEF <\/strong> : Unit\u00e9 d\u2019enseignement fondamental<\/li>\n<li><strong>UET <\/strong> : Unit\u00e9 d\u2019enseignement tranversal<\/li>\n<li><strong>UEP <\/strong> : Unit\u00e9 d\u2019enseignement de parcours<\/li>\n<\/ul>\n<p><strong>UFR <\/strong>: Unit\u00e9 de formation et de recherche. Regroupement de plusieurs formations, avec un conseil \u00e9lu (y compris des repr\u00e9sentants \u00e9tudiants) et une direction \u00e9lue. L&rsquo;UFR correspond \u00e0 peu pr\u00e8s aux anciennes facult\u00e9s, dont plusieurs constituaient une universit\u00e9, ou aux <em>Schools<\/em> de certaines universit\u00e9s anglaises.<\/p>","protected":false},"excerpt":{"rendered":"<p>BO ou BOEN : Le Bulletin officiel de l&rsquo;Education nationale publie les textes officiels qui nous concernent. CAPES : Certificat d&rsquo;aptitude au professorat de l&rsquo;enseignement secondaire, s&rsquo;obtient par concours apr\u00e8s la licence et offre un poste de titulaire dans l&rsquo;enseignement secondaire. Voir plus loin \u00ab\u00a0Concours\u00a0\u00bb. CC : Contr\u00f4le continu. La modalit\u00e9 de contr\u00f4le qui s&rsquo;impose [&hellip;]<\/p>","protected":false},"author":3,"featured_media":0,"parent":0,"menu_order":0,"comment_status":"closed","ping_status":"closed","template":"","meta":{"site-sidebar-layout":"default","site-content-layout":"","ast-site-content-layout":"","site-content-style":"default","site-sidebar-style":"default","ast-global-header-display":"","ast-banner-title-visibility":"","ast-main-header-display":"","ast-hfb-above-header-display":"","ast-hfb-below-header-display":"","ast-hfb-mobile-header-display":"","site-post-title":"","ast-breadcrumbs-content":"","ast-featured-img":"","footer-sml-layout":"","theme-transparent-header-meta":"","adv-header-id-meta":"","stick-header-meta":"","header-above-stick-meta":"","header-main-stick-meta":"","header-below-stick-meta":"","astra-migrate-meta-layouts":"default","ast-page-background-enabled":"default","ast-page-background-meta":{"desktop":{"background-color":"","background-image":"","background-repeat":"repeat","background-position":"center center","background-size":"auto","background-attachment":"scroll","background-type":"","background-media":"","overlay-type":"","overlay-color":"","overlay-opacity":"","overlay-gradient":""},"tablet":{"background-color":"","background-image":"","background-repeat":"repeat","background-position":"center center","background-size":"auto","background-attachment":"scroll","background-type":"","background-media":"","overlay-type":"","overlay-color":"","overlay-opacity":"","overlay-gradient":""},"mobile":{"background-color":"","background-image":"","background-repeat":"repeat","background-position":"center center","background-size":"auto","background-attachment":"scroll","background-type":"","background-media":"","overlay-type":"","overlay-color":"","overlay-opacity":"","overlay-gradient":""}},"ast-content-background-meta":{"desktop":{"background-color":"var(--ast-global-color-5)","background-image":"","background-repeat":"repeat","background-position":"center center","background-size":"auto","background-attachment":"scroll","background-type":"","background-media":"","overlay-type":"","overlay-color":"","overlay-opacity":"","overlay-gradient":""},"tablet":{"background-color":"var(--ast-global-color-5)","background-image":"","background-repeat":"repeat","background-position":"center center","background-size":"auto","background-attachment":"scroll","background-type":"","background-media":"","overlay-type":"","overlay-color":"","overlay-opacity":"","overlay-gradient":""},"mobile":{"background-color":"var(--ast-global-color-5)","background-image":"","background-repeat":"repeat","background-position":"center center","background-size":"auto","background-attachment":"scroll","background-type":"","background-media":"","overlay-type":"","overlay-color":"","overlay-opacity":"","overlay-gradient":""}},"footnotes":"","_links_to":"","_links_to_target":""},"categories":[],"tags":[],"yoast_head":"<!-- This site is optimized with the Yoast SEO plugin v23.9 - https:\/\/yoast.com\/wordpress\/plugins\/seo\/ -->\n<title>Glossaire des sigles et acronymes - tutorat llshs<\/title>\n<meta name=\"description\" content=\"Page de glossaire avec les d\u00e9finitions des sigles couramment utilis\u00e9s pour les \u00e9tudiants.\" \/>\n<meta name=\"robots\" content=\"index, follow, max-snippet:-1, max-image-preview:large, max-video-preview:-1\" \/>\n<link rel=\"canonical\" href=\"https:\/\/llshs.univ-paris13.fr\/en\/glossaire-before-import\/\" \/>\n<meta property=\"og:locale\" content=\"en_GB\" \/>\n<meta property=\"og:type\" content=\"article\" \/>\n<meta property=\"og:title\" content=\"Glossaire des sigles et acronymes - tutorat llshs\" \/>\n<meta property=\"og:description\" content=\"Page de glossaire avec les d\u00e9finitions des sigles couramment utilis\u00e9s pour les \u00e9tudiants.\" \/>\n<meta property=\"og:url\" content=\"https:\/\/llshs.univ-paris13.fr\/en\/glossaire-before-import\/\" \/>\n<meta property=\"og:site_name\" content=\"UFR LLSHS\" \/>\n<meta property=\"article:modified_time\" content=\"2018-12-03T16:43:45+00:00\" \/>\n<meta name=\"twitter:card\" content=\"summary_large_image\" \/>\n<meta name=\"twitter:label1\" content=\"Estimated reading time\" \/>\n\t<meta name=\"twitter:data1\" content=\"2 minutes\" \/>\n<script type=\"application\/ld+json\" class=\"yoast-schema-graph\">{\"@context\":\"https:\/\/schema.org\",\"@graph\":[{\"@type\":\"WebPage\",\"@id\":\"https:\/\/llshs.univ-paris13.fr\/glossaire-before-import\/\",\"url\":\"https:\/\/llshs.univ-paris13.fr\/glossaire-before-import\/\",\"name\":\"Glossaire des sigles et acronymes - tutorat llshs\",\"isPartOf\":{\"@id\":\"https:\/\/llshs.univ-paris13.fr\/#website\"},\"datePublished\":\"2016-03-30T09:33:03+00:00\",\"dateModified\":\"2018-12-03T16:43:45+00:00\",\"description\":\"Page de glossaire avec les d\u00e9finitions des sigles couramment utilis\u00e9s pour les \u00e9tudiants.\",\"breadcrumb\":{\"@id\":\"https:\/\/llshs.univ-paris13.fr\/glossaire-before-import\/#breadcrumb\"},\"inLanguage\":\"en-GB\",\"potentialAction\":[{\"@type\":\"ReadAction\",\"target\":[\"https:\/\/llshs.univ-paris13.fr\/glossaire-before-import\/\"]}]},{\"@type\":\"BreadcrumbList\",\"@id\":\"https:\/\/llshs.univ-paris13.fr\/glossaire-before-import\/#breadcrumb\",\"itemListElement\":[{\"@type\":\"ListItem\",\"position\":1,\"name\":\"Accueil\",\"item\":\"https:\/\/llshs.univ-paris13.fr\/\"},{\"@type\":\"ListItem\",\"position\":2,\"name\":\"Glossaire des sigles et acronymes [OLD]\"}]},{\"@type\":\"WebSite\",\"@id\":\"https:\/\/llshs.univ-paris13.fr\/#website\",\"url\":\"https:\/\/llshs.univ-paris13.fr\/\",\"name\":\"UFR LLSHS\",\"description\":\"UFR LLSHS - Universit\u00e9 Sorbonne Paris Nord\",\"publisher\":{\"@id\":\"https:\/\/llshs.univ-paris13.fr\/#organization\"},\"potentialAction\":[{\"@type\":\"SearchAction\",\"target\":{\"@type\":\"EntryPoint\",\"urlTemplate\":\"https:\/\/llshs.univ-paris13.fr\/?s={search_term_string}\"},\"query-input\":{\"@type\":\"PropertyValueSpecification\",\"valueRequired\":true,\"valueName\":\"search_term_string\"}}],\"inLanguage\":\"en-GB\"},{\"@type\":\"Organization\",\"@id\":\"https:\/\/llshs.univ-paris13.fr\/#organization\",\"name\":\"UFR LLSHS - Universit\u00e9 Sorbonne Paris Nord\",\"url\":\"https:\/\/llshs.univ-paris13.fr\/\",\"logo\":{\"@type\":\"ImageObject\",\"inLanguage\":\"en-GB\",\"@id\":\"https:\/\/llshs.univ-paris13.fr\/#\/schema\/logo\/image\/\",\"url\":\"\",\"contentUrl\":\"\",\"caption\":\"UFR LLSHS - Universit\u00e9 Sorbonne Paris Nord\"},\"image\":{\"@id\":\"https:\/\/llshs.univ-paris13.fr\/#\/schema\/logo\/image\/\"}}]}<\/script>\n<!-- \/ Yoast SEO plugin. -->","yoast_head_json":{"title":"Glossaire des sigles et acronymes - tutorat llshs","description":"Page de glossaire avec les d\u00e9finitions des sigles couramment utilis\u00e9s pour les \u00e9tudiants.","robots":{"index":"index","follow":"follow","max-snippet":"max-snippet:-1","max-image-preview":"max-image-preview:large","max-video-preview":"max-video-preview:-1"},"canonical":"https:\/\/llshs.univ-paris13.fr\/en\/glossaire-before-import\/","og_locale":"en_GB","og_type":"article","og_title":"Glossaire des sigles et acronymes - tutorat llshs","og_description":"Page de glossaire avec les d\u00e9finitions des sigles couramment utilis\u00e9s pour les \u00e9tudiants.","og_url":"https:\/\/llshs.univ-paris13.fr\/en\/glossaire-before-import\/","og_site_name":"UFR LLSHS","article_modified_time":"2018-12-03T16:43:45+00:00","twitter_card":"summary_large_image","twitter_misc":{"Estimated reading time":"2 minutes"},"schema":{"@context":"https:\/\/schema.org","@graph":[{"@type":"WebPage","@id":"https:\/\/llshs.univ-paris13.fr\/glossaire-before-import\/","url":"https:\/\/llshs.univ-paris13.fr\/glossaire-before-import\/","name":"Glossaire des sigles et acronymes - tutorat llshs","isPartOf":{"@id":"https:\/\/llshs.univ-paris13.fr\/#website"},"datePublished":"2016-03-30T09:33:03+00:00","dateModified":"2018-12-03T16:43:45+00:00","description":"Page de glossaire avec les d\u00e9finitions des sigles couramment utilis\u00e9s pour les \u00e9tudiants.","breadcrumb":{"@id":"https:\/\/llshs.univ-paris13.fr\/glossaire-before-import\/#breadcrumb"},"inLanguage":"en-GB","potentialAction":[{"@type":"ReadAction","target":["https:\/\/llshs.univ-paris13.fr\/glossaire-before-import\/"]}]},{"@type":"BreadcrumbList","@id":"https:\/\/llshs.univ-paris13.fr\/glossaire-before-import\/#breadcrumb","itemListElement":[{"@type":"ListItem","position":1,"name":"Accueil","item":"https:\/\/llshs.univ-paris13.fr\/"},{"@type":"ListItem","position":2,"name":"Glossaire des sigles et acronymes [OLD]"}]},{"@type":"WebSite","@id":"https:\/\/llshs.univ-paris13.fr\/#website","url":"https:\/\/llshs.univ-paris13.fr\/","name":"UFR LLSHS","description":"UFR LLSHS - Universit\u00e9 Sorbonne Paris Nord","publisher":{"@id":"https:\/\/llshs.univ-paris13.fr\/#organization"},"potentialAction":[{"@type":"SearchAction","target":{"@type":"EntryPoint","urlTemplate":"https:\/\/llshs.univ-paris13.fr\/?s={search_term_string}"},"query-input":{"@type":"PropertyValueSpecification","valueRequired":true,"valueName":"search_term_string"}}],"inLanguage":"en-GB"},{"@type":"Organization","@id":"https:\/\/llshs.univ-paris13.fr\/#organization","name":"UFR LLSHS - Universit\u00e9 Sorbonne Paris Nord","url":"https:\/\/llshs.univ-paris13.fr\/","logo":{"@type":"ImageObject","inLanguage":"en-GB","@id":"https:\/\/llshs.univ-paris13.fr\/#\/schema\/logo\/image\/","url":"","contentUrl":"","caption":"UFR LLSHS - Universit\u00e9 Sorbonne Paris Nord"},"image":{"@id":"https:\/\/llshs.univ-paris13.fr\/#\/schema\/logo\/image\/"}}]}},"_links":{"self":[{"href":"https:\/\/llshs.univ-paris13.fr\/en\/wp-json\/wp\/v2\/pages\/4632"}],"collection":[{"href":"https:\/\/llshs.univ-paris13.fr\/en\/wp-json\/wp\/v2\/pages"}],"about":[{"href":"https:\/\/llshs.univ-paris13.fr\/en\/wp-json\/wp\/v2\/types\/page"}],"author":[{"embeddable":true,"href":"https:\/\/llshs.univ-paris13.fr\/en\/wp-json\/wp\/v2\/users\/3"}],"replies":[{"embeddable":true,"href":"https:\/\/llshs.univ-paris13.fr\/en\/wp-json\/wp\/v2\/comments?post=4632"}],"version-history":[{"count":0,"href":"https:\/\/llshs.univ-paris13.fr\/en\/wp-json\/wp\/v2\/pages\/4632\/revisions"}],"wp:attachment":[{"href":"https:\/\/llshs.univ-paris13.fr\/en\/wp-json\/wp\/v2\/media?parent=4632"}],"wp:term":[{"taxonomy":"category","embeddable":true,"href":"https:\/\/llshs.univ-paris13.fr\/en\/wp-json\/wp\/v2\/categories?post=4632"},{"taxonomy":"post_tag","embeddable":true,"href":"https:\/\/llshs.univ-paris13.fr\/en\/wp-json\/wp\/v2\/tags?post=4632"}],"curies":[{"name":"wp","href":"https:\/\/api.w.org\/{rel}","templated":true}]}}