{"id":46,"date":"2016-03-17T00:55:15","date_gmt":"2016-03-16T23:55:15","guid":{"rendered":"https:\/\/llshs.univ-paris13.fr\/?page_id=46-old"},"modified":"2020-01-13T13:27:25","modified_gmt":"2020-01-13T12:27:25","slug":"mobilite-etudiant-etranger","status":"publish","type":"page","link":"https:\/\/llshs.univ-paris13.fr\/en\/mobilite-etudiant-etranger\/","title":{"rendered":"\u00c9tudiants \u00e9trangers : venir \u00e9tudier \u00e0 l&rsquo;UFR LLSHS"},"content":{"rendered":"<div data-elementor-type=\"wp-page\" data-elementor-id=\"46\" class=\"elementor elementor-46\">\n\t\t\t\t\t\t\t\t\t<section class=\"elementor-section elementor-top-section elementor-element elementor-element-83ebd84 elementor-section-stretched elementor-section-boxed elementor-section-height-default elementor-section-height-default\" data-id=\"83ebd84\" data-element_type=\"section\" data-settings=\"{&quot;background_background&quot;:&quot;classic&quot;,&quot;stretch_section&quot;:&quot;section-stretched&quot;,&quot;_ha_eqh_enable&quot;:false}\">\n\t\t\t\t\t\t<div class=\"elementor-container elementor-column-gap-default\">\n\t\t\t\t\t<div class=\"elementor-column elementor-col-100 elementor-top-column elementor-element elementor-element-12af25b\" data-id=\"12af25b\" data-element_type=\"column\" data-settings=\"{&quot;background_background&quot;:&quot;classic&quot;}\">\n\t\t\t<div class=\"elementor-widget-wrap elementor-element-populated\">\n\t\t\t\t\t\t\t\t<div class=\"elementor-element elementor-element-46d13b8 elementor-widget elementor-widget-heading\" data-id=\"46d13b8\" data-element_type=\"widget\" data-widget_type=\"heading.default\">\n\t\t\t\t<div class=\"elementor-widget-container\">\n\t\t\t<h2 class=\"elementor-heading-title elementor-size-large\">\u00c9tudiant \u00e9tranger<\/h2>\t\t<\/div>\n\t\t\t\t<\/div>\n\t\t\t\t<div class=\"elementor-element elementor-element-558c4f1 elementor-widget-divider--view-line elementor-widget elementor-widget-divider\" data-id=\"558c4f1\" data-element_type=\"widget\" data-widget_type=\"divider.default\">\n\t\t\t\t<div class=\"elementor-widget-container\">\n\t\t\t\t\t<div class=\"elementor-divider\">\n\t\t\t<span class=\"elementor-divider-separator\">\n\t\t\t\t\t\t<\/span>\n\t\t<\/div>\n\t\t\t\t<\/div>\n\t\t\t\t<\/div>\n\t\t\t\t<div class=\"elementor-element elementor-element-d862e55 elementor-widget elementor-widget-heading\" data-id=\"d862e55\" data-element_type=\"widget\" data-widget_type=\"heading.default\">\n\t\t\t\t<div class=\"elementor-widget-container\">\n\t\t\t<h4 class=\"elementor-heading-title elementor-size-medium\">Venir \u00e9tudier \u00e0 l'UFR LLSHS<\/h4>\t\t<\/div>\n\t\t\t\t<\/div>\n\t\t\t\t\t<\/div>\n\t\t<\/div>\n\t\t\t\t\t\t\t<\/div>\n\t\t<\/section>\n\t\t\t\t<section class=\"elementor-section elementor-top-section elementor-element elementor-element-11bec44d elementor-section-stretched elementor-section-boxed elementor-section-height-default elementor-section-height-default\" data-id=\"11bec44d\" data-element_type=\"section\" data-settings=\"{&quot;stretch_section&quot;:&quot;section-stretched&quot;,&quot;_ha_eqh_enable&quot;:false}\">\n\t\t\t\t\t\t<div class=\"elementor-container elementor-column-gap-default\">\n\t\t\t\t\t<div class=\"elementor-column elementor-col-100 elementor-top-column elementor-element elementor-element-5683df52\" data-id=\"5683df52\" data-element_type=\"column\">\n\t\t\t<div class=\"elementor-widget-wrap elementor-element-populated\">\n\t\t\t\t\t\t\t\t<div class=\"elementor-element elementor-element-600aa63 eael-dual-header-content-align-left elementor-widget elementor-widget-eael-dual-color-header\" data-id=\"600aa63\" data-element_type=\"widget\" data-widget_type=\"eael-dual-color-header.default\">\n\t\t\t\t<div class=\"elementor-widget-container\">\n\t\t\t\t\t\t<div class=\"eael-dual-header\">\n\t\t\t\t<h2 class=\"title\"><span class=\"lead solid-color\">Avant<\/span> <span>votre d\u00e9part<\/span><\/h2>\t\t\t\t<span class=\"subtext\"><\/span>\n\t\t\t\t\t\t\t<\/div>\n\n\t\t\t\t<\/div>\n\t\t\t\t<\/div>\n\t\t\t\t<section class=\"elementor-section elementor-inner-section elementor-element elementor-element-24c302b7 elementor-section-height-min-height elementor-section-content-middle elementor-section-boxed elementor-section-height-default\" data-id=\"24c302b7\" data-element_type=\"section\" data-settings=\"{&quot;_ha_eqh_enable&quot;:false}\">\n\t\t\t\t\t\t<div class=\"elementor-container elementor-column-gap-no\">\n\t\t\t\t\t<div class=\"elementor-column elementor-col-50 elementor-inner-column elementor-element elementor-element-398188e8\" data-id=\"398188e8\" data-element_type=\"column\">\n\t\t\t<div class=\"elementor-widget-wrap elementor-element-populated\">\n\t\t\t\t\t\t\t\t<div class=\"elementor-element elementor-element-2e37a4e5 elementor-widget elementor-widget-text-editor\" data-id=\"2e37a4e5\" data-element_type=\"widget\" data-widget_type=\"text-editor.default\">\n\t\t\t\t<div class=\"elementor-widget-container\">\n\t\t\t\t\t\t\t<p>Si vous \u00eates<\/p>\n<ul>\n<li>\u00e9tranger et non ressortissant de l&rsquo;union europ\u00e9enne ;<\/li>\n<li>et que vous \u00e9tudiez plus de 90 jours en France ;<\/li>\n<\/ul>\n<p>Vous devez entreprendre les d\u00e9marches pour avoir un titre de s\u00e9jour.<\/p>\n<h5>Votre pays d\u00e9pend de CAMPUS FRANCE<\/h5>\n<p>Le titre de s\u00e9jour est d\u00e9livr\u00e9 par le consulat de France dans votre pays de r\u00e9sidence. Apr\u00e8s la visite m\u00e9dicale en France, l&rsquo;<a href=\"http:\/\/www.ofii.fr\/\" target=\"_blank\" rel=\"noopener noreferrer\">Office fran\u00e7aise de l&rsquo;immigration et de l&rsquo;int\u00e9gration<\/a> (OFII) y apposera son cachet.<\/p>\n<h5>Votre pays ne d\u00e9pend pas de la proc\u00e9dure CAMPUS FRANCE<\/h5>\n<p>Vous devez vous adresser aupr\u00e8s de la Pr\u00e9fecture de votre d\u00e9partement de r\u00e9sidence en France en pr\u00e9sentant votre attestation d&rsquo;inscription provisoire.<\/p>\t\t\t\t\t\t<\/div>\n\t\t\t\t<\/div>\n\t\t\t\t\t<\/div>\n\t\t<\/div>\n\t\t\t\t<div class=\"elementor-column elementor-col-50 elementor-inner-column elementor-element elementor-element-b43d60b\" data-id=\"b43d60b\" data-element_type=\"column\" data-settings=\"{&quot;background_background&quot;:&quot;classic&quot;}\">\n\t\t\t<div class=\"elementor-widget-wrap elementor-element-populated\">\n\t\t\t\t\t\t\t\t<div class=\"elementor-element elementor-element-6603209 elementor-widget elementor-widget-spacer\" data-id=\"6603209\" data-element_type=\"widget\" data-widget_type=\"spacer.default\">\n\t\t\t\t<div class=\"elementor-widget-container\">\n\t\t\t\t\t<div class=\"elementor-spacer\">\n\t\t\t<div class=\"elementor-spacer-inner\"><\/div>\n\t\t<\/div>\n\t\t\t\t<\/div>\n\t\t\t\t<\/div>\n\t\t\t\t\t<\/div>\n\t\t<\/div>\n\t\t\t\t\t\t\t<\/div>\n\t\t<\/section>\n\t\t\t\t\t<\/div>\n\t\t<\/div>\n\t\t\t\t\t\t\t<\/div>\n\t\t<\/section>\n\t\t\t\t<section class=\"elementor-section elementor-top-section elementor-element elementor-element-45112ac elementor-section-content-middle elementor-section-stretched elementor-section-boxed elementor-section-height-default elementor-section-height-default\" data-id=\"45112ac\" data-element_type=\"section\" data-settings=\"{&quot;stretch_section&quot;:&quot;section-stretched&quot;,&quot;background_background&quot;:&quot;classic&quot;,&quot;_ha_eqh_enable&quot;:false}\">\n\t\t\t\t\t\t<div class=\"elementor-container elementor-column-gap-default\">\n\t\t\t\t\t<div class=\"elementor-column elementor-col-33 elementor-top-column elementor-element elementor-element-4dd335d\" data-id=\"4dd335d\" data-element_type=\"column\" data-settings=\"{&quot;background_background&quot;:&quot;slideshow&quot;,&quot;background_slideshow_gallery&quot;:[{&quot;id&quot;:10647,&quot;url&quot;:&quot;https:\\\/\\\/llshs.univ-paris13.fr\\\/wp-content\\\/uploads\\\/vignette-international1-1.jpg&quot;},{&quot;id&quot;:10648,&quot;url&quot;:&quot;https:\\\/\\\/llshs.univ-paris13.fr\\\/wp-content\\\/uploads\\\/vignette-international2.jpg&quot;}],&quot;background_slideshow_loop&quot;:&quot;yes&quot;,&quot;background_slideshow_slide_duration&quot;:5000,&quot;background_slideshow_slide_transition&quot;:&quot;fade&quot;,&quot;background_slideshow_transition_duration&quot;:500}\">\n\t\t\t<div class=\"elementor-widget-wrap\">\n\t\t\t\t\t\t\t\t\t<\/div>\n\t\t<\/div>\n\t\t\t\t<div class=\"elementor-column elementor-col-33 elementor-top-column elementor-element elementor-element-3755d95\" data-id=\"3755d95\" data-element_type=\"column\">\n\t\t\t<div class=\"elementor-widget-wrap elementor-element-populated\">\n\t\t\t\t\t\t\t\t<div class=\"elementor-element elementor-element-0b8558f elementor-widget elementor-widget-heading\" data-id=\"0b8558f\" data-element_type=\"widget\" data-widget_type=\"heading.default\">\n\t\t\t\t<div class=\"elementor-widget-container\">\n\t\t\t<h2 class=\"elementor-heading-title elementor-size-large\">Inscription des \u00e9tudiants \u00e9trangers<br>En programme d\u2019\u00e9change<\/h2>\t\t<\/div>\n\t\t\t\t<\/div>\n\t\t\t\t<div class=\"elementor-element elementor-element-d3b005d elementor-widget elementor-widget-text-editor\" data-id=\"d3b005d\" data-element_type=\"widget\" data-widget_type=\"text-editor.default\">\n\t\t\t\t<div class=\"elementor-widget-container\">\n\t\t\t\t\t\t\t<p>L\u2019Universit\u00e9 Paris 13-SPC entretient plus de 450 accords bilat\u00e9raux avec 260 \u00e9tablissements europ\u00e9ens dans le cadre du <a href=\"https:\/\/www.univ-paris13.fr\/erasmus\/\" target=\"_blank\" rel=\"noopener noreferrer\">programme ERASMUS<\/a>. Vous pouvez consulter ici la <a href=\"https:\/\/www.univ-paris13.fr\/wp-content\/uploads\/Web-Erasmus-2014-2021_UFR-LSHS.pdf\" target=\"_blank\" rel=\"noopener noreferrer\">liste des \u00e9tablissements partenaires ERASMUS de l\u2019UFR LLSHS<\/a>.<\/p>\t\t\t\t\t\t<\/div>\n\t\t\t\t<\/div>\n\t\t\t\t\t<\/div>\n\t\t<\/div>\n\t\t\t\t<div class=\"elementor-column elementor-col-33 elementor-top-column elementor-element elementor-element-d43f379\" data-id=\"d43f379\" data-element_type=\"column\">\n\t\t\t<div class=\"elementor-widget-wrap elementor-element-populated\">\n\t\t\t\t\t\t\t\t<div class=\"elementor-element elementor-element-4fd759e elementor-align-center elementor-widget elementor-widget-button\" data-id=\"4fd759e\" data-element_type=\"widget\" data-widget_type=\"button.default\">\n\t\t\t\t<div class=\"elementor-widget-container\">\n\t\t\t\t\t<div class=\"elementor-button-wrapper\">\n\t\t\t<a class=\"elementor-button elementor-button-link elementor-size-sm\" href=\"https:\/\/www.univ-paris13.fr\/en-programme-dechange\/\">\n\t\t\t\t\t\t<span class=\"elementor-button-content-wrapper\">\n\t\t\t\t\t\t<span class=\"elementor-button-text\">Proc\u00e9dure de candidature<\/span>\n\t\t<\/span>\n\t\t\t\t\t<\/a>\n\t\t<\/div>\n\t\t\t\t<\/div>\n\t\t\t\t<\/div>\n\t\t\t\t\t<\/div>\n\t\t<\/div>\n\t\t\t\t\t\t\t<\/div>\n\t\t<\/section>\n\t\t\t\t<section class=\"elementor-section elementor-top-section elementor-element elementor-element-649bc23 elementor-section-stretched elementor-section-boxed elementor-section-height-default elementor-section-height-default\" data-id=\"649bc23\" data-element_type=\"section\" data-settings=\"{&quot;stretch_section&quot;:&quot;section-stretched&quot;,&quot;background_background&quot;:&quot;classic&quot;,&quot;_ha_eqh_enable&quot;:false}\">\n\t\t\t\t\t\t\t<div class=\"elementor-background-overlay\"><\/div>\n\t\t\t\t\t\t\t<div class=\"elementor-container elementor-column-gap-default\">\n\t\t\t\t\t<div class=\"elementor-column elementor-col-100 elementor-top-column elementor-element elementor-element-c730a48\" data-id=\"c730a48\" data-element_type=\"column\">\n\t\t\t<div class=\"elementor-widget-wrap elementor-element-populated\">\n\t\t\t\t\t\t\t\t<div class=\"elementor-element elementor-element-6475127d elementor-widget elementor-widget-heading\" data-id=\"6475127d\" data-element_type=\"widget\" data-widget_type=\"heading.default\">\n\t\t\t\t<div class=\"elementor-widget-container\">\n\t\t\t<h3 class=\"elementor-heading-title elementor-size-large\">Le service des relations internationales (SRI)<\/h3>\t\t<\/div>\n\t\t\t\t<\/div>\n\t\t\t\t<div class=\"elementor-element elementor-element-fba7c55 elementor-view-default elementor-position-top elementor-mobile-position-top elementor-widget elementor-widget-icon-box\" data-id=\"fba7c55\" data-element_type=\"widget\" data-widget_type=\"icon-box.default\">\n\t\t\t\t<div class=\"elementor-widget-container\">\n\t\t\t\t\t<div class=\"elementor-icon-box-wrapper\">\n\t\t\t\t\t\t<div class=\"elementor-icon-box-icon\">\n\t\t\t\t<span  class=\"elementor-icon elementor-animation-\">\n\t\t\t\t<i aria-hidden=\"true\" class=\"fas fa-quote-right\"><\/i>\t\t\t\t<\/span>\n\t\t\t<\/div>\n\t\t\t\t\t\t<div class=\"elementor-icon-box-content\">\n\t\t\t\t<p class=\"elementor-icon-box-title\">\n\t\t\t\t\t<span  >\n\t\t\t\t\t\t\t\t\t\t\t<\/span>\n\t\t\t\t<\/p>\n\t\t\t\t\t\t\t\t\t<p class=\"elementor-icon-box-description\">\n\t\t\t\t\t\tLe SRI est \u00e0 votre disposition pour toutes les d\u00e9marches que vous souhaitez entreprendre pour partir \u00e0 l\u2019\u00e9tranger mais \u00e9galement accueillir les \u00e9tudiants \u00e9trangers en programme d\u2019\u00e9change. N\u2019h\u00e9sitez pas \u00e0 les contacter pour vous aider dans votre d\u00e9marche de mobilit\u00e9.\t\t\t\t\t<\/p>\n\t\t\t\t\t\t\t<\/div>\n\t\t<\/div>\n\t\t\t\t<\/div>\n\t\t\t\t<\/div>\n\t\t\t\t<div class=\"elementor-element elementor-element-a190698 elementor-align-center elementor-widget elementor-widget-button\" data-id=\"a190698\" data-element_type=\"widget\" data-widget_type=\"button.default\">\n\t\t\t\t<div class=\"elementor-widget-container\">\n\t\t\t\t\t<div class=\"elementor-button-wrapper\">\n\t\t\t<a class=\"elementor-button elementor-button-link elementor-size-md\" href=\"https:\/\/www.univ-paris13.fr\/international\/\" target=\"_blank\" rel=\"nofollow\">\n\t\t\t\t\t\t<span class=\"elementor-button-content-wrapper\">\n\t\t\t\t\t\t<span class=\"elementor-button-text\">Contacter le SRI<\/span>\n\t\t<\/span>\n\t\t\t\t\t<\/a>\n\t\t<\/div>\n\t\t\t\t<\/div>\n\t\t\t\t<\/div>\n\t\t\t\t\t<\/div>\n\t\t<\/div>\n\t\t\t\t\t\t\t<\/div>\n\t\t<\/section>\n\t\t\t\t\t\t\t<\/div>","protected":false},"excerpt":{"rendered":"<p>\u00c9tudiant \u00e9tranger Venir \u00e9tudier \u00e0 l&rsquo;UFR LLSHS Avant votre d\u00e9part Si vous \u00eates \u00e9tranger et non ressortissant de l&rsquo;union europ\u00e9enne ; et que vous \u00e9tudiez plus de 90 jours en France ; Vous devez entreprendre les d\u00e9marches pour avoir un titre de s\u00e9jour. Votre pays d\u00e9pend de CAMPUS FRANCE Le titre de s\u00e9jour est d\u00e9livr\u00e9 [&hellip;]<\/p>","protected":false},"author":3,"featured_media":10545,"parent":0,"menu_order":0,"comment_status":"closed","ping_status":"closed","template":"elementor_header_footer","meta":{"site-sidebar-layout":"default","site-content-layout":"default","ast-site-content-layout":"","site-content-style":"default","site-sidebar-style":"default","ast-global-header-display":"","ast-banner-title-visibility":"","ast-main-header-display":"","ast-hfb-above-header-display":"","ast-hfb-below-header-display":"","ast-hfb-mobile-header-display":"","site-post-title":"disabled","ast-breadcrumbs-content":"","ast-featured-img":"disabled","footer-sml-layout":"","theme-transparent-header-meta":"default","adv-header-id-meta":"","stick-header-meta":"","header-above-stick-meta":"","header-main-stick-meta":"","header-below-stick-meta":"","astra-migrate-meta-layouts":"default","ast-page-background-enabled":"default","ast-page-background-meta":{"desktop":{"background-color":"","background-image":"","background-repeat":"repeat","background-position":"center center","background-size":"auto","background-attachment":"scroll","background-type":"","background-media":"","overlay-type":"","overlay-color":"","overlay-opacity":"","overlay-gradient":""},"tablet":{"background-color":"","background-image":"","background-repeat":"repeat","background-position":"center center","background-size":"auto","background-attachment":"scroll","background-type":"","background-media":"","overlay-type":"","overlay-color":"","overlay-opacity":"","overlay-gradient":""},"mobile":{"background-color":"","background-image":"","background-repeat":"repeat","background-position":"center center","background-size":"auto","background-attachment":"scroll","background-type":"","background-media":"","overlay-type":"","overlay-color":"","overlay-opacity":"","overlay-gradient":""}},"ast-content-background-meta":{"desktop":{"background-color":"var(--ast-global-color-5)","background-image":"","background-repeat":"repeat","background-position":"center center","background-size":"auto","background-attachment":"scroll","background-type":"","background-media":"","overlay-type":"","overlay-color":"","overlay-opacity":"","overlay-gradient":""},"tablet":{"background-color":"var(--ast-global-color-5)","background-image":"","background-repeat":"repeat","background-position":"center center","background-size":"auto","background-attachment":"scroll","background-type":"","background-media":"","overlay-type":"","overlay-color":"","overlay-opacity":"","overlay-gradient":""},"mobile":{"background-color":"var(--ast-global-color-5)","background-image":"","background-repeat":"repeat","background-position":"center center","background-size":"auto","background-attachment":"scroll","background-type":"","background-media":"","overlay-type":"","overlay-color":"","overlay-opacity":"","overlay-gradient":""}},"footnotes":"","_links_to":"","_links_to_target":""},"categories":[824],"tags":[1221,1222],"yoast_head":"<!-- This site is optimized with the Yoast SEO plugin v23.9 - https:\/\/yoast.com\/wordpress\/plugins\/seo\/ -->\n<title>Mobilit\u00e9 \u00e9tudiants \u00e9trangers : venir \u00e9tudier \u00e0 l&#039;UFR LLSHS<\/title>\n<meta name=\"description\" content=\"Page d&#039;information pour un \u00e9tudiant \u00e9tranger pour int\u00e9grer une formation LLSHS dans le cadre des programmes d&#039;\u00e9changes ou hors \u00e9change.\" \/>\n<meta name=\"robots\" content=\"index, follow, max-snippet:-1, max-image-preview:large, max-video-preview:-1\" \/>\n<link rel=\"canonical\" href=\"https:\/\/llshs.univ-paris13.fr\/en\/mobilite-etudiant-etranger\/\" \/>\n<meta property=\"og:locale\" content=\"en_GB\" \/>\n<meta property=\"og:type\" content=\"article\" \/>\n<meta property=\"og:title\" content=\"Mobilit\u00e9 \u00e9tudiants \u00e9trangers : venir \u00e9tudier \u00e0 l&#039;UFR LLSHS\" \/>\n<meta property=\"og:description\" content=\"Page d&#039;information pour un \u00e9tudiant \u00e9tranger pour int\u00e9grer une formation LLSHS dans le cadre des programmes d&#039;\u00e9changes ou hors \u00e9change.\" \/>\n<meta property=\"og:url\" content=\"https:\/\/llshs.univ-paris13.fr\/en\/mobilite-etudiant-etranger\/\" \/>\n<meta property=\"og:site_name\" content=\"UFR LLSHS\" \/>\n<meta property=\"article:modified_time\" content=\"2020-01-13T12:27:25+00:00\" \/>\n<meta property=\"og:image\" content=\"https:\/\/llshs.univ-paris13.fr\/wp-content\/uploads\/vignette-international.jpg\" \/>\n\t<meta property=\"og:image:width\" content=\"1200\" \/>\n\t<meta property=\"og:image:height\" content=\"670\" \/>\n\t<meta property=\"og:image:type\" content=\"image\/jpeg\" \/>\n<meta name=\"twitter:card\" content=\"summary_large_image\" \/>\n<meta name=\"twitter:label1\" content=\"Estimated reading time\" \/>\n\t<meta name=\"twitter:data1\" content=\"1 minute\" \/>\n<script type=\"application\/ld+json\" class=\"yoast-schema-graph\">{\"@context\":\"https:\/\/schema.org\",\"@graph\":[{\"@type\":\"WebPage\",\"@id\":\"https:\/\/llshs.univ-paris13.fr\/mobilite-etudiant-etranger\/\",\"url\":\"https:\/\/llshs.univ-paris13.fr\/mobilite-etudiant-etranger\/\",\"name\":\"Mobilit\u00e9 \u00e9tudiants \u00e9trangers : venir \u00e9tudier \u00e0 l'UFR LLSHS\",\"isPartOf\":{\"@id\":\"https:\/\/llshs.univ-paris13.fr\/#website\"},\"primaryImageOfPage\":{\"@id\":\"https:\/\/llshs.univ-paris13.fr\/mobilite-etudiant-etranger\/#primaryimage\"},\"image\":{\"@id\":\"https:\/\/llshs.univ-paris13.fr\/mobilite-etudiant-etranger\/#primaryimage\"},\"thumbnailUrl\":\"https:\/\/llshs.univ-paris13.fr\/wp-content\/uploads\/vignette-international.jpg\",\"datePublished\":\"2016-03-16T23:55:15+00:00\",\"dateModified\":\"2020-01-13T12:27:25+00:00\",\"description\":\"Page d'information pour un \u00e9tudiant \u00e9tranger pour int\u00e9grer une formation LLSHS dans le cadre des programmes d'\u00e9changes ou hors \u00e9change.\",\"breadcrumb\":{\"@id\":\"https:\/\/llshs.univ-paris13.fr\/mobilite-etudiant-etranger\/#breadcrumb\"},\"inLanguage\":\"en-GB\",\"potentialAction\":[{\"@type\":\"ReadAction\",\"target\":[\"https:\/\/llshs.univ-paris13.fr\/mobilite-etudiant-etranger\/\"]}]},{\"@type\":\"ImageObject\",\"inLanguage\":\"en-GB\",\"@id\":\"https:\/\/llshs.univ-paris13.fr\/mobilite-etudiant-etranger\/#primaryimage\",\"url\":\"https:\/\/llshs.univ-paris13.fr\/wp-content\/uploads\/vignette-international.jpg\",\"contentUrl\":\"https:\/\/llshs.univ-paris13.fr\/wp-content\/uploads\/vignette-international.jpg\",\"width\":1200,\"height\":670,\"caption\":\"International\"},{\"@type\":\"BreadcrumbList\",\"@id\":\"https:\/\/llshs.univ-paris13.fr\/mobilite-etudiant-etranger\/#breadcrumb\",\"itemListElement\":[{\"@type\":\"ListItem\",\"position\":1,\"name\":\"Accueil\",\"item\":\"https:\/\/llshs.univ-paris13.fr\/\"},{\"@type\":\"ListItem\",\"position\":2,\"name\":\"venir \u00e9tudier \u00e0 l'UFR LLSHS\"}]},{\"@type\":\"WebSite\",\"@id\":\"https:\/\/llshs.univ-paris13.fr\/#website\",\"url\":\"https:\/\/llshs.univ-paris13.fr\/\",\"name\":\"UFR LLSHS\",\"description\":\"UFR LLSHS - Universit\u00e9 Sorbonne Paris Nord\",\"publisher\":{\"@id\":\"https:\/\/llshs.univ-paris13.fr\/#organization\"},\"potentialAction\":[{\"@type\":\"SearchAction\",\"target\":{\"@type\":\"EntryPoint\",\"urlTemplate\":\"https:\/\/llshs.univ-paris13.fr\/?s={search_term_string}\"},\"query-input\":{\"@type\":\"PropertyValueSpecification\",\"valueRequired\":true,\"valueName\":\"search_term_string\"}}],\"inLanguage\":\"en-GB\"},{\"@type\":\"Organization\",\"@id\":\"https:\/\/llshs.univ-paris13.fr\/#organization\",\"name\":\"UFR LLSHS - Universit\u00e9 Sorbonne Paris Nord\",\"url\":\"https:\/\/llshs.univ-paris13.fr\/\",\"logo\":{\"@type\":\"ImageObject\",\"inLanguage\":\"en-GB\",\"@id\":\"https:\/\/llshs.univ-paris13.fr\/#\/schema\/logo\/image\/\",\"url\":\"\",\"contentUrl\":\"\",\"caption\":\"UFR LLSHS - Universit\u00e9 Sorbonne Paris Nord\"},\"image\":{\"@id\":\"https:\/\/llshs.univ-paris13.fr\/#\/schema\/logo\/image\/\"}}]}<\/script>\n<!-- \/ Yoast SEO plugin. -->","yoast_head_json":{"title":"Mobilit\u00e9 \u00e9tudiants \u00e9trangers : venir \u00e9tudier \u00e0 l'UFR LLSHS","description":"Page d'information pour un \u00e9tudiant \u00e9tranger pour int\u00e9grer une formation LLSHS dans le cadre des programmes d'\u00e9changes ou hors \u00e9change.","robots":{"index":"index","follow":"follow","max-snippet":"max-snippet:-1","max-image-preview":"max-image-preview:large","max-video-preview":"max-video-preview:-1"},"canonical":"https:\/\/llshs.univ-paris13.fr\/en\/mobilite-etudiant-etranger\/","og_locale":"en_GB","og_type":"article","og_title":"Mobilit\u00e9 \u00e9tudiants \u00e9trangers : venir \u00e9tudier \u00e0 l'UFR LLSHS","og_description":"Page d'information pour un \u00e9tudiant \u00e9tranger pour int\u00e9grer une formation LLSHS dans le cadre des programmes d'\u00e9changes ou hors \u00e9change.","og_url":"https:\/\/llshs.univ-paris13.fr\/en\/mobilite-etudiant-etranger\/","og_site_name":"UFR LLSHS","article_modified_time":"2020-01-13T12:27:25+00:00","og_image":[{"width":1200,"height":670,"url":"https:\/\/llshs.univ-paris13.fr\/wp-content\/uploads\/vignette-international.jpg","type":"image\/jpeg"}],"twitter_card":"summary_large_image","twitter_misc":{"Estimated reading time":"1 minute"},"schema":{"@context":"https:\/\/schema.org","@graph":[{"@type":"WebPage","@id":"https:\/\/llshs.univ-paris13.fr\/mobilite-etudiant-etranger\/","url":"https:\/\/llshs.univ-paris13.fr\/mobilite-etudiant-etranger\/","name":"Mobilit\u00e9 \u00e9tudiants \u00e9trangers : venir \u00e9tudier \u00e0 l'UFR LLSHS","isPartOf":{"@id":"https:\/\/llshs.univ-paris13.fr\/#website"},"primaryImageOfPage":{"@id":"https:\/\/llshs.univ-paris13.fr\/mobilite-etudiant-etranger\/#primaryimage"},"image":{"@id":"https:\/\/llshs.univ-paris13.fr\/mobilite-etudiant-etranger\/#primaryimage"},"thumbnailUrl":"https:\/\/llshs.univ-paris13.fr\/wp-content\/uploads\/vignette-international.jpg","datePublished":"2016-03-16T23:55:15+00:00","dateModified":"2020-01-13T12:27:25+00:00","description":"Page d'information pour un \u00e9tudiant \u00e9tranger pour int\u00e9grer une formation LLSHS dans le cadre des programmes d'\u00e9changes ou hors \u00e9change.","breadcrumb":{"@id":"https:\/\/llshs.univ-paris13.fr\/mobilite-etudiant-etranger\/#breadcrumb"},"inLanguage":"en-GB","potentialAction":[{"@type":"ReadAction","target":["https:\/\/llshs.univ-paris13.fr\/mobilite-etudiant-etranger\/"]}]},{"@type":"ImageObject","inLanguage":"en-GB","@id":"https:\/\/llshs.univ-paris13.fr\/mobilite-etudiant-etranger\/#primaryimage","url":"https:\/\/llshs.univ-paris13.fr\/wp-content\/uploads\/vignette-international.jpg","contentUrl":"https:\/\/llshs.univ-paris13.fr\/wp-content\/uploads\/vignette-international.jpg","width":1200,"height":670,"caption":"International"},{"@type":"BreadcrumbList","@id":"https:\/\/llshs.univ-paris13.fr\/mobilite-etudiant-etranger\/#breadcrumb","itemListElement":[{"@type":"ListItem","position":1,"name":"Accueil","item":"https:\/\/llshs.univ-paris13.fr\/"},{"@type":"ListItem","position":2,"name":"venir \u00e9tudier \u00e0 l'UFR LLSHS"}]},{"@type":"WebSite","@id":"https:\/\/llshs.univ-paris13.fr\/#website","url":"https:\/\/llshs.univ-paris13.fr\/","name":"UFR LLSHS","description":"UFR LLSHS - Universit\u00e9 Sorbonne Paris Nord","publisher":{"@id":"https:\/\/llshs.univ-paris13.fr\/#organization"},"potentialAction":[{"@type":"SearchAction","target":{"@type":"EntryPoint","urlTemplate":"https:\/\/llshs.univ-paris13.fr\/?s={search_term_string}"},"query-input":{"@type":"PropertyValueSpecification","valueRequired":true,"valueName":"search_term_string"}}],"inLanguage":"en-GB"},{"@type":"Organization","@id":"https:\/\/llshs.univ-paris13.fr\/#organization","name":"UFR LLSHS - Universit\u00e9 Sorbonne Paris Nord","url":"https:\/\/llshs.univ-paris13.fr\/","logo":{"@type":"ImageObject","inLanguage":"en-GB","@id":"https:\/\/llshs.univ-paris13.fr\/#\/schema\/logo\/image\/","url":"","contentUrl":"","caption":"UFR LLSHS - Universit\u00e9 Sorbonne Paris Nord"},"image":{"@id":"https:\/\/llshs.univ-paris13.fr\/#\/schema\/logo\/image\/"}}]}},"_links":{"self":[{"href":"https:\/\/llshs.univ-paris13.fr\/en\/wp-json\/wp\/v2\/pages\/46"}],"collection":[{"href":"https:\/\/llshs.univ-paris13.fr\/en\/wp-json\/wp\/v2\/pages"}],"about":[{"href":"https:\/\/llshs.univ-paris13.fr\/en\/wp-json\/wp\/v2\/types\/page"}],"author":[{"embeddable":true,"href":"https:\/\/llshs.univ-paris13.fr\/en\/wp-json\/wp\/v2\/users\/3"}],"replies":[{"embeddable":true,"href":"https:\/\/llshs.univ-paris13.fr\/en\/wp-json\/wp\/v2\/comments?post=46"}],"version-history":[{"count":0,"href":"https:\/\/llshs.univ-paris13.fr\/en\/wp-json\/wp\/v2\/pages\/46\/revisions"}],"wp:featuredmedia":[{"embeddable":true,"href":"https:\/\/llshs.univ-paris13.fr\/en\/wp-json\/wp\/v2\/media\/10545"}],"wp:attachment":[{"href":"https:\/\/llshs.univ-paris13.fr\/en\/wp-json\/wp\/v2\/media?parent=46"}],"wp:term":[{"taxonomy":"category","embeddable":true,"href":"https:\/\/llshs.univ-paris13.fr\/en\/wp-json\/wp\/v2\/categories?post=46"},{"taxonomy":"post_tag","embeddable":true,"href":"https:\/\/llshs.univ-paris13.fr\/en\/wp-json\/wp\/v2\/tags?post=46"}],"curies":[{"name":"wp","href":"https:\/\/api.w.org\/{rel}","templated":true}]}}