{"id":2,"date":"2017-11-24T14:40:10","date_gmt":"2017-11-24T13:40:10","guid":{"rendered":"http:\/\/extendthemes.com\/mesmerize\/demos\/demo7\/?page_id=2"},"modified":"2019-10-29T13:04:15","modified_gmt":"2019-10-29T12:04:15","slug":"presentation","status":"publish","type":"page","link":"https:\/\/llshs.univ-paris13.fr\/en\/presentation\/presentation\/","title":{"rendered":"Pr\u00e9sentation"},"content":{"rendered":"<div id=\"presentation\" class=\"content-19 content-section content-section-spacing\" style=\"background-size: cover; background-position: center top; background-image: none; background-color: #f9f9f9;\" data-label=\"Presentation\" data-id=\"content-19\" data-export-id=\"content-19\" data-category=\"content\">\n<div class=\"gridContainer\">\n<div class=\"row\">\n<div class=\"col-sm-6 content-col text-center content-section-spacing shadow\" data-type=\"column\"><i class=\"fa icon fa-magic big color3\"><\/i><\/p>\n<h2 class=\"font-300\"><span style=\"color: #372081;\">L\u2019UFR LLSHS, son conseil et ses Commissions ont pour missions<\/span><\/h2>\n<p class=\"\" style=\"text-align: justify;\">de pr\u00e9parer et mettre en \u0153uvre l\u2019offre de formation et la politique scientifique dans les domaines de formation et les th\u00e9matiques qui rel\u00e8ve de sa comp\u00e9tence ;<\/p>\n<p>d\u2019organiser et d\u2019animer la p\u00e9dagogie au travers des d\u00e9partements de formation ;<\/p>\n<p>d\u2019organiser le suivi et l\u2019auto-\u00e9valuation de la formation ;<\/p>\n<p>de contribuer \u00e0 l\u2019insertion professionnelle et au suivi des dipl\u00f4m\u00e9s ;<\/p>\n<p>d\u2019accro\u00eetre la notori\u00e9t\u00e9 des domaines scientifiques (notamment au niveau international) et la vulgarisation des travaux scientifiques ;<\/p>\n<p>de valoriser des comp\u00e9tences dans les domaines des lettres et des sciences humaines.<\/p>\n<\/div>\n<div class=\"col-sm-5 flexbox-strech center-xs middle-xs no-gutter-col first-xs last-sm\">\n<div class=\"flexbox middle-xs center-xs right-img\" style=\"background-image: url('https:\/\/llshs.univ-paris13.fr\/wp-content\/uploads\/cropped-UFR-LLSHS1-1.jpg');\" data-bg=\"image\"><\/div>\n<\/div>\n<\/div>\n<\/div>\n<\/div>\n<div id=\"overlappable-2\" class=\"overlappable-1 content-section content-section-spacing\" style=\"background-color: #ffffff;\" data-label=\"Overlappable\" data-id=\"overlappable--2\" data-export-id=\"overlappable-1\" data-category=\"overlappable\" data-overlap=\"true\">\n<div class=\"\">\n<div class=\"row shadow-medium center-sm content-center-sm\" data-type=\"row\">\n<div class=\"col-xs-12 col-sm-4 flexcol bg-color-white col-padding col-padding-small-xs\" data-type=\"column\"><i class=\"fa icon fa-graduation-cap color2\"><\/i><\/p>\n<h5 class=\"\">3800 \u00e9tudiants<\/h5>\n<p class=\"\"><span style=\"font-weight: bold;\">3<\/span> Domaines de formation<\/p>\n<p><span style=\"font-weight: bold;\">10<\/span> d\u00e9partements de formation<\/p>\n<p><span style=\"font-weight: bold;\">6<\/span> mentions de Licences<\/p>\n<p><span style=\"font-weight: bold;\">11<\/span> mentions de Masters<\/p>\n<p><a class=\"button color2 outline\" href=\"#\" target=\"_self\" rel=\"noopener noreferrer\" data-cp-link=\"1\" data-icon=\"\">Find out more<\/a><\/p>\n<\/div>\n<div class=\"col-xs-12 col-sm-4 flexcol bg-color2 col-padding col-padding-small-xs inverted\" data-type=\"column\"><i class=\"fa icon white fa-address-book-o color-black\"><\/i><\/p>\n<h5 class=\"inverted\">490 personnels<\/h5>\n<p class=\"\">40 agents administratifs<\/p>\n<p>200 enseignants et enseignants-chercheurs<\/p>\n<p>250 intervenants professionnel<\/p>\n<p><a class=\"button inverted color-white outline\" href=\"#\" target=\"_self\" rel=\"noopener noreferrer\" data-cp-link=\"1\" data-icon=\"\">Find out more<\/a><\/p>\n<\/div>\n<div class=\"col-xs-12 col-sm-4 flexcol bg-color6 col-padding col-padding-small-xs inverted\" data-type=\"column\"><i class=\"fa icon fa-steam-square color2\"><\/i><\/p>\n<h5 class=\"inverted\">Des laboratoires et plateformes<\/h5>\n<p class=\"\">Experice<br \/>\nLeec<br \/>\nPl\u00e9iade<br \/>\nUTRPP<br \/>\nTTN<br \/>\nLudomaker<\/p>\n<p><a class=\"button color2 outline\" href=\"#\" target=\"_self\" rel=\"noopener noreferrer\" data-cp-link=\"1\" data-icon=\"\">Find out more<\/a><\/p>\n<\/div>\n<\/div>\n<\/div>\n<\/div>\n<div id=\"departements-de-formation\" class=\"clients-4 content-section content-section-spacing-small\" style=\"background-color: #ffffff; background-image: none;\" data-label=\"Departements de formation\" data-id=\"clients--2\" data-export-id=\"clients-4\" data-category=\"clients\" data-section-ov=\"1\">\n<div class=\"\">\n<div class=\"row text-center\" data-section-title-area=\"true\">\n<div class=\"section-title-col\" data-type=\"column\">\n<h2 class=\"\">D\u00e9partements de formation<\/h2>\n<\/div>\n<\/div>\n<div class=\"row spaced-cols middle-xs center-xs space-bottom padding-lr\" data-type=\"row\">\n<div class=\"col-xs-6 col-sm-2 col-md-1\"><img decoding=\"async\" class=\"\" title=\"cropped-departement_anglais-2-2.jpg\" src=\"https:\/\/llshs.univ-paris13.fr\/wp-content\/uploads\/cropped-departement_anglais-2-2.jpg\" alt=\"\" \/><\/div>\n<div class=\"col-xs-6 col-sm-2 col-md-1\"><a class=\"\" href=\"#\" data-cp-link=\"1\"><img decoding=\"async\" class=\"\" title=\"cropped-departement_espagnol-1.jpg\" src=\"https:\/\/llshs.univ-paris13.fr\/wp-content\/uploads\/cropped-departement_espagnol-1.jpg\" alt=\"\" \/><\/a><\/div>\n<div class=\"col-xs-6 col-sm-2 col-md-1\"><img decoding=\"async\" class=\"\" title=\"cropped-departement_geographie-1.jpg\" src=\"https:\/\/llshs.univ-paris13.fr\/wp-content\/uploads\/cropped-departement_geographie-1.jpg\" alt=\"\" \/><\/div>\n<div class=\"col-xs-6 col-sm-2 col-md-1\"><img decoding=\"async\" class=\"\" title=\"cropped-departement_histoire-1.jpg\" src=\"https:\/\/llshs.univ-paris13.fr\/wp-content\/uploads\/cropped-departement_histoire-1.jpg\" alt=\"\" \/><\/div>\n<div class=\"col-xs-6 col-sm-2 col-md-1\"><img decoding=\"async\" class=\"\" title=\"cropped-departement_langues-3.jpg\" src=\"https:\/\/llshs.univ-paris13.fr\/wp-content\/uploads\/cropped-departement_langues-3.jpg\" alt=\"\" \/><\/div>\n<div class=\"col-xs-6 col-sm-2 col-md-1\"><img decoding=\"async\" class=\"\" title=\"cropped-departement_linguistique-1.jpg\" src=\"https:\/\/llshs.univ-paris13.fr\/wp-content\/uploads\/cropped-departement_linguistique-1.jpg\" alt=\"\" \/><\/div>\n<div class=\"col-xs-6 col-sm-2 col-md-1\"><img decoding=\"async\" class=\"\" title=\"cropped-departement_litterature-1.jpg\" src=\"https:\/\/llshs.univ-paris13.fr\/wp-content\/uploads\/cropped-departement_litterature-1.jpg\" alt=\"\" \/><\/div>\n<div class=\"col-xs-6 col-sm-2 col-md-1\"><img decoding=\"async\" class=\"\" title=\"cropped-departement_psychophysiologie-4.jpg\" src=\"https:\/\/llshs.univ-paris13.fr\/wp-content\/uploads\/cropped-departement_psychophysiologie-4.jpg\" alt=\"\" \/><\/div>\n<div class=\"col-xs-6 col-sm-2 col-md-1\"><img decoding=\"async\" class=\"\" title=\"cropped-departement_sciences-education-4.jpg\" src=\"https:\/\/llshs.univ-paris13.fr\/wp-content\/uploads\/cropped-departement_sciences-education-4.jpg\" alt=\"\" \/><\/div>\n<div class=\"col-xs-6 col-sm-2 col-md-1\"><img decoding=\"async\" class=\"\" title=\"cropped-departement_psychologie-1.jpg\" src=\"https:\/\/llshs.univ-paris13.fr\/wp-content\/uploads\/cropped-departement_psychologie-1.jpg\" alt=\"\" \/><\/div>\n<\/div>\n<\/div>\n<\/div>\n<div id=\"recherche-formation\" class=\"cta-centered-bg-section content-section content-section-spacing-medium white-text\" style=\"background-color: #f5fafd; background-image: url('https:\/\/llshs.univ-paris13.fr\/wp-content\/uploads\/fond-floou-llshs.jpg'); background-size: cover; background-position: center top;\" data-label=\"Recherche formation\" data-id=\"cta-centered-bg-section\" data-export-id=\"cta-centered-bg-section\" data-category=\"cta\" data-section-ov=\"1\" data-parallax-depth=\"20\">\n<div class=\"gridContainer\">\n<div class=\"row text-center\">\n<div class=\"\" data-type=\"column\">\n<h2 class=\"\">Trouver une formation<\/h2>\n<p><a class=\"button color1\" href=\"#\" target=\"_self\" rel=\"noopener noreferrer\" data-icon=\"fa-search\" data-cp-link=\"1\"> Recherche <\/a><\/p>\n<\/div>\n<\/div>\n<\/div>\n<\/div>\n<div id=\"recherche-1\" class=\"content-2 content-section content-section-spacing content-relative\" style=\"background-color: #f9f9f9; background-image: none;\" data-label=\"Recherche\" data-id=\"content--1\" data-export-id=\"content-2\" data-category=\"content\">\n<div>\n<div class=\"row text-center\" data-section-title-area=\"true\">\n<div class=\"section-title-col\" data-type=\"column\">\n<h2 class=\"\">La Recherche \u00e0 l\u2019UFR<\/h2>\n<\/div>\n<\/div>\n<div class=\"row middle-xs\">\n<div class=\"col-sm-5 bg-image shadow-large-black\" style=\"background-image: url('https:\/\/llshs.univ-paris13.fr\/wp-content\/uploads\/cropped-accueil_recherche.jpg');\" data-bg=\"image\"><\/div>\n<div class=\"col-sm-7 full-col-left-padding full-col-right-padding first-xs last-sm\">\n<div class=\"row\">\n<div class=\"space-bottom-small content-title-col content-left-sm\" data-type=\"column\"><\/div>\n<\/div>\n<div class=\"row spaced-cols content-left-sm\" data-type=\"row\">\n<div class=\"col-xs-6 col-md-12\" data-type=\"column\">\n<h5 class=\"\">EXPERICE (EA3971)<\/h5>\n<p class=\"\" style=\"text-align: justify;\">\n<span style=\"font-weight: bold;\">Directrice :<\/span> Pascale Garnier<br \/>\n<span style=\"font-weight: bold;\">Th\u00e9matiques :<\/span> \u00c9ducation, formation, apprentissages, jeu, loisirs, petite enfance, situations de vuln\u00e9rabilit\u00e9, insertion sociale, biographisation<\/p>\n<\/div>\n<div class=\"col-xs-6 col-md-12\" data-type=\"column\">\n<h5 class=\"\">LEEC (EA4443)<\/h5>\n<p class=\"\" style=\"text-align: justify;\"><span style=\"font-weight: bold;\">Directeur :<\/span> Heiko G. R\u00f6del<\/p>\n<p><span style=\"font-weight: bold;\">Th\u00e9matiques :<\/span> \u00c9tude des m\u00e9canismes, fonction et \u00e9volution des comportements sociaux sur les insectes sociaux, les vers marins et les mammif\u00e8re<\/p>\n<\/div>\n<div class=\"col-xs-6 col-md-12\" data-type=\"column\">\n<h5 class=\"\">Pl\u00e9iade (EA 7338)<\/h5>\n<p class=\"\" style=\"text-align: justify;\"><span style=\"font-weight: bold;\">Directeur :<\/span> Fr\u00e9d\u00e9ric Alexandre<\/p>\n<p><span style=\"font-weight: bold;\">Th\u00e9matiques :<\/span> aires gr\u00e9co-latine, fran\u00e7aise, francophone, anglophone, hispanophone et lusophone, autobiographie, litt\u00e9rature de jeunesse, transferts culturels, sant\u00e9, conflits, histoire du livre, marges urbaines<\/p>\n<\/div>\n<div class=\"col-xs-6 col-md-12\" data-type=\"column\">\n<h5 class=\"\">UTRPP (EA4403)<\/h5>\n<p class=\"\" style=\"text-align: justify;\"><span style=\"font-weight: bold;\">Directeur<\/span> : Florian Houssier<\/p>\n<p><span style=\"font-weight: bold;\">Th\u00e9matique<\/span>s : Processus cognitifs langagiers, psychopathologie des troubles pr\u00e9coces, psychologie clinique du travail, traumatismes psychiques, psychopathologie de l\u2019enfance et de l\u2019adolescence, confiance et langage, masculin\/f\u00e9minin<\/p>\n<\/div>\n<div class=\"col-xs-6 col-md-12\" data-type=\"column\">\n<h5 class=\"\">TTN (\u00c9quipe \u00e9mergente)<\/h5>\n<p class=\"\" style=\"text-align: justify;\"><span style=\"font-weight: bold;\">Directeur :<\/span> Pierre-Andr\u00e9 Buvet<\/p>\n<p><span style=\"font-weight: bold;\">Th\u00e9matiques :<\/span> comparatisme, en diachronie, en dictionnairique, en ing\u00e9nierie documentaire et linguistique, en lexicologie, en litt\u00e9rature, en philologie, en phras\u00e9ologie, en s\u00e9mantique lexicale et textuelle, en syntaxe et en traductologie<\/p>\n<\/div>\n<\/div>\n<\/div>\n<\/div>\n<\/div>\n<\/div>\n<div id=\"actualites\" class=\"content-12 content-section content-section-spacing\" style=\"background-color: #ffffff; background-image: none;\" data-label=\"Actualites\" data-id=\"content--3\" data-export-id=\"content-12\" data-category=\"content\">\n<div class=\"\">\n<div class=\"row text-center\">\n<div class=\"section-title-col\" data-type=\"column\">\n<h2 class=\"\">Actualit\u00e9s<\/h2>\n<\/div>\n<\/div>\n<div class=\"row center-xs middle-xs\">\n<div class=\"col-sm-9\" data-type=\"column\">\n<div class=\"\" data-editable=\"true\" data-name=\"ope-custom-content-shortcode\" data-content-shortcode=\"MEC id=&quot;9273&quot;\">[MEC id=\u00a0\u00bb9273&Prime;]<\/div>\n<p><a class=\"button color1 outline\" href=\"https:\/\/llshs.univ-paris13.fr\/en\/actualites\/\" target=\"_self\" rel=\"noopener noreferrer\" data-cp-link=\"1\" data-icon=\"fa-newspaper-o\">Toutes les actualit\u00e9s et tous les \u00e9v\u00e9nements<\/a><\/p>\n<\/div>\n<\/div>\n<\/div>\n<\/div>","protected":false},"excerpt":{"rendered":"<p>L\u2019UFR LLSHS, son conseil et ses Commissions ont pour missions de pr\u00e9parer et mettre en \u0153uvre l\u2019offre de formation et la politique scientifique dans les domaines de formation et les th\u00e9matiques qui rel\u00e8ve de sa comp\u00e9tence ; d\u2019organiser et d\u2019animer la p\u00e9dagogie au travers des d\u00e9partements de formation ; d\u2019organiser le suivi et l\u2019auto-\u00e9valuation de [&hellip;]<\/p>","protected":false},"author":3,"featured_media":0,"parent":8925,"menu_order":0,"comment_status":"closed","ping_status":"closed","template":"","meta":{"site-sidebar-layout":"default","site-content-layout":"default","ast-site-content-layout":"","site-content-style":"default","site-sidebar-style":"default","ast-global-header-display":"","ast-banner-title-visibility":"","ast-main-header-display":"","ast-hfb-above-header-display":"","ast-hfb-below-header-display":"","ast-hfb-mobile-header-display":"","site-post-title":"","ast-breadcrumbs-content":"","ast-featured-img":"","footer-sml-layout":"","theme-transparent-header-meta":"default","adv-header-id-meta":"","stick-header-meta":"","header-above-stick-meta":"","header-main-stick-meta":"","header-below-stick-meta":"","astra-migrate-meta-layouts":"default","ast-page-background-enabled":"default","ast-page-background-meta":{"desktop":{"background-color":"","background-image":"","background-repeat":"repeat","background-position":"center center","background-size":"auto","background-attachment":"scroll","background-type":"","background-media":"","overlay-type":"","overlay-color":"","overlay-opacity":"","overlay-gradient":""},"tablet":{"background-color":"","background-image":"","background-repeat":"repeat","background-position":"center center","background-size":"auto","background-attachment":"scroll","background-type":"","background-media":"","overlay-type":"","overlay-color":"","overlay-opacity":"","overlay-gradient":""},"mobile":{"background-color":"","background-image":"","background-repeat":"repeat","background-position":"center center","background-size":"auto","background-attachment":"scroll","background-type":"","background-media":"","overlay-type":"","overlay-color":"","overlay-opacity":"","overlay-gradient":""}},"ast-content-background-meta":{"desktop":{"background-color":"var(--ast-global-color-5)","background-image":"","background-repeat":"repeat","background-position":"center center","background-size":"auto","background-attachment":"scroll","background-type":"","background-media":"","overlay-type":"","overlay-color":"","overlay-opacity":"","overlay-gradient":""},"tablet":{"background-color":"var(--ast-global-color-5)","background-image":"","background-repeat":"repeat","background-position":"center center","background-size":"auto","background-attachment":"scroll","background-type":"","background-media":"","overlay-type":"","overlay-color":"","overlay-opacity":"","overlay-gradient":""},"mobile":{"background-color":"var(--ast-global-color-5)","background-image":"","background-repeat":"repeat","background-position":"center center","background-size":"auto","background-attachment":"scroll","background-type":"","background-media":"","overlay-type":"","overlay-color":"","overlay-opacity":"","overlay-gradient":""}},"footnotes":"","_links_to":"","_links_to_target":""},"categories":[],"tags":[],"yoast_head":"<!-- This site is optimized with the Yoast SEO plugin v23.9 - https:\/\/yoast.com\/wordpress\/plugins\/seo\/ -->\n<title>Pr\u00e9sentation - UFR LLSHS<\/title>\n<meta name=\"robots\" content=\"index, follow, max-snippet:-1, max-image-preview:large, max-video-preview:-1\" \/>\n<link rel=\"canonical\" href=\"https:\/\/llshs.univ-paris13.fr\/en\/presentation\/presentation\/\" \/>\n<meta property=\"og:locale\" content=\"en_GB\" \/>\n<meta property=\"og:type\" content=\"article\" \/>\n<meta property=\"og:title\" content=\"Pr\u00e9sentation - UFR LLSHS\" \/>\n<meta property=\"og:description\" content=\"L\u2019UFR LLSHS, son conseil et ses Commissions ont pour missions de pr\u00e9parer et mettre en \u0153uvre l\u2019offre de formation et la politique scientifique dans les domaines de formation et les th\u00e9matiques qui rel\u00e8ve de sa comp\u00e9tence ; d\u2019organiser et d\u2019animer la p\u00e9dagogie au travers des d\u00e9partements de formation ; d\u2019organiser le suivi et l\u2019auto-\u00e9valuation de [&hellip;]\" \/>\n<meta property=\"og:url\" content=\"https:\/\/llshs.univ-paris13.fr\/en\/presentation\/presentation\/\" \/>\n<meta property=\"og:site_name\" content=\"UFR LLSHS\" \/>\n<meta property=\"article:modified_time\" content=\"2019-10-29T12:04:15+00:00\" \/>\n<meta property=\"og:image\" content=\"https:\/\/llshs.univ-paris13.fr\/wp-content\/uploads\/cropped-departement_anglais-2-2.jpg\" \/>\n<meta name=\"twitter:card\" content=\"summary_large_image\" \/>\n<meta name=\"twitter:label1\" content=\"Estimated reading time\" \/>\n\t<meta name=\"twitter:data1\" content=\"2 minutes\" \/>\n<script type=\"application\/ld+json\" class=\"yoast-schema-graph\">{\"@context\":\"https:\/\/schema.org\",\"@graph\":[{\"@type\":\"WebPage\",\"@id\":\"https:\/\/llshs.univ-paris13.fr\/presentation\/presentation\/\",\"url\":\"https:\/\/llshs.univ-paris13.fr\/presentation\/presentation\/\",\"name\":\"Pr\u00e9sentation - UFR LLSHS\",\"isPartOf\":{\"@id\":\"https:\/\/llshs.univ-paris13.fr\/#website\"},\"primaryImageOfPage\":{\"@id\":\"https:\/\/llshs.univ-paris13.fr\/presentation\/presentation\/#primaryimage\"},\"image\":{\"@id\":\"https:\/\/llshs.univ-paris13.fr\/presentation\/presentation\/#primaryimage\"},\"thumbnailUrl\":\"https:\/\/llshs.univ-paris13.fr\/wp-content\/uploads\/cropped-departement_anglais-2-2.jpg\",\"datePublished\":\"2017-11-24T13:40:10+00:00\",\"dateModified\":\"2019-10-29T12:04:15+00:00\",\"breadcrumb\":{\"@id\":\"https:\/\/llshs.univ-paris13.fr\/presentation\/presentation\/#breadcrumb\"},\"inLanguage\":\"en-GB\",\"potentialAction\":[{\"@type\":\"ReadAction\",\"target\":[\"https:\/\/llshs.univ-paris13.fr\/presentation\/presentation\/\"]}]},{\"@type\":\"ImageObject\",\"inLanguage\":\"en-GB\",\"@id\":\"https:\/\/llshs.univ-paris13.fr\/presentation\/presentation\/#primaryimage\",\"url\":\"https:\/\/llshs.univ-paris13.fr\/wp-content\/uploads\/cropped-departement_anglais-2-2.jpg\",\"contentUrl\":\"https:\/\/llshs.univ-paris13.fr\/wp-content\/uploads\/cropped-departement_anglais-2-2.jpg\"},{\"@type\":\"BreadcrumbList\",\"@id\":\"https:\/\/llshs.univ-paris13.fr\/presentation\/presentation\/#breadcrumb\",\"itemListElement\":[{\"@type\":\"ListItem\",\"position\":1,\"name\":\"Accueil\",\"item\":\"https:\/\/llshs.univ-paris13.fr\/\"},{\"@type\":\"ListItem\",\"position\":2,\"name\":\"Pr\u00e9sentation\",\"item\":\"https:\/\/llshs.univ-paris13.fr\/presentation\/\"},{\"@type\":\"ListItem\",\"position\":3,\"name\":\"Pr\u00e9sentation\"}]},{\"@type\":\"WebSite\",\"@id\":\"https:\/\/llshs.univ-paris13.fr\/#website\",\"url\":\"https:\/\/llshs.univ-paris13.fr\/\",\"name\":\"UFR LLSHS\",\"description\":\"UFR LLSHS - Universit\u00e9 Sorbonne Paris Nord\",\"publisher\":{\"@id\":\"https:\/\/llshs.univ-paris13.fr\/#organization\"},\"potentialAction\":[{\"@type\":\"SearchAction\",\"target\":{\"@type\":\"EntryPoint\",\"urlTemplate\":\"https:\/\/llshs.univ-paris13.fr\/?s={search_term_string}\"},\"query-input\":{\"@type\":\"PropertyValueSpecification\",\"valueRequired\":true,\"valueName\":\"search_term_string\"}}],\"inLanguage\":\"en-GB\"},{\"@type\":\"Organization\",\"@id\":\"https:\/\/llshs.univ-paris13.fr\/#organization\",\"name\":\"UFR LLSHS - Universit\u00e9 Sorbonne Paris Nord\",\"url\":\"https:\/\/llshs.univ-paris13.fr\/\",\"logo\":{\"@type\":\"ImageObject\",\"inLanguage\":\"en-GB\",\"@id\":\"https:\/\/llshs.univ-paris13.fr\/#\/schema\/logo\/image\/\",\"url\":\"\",\"contentUrl\":\"\",\"caption\":\"UFR LLSHS - Universit\u00e9 Sorbonne Paris Nord\"},\"image\":{\"@id\":\"https:\/\/llshs.univ-paris13.fr\/#\/schema\/logo\/image\/\"}}]}<\/script>\n<!-- \/ Yoast SEO plugin. -->","yoast_head_json":{"title":"Pr\u00e9sentation - UFR LLSHS","robots":{"index":"index","follow":"follow","max-snippet":"max-snippet:-1","max-image-preview":"max-image-preview:large","max-video-preview":"max-video-preview:-1"},"canonical":"https:\/\/llshs.univ-paris13.fr\/en\/presentation\/presentation\/","og_locale":"en_GB","og_type":"article","og_title":"Pr\u00e9sentation - UFR LLSHS","og_description":"L\u2019UFR LLSHS, son conseil et ses Commissions ont pour missions de pr\u00e9parer et mettre en \u0153uvre l\u2019offre de formation et la politique scientifique dans les domaines de formation et les th\u00e9matiques qui rel\u00e8ve de sa comp\u00e9tence ; d\u2019organiser et d\u2019animer la p\u00e9dagogie au travers des d\u00e9partements de formation ; d\u2019organiser le suivi et l\u2019auto-\u00e9valuation de [&hellip;]","og_url":"https:\/\/llshs.univ-paris13.fr\/en\/presentation\/presentation\/","og_site_name":"UFR LLSHS","article_modified_time":"2019-10-29T12:04:15+00:00","og_image":[{"url":"https:\/\/llshs.univ-paris13.fr\/wp-content\/uploads\/cropped-departement_anglais-2-2.jpg"}],"twitter_card":"summary_large_image","twitter_misc":{"Estimated reading time":"2 minutes"},"schema":{"@context":"https:\/\/schema.org","@graph":[{"@type":"WebPage","@id":"https:\/\/llshs.univ-paris13.fr\/presentation\/presentation\/","url":"https:\/\/llshs.univ-paris13.fr\/presentation\/presentation\/","name":"Pr\u00e9sentation - UFR LLSHS","isPartOf":{"@id":"https:\/\/llshs.univ-paris13.fr\/#website"},"primaryImageOfPage":{"@id":"https:\/\/llshs.univ-paris13.fr\/presentation\/presentation\/#primaryimage"},"image":{"@id":"https:\/\/llshs.univ-paris13.fr\/presentation\/presentation\/#primaryimage"},"thumbnailUrl":"https:\/\/llshs.univ-paris13.fr\/wp-content\/uploads\/cropped-departement_anglais-2-2.jpg","datePublished":"2017-11-24T13:40:10+00:00","dateModified":"2019-10-29T12:04:15+00:00","breadcrumb":{"@id":"https:\/\/llshs.univ-paris13.fr\/presentation\/presentation\/#breadcrumb"},"inLanguage":"en-GB","potentialAction":[{"@type":"ReadAction","target":["https:\/\/llshs.univ-paris13.fr\/presentation\/presentation\/"]}]},{"@type":"ImageObject","inLanguage":"en-GB","@id":"https:\/\/llshs.univ-paris13.fr\/presentation\/presentation\/#primaryimage","url":"https:\/\/llshs.univ-paris13.fr\/wp-content\/uploads\/cropped-departement_anglais-2-2.jpg","contentUrl":"https:\/\/llshs.univ-paris13.fr\/wp-content\/uploads\/cropped-departement_anglais-2-2.jpg"},{"@type":"BreadcrumbList","@id":"https:\/\/llshs.univ-paris13.fr\/presentation\/presentation\/#breadcrumb","itemListElement":[{"@type":"ListItem","position":1,"name":"Accueil","item":"https:\/\/llshs.univ-paris13.fr\/"},{"@type":"ListItem","position":2,"name":"Pr\u00e9sentation","item":"https:\/\/llshs.univ-paris13.fr\/presentation\/"},{"@type":"ListItem","position":3,"name":"Pr\u00e9sentation"}]},{"@type":"WebSite","@id":"https:\/\/llshs.univ-paris13.fr\/#website","url":"https:\/\/llshs.univ-paris13.fr\/","name":"UFR LLSHS","description":"UFR LLSHS - Universit\u00e9 Sorbonne Paris Nord","publisher":{"@id":"https:\/\/llshs.univ-paris13.fr\/#organization"},"potentialAction":[{"@type":"SearchAction","target":{"@type":"EntryPoint","urlTemplate":"https:\/\/llshs.univ-paris13.fr\/?s={search_term_string}"},"query-input":{"@type":"PropertyValueSpecification","valueRequired":true,"valueName":"search_term_string"}}],"inLanguage":"en-GB"},{"@type":"Organization","@id":"https:\/\/llshs.univ-paris13.fr\/#organization","name":"UFR LLSHS - Universit\u00e9 Sorbonne Paris Nord","url":"https:\/\/llshs.univ-paris13.fr\/","logo":{"@type":"ImageObject","inLanguage":"en-GB","@id":"https:\/\/llshs.univ-paris13.fr\/#\/schema\/logo\/image\/","url":"","contentUrl":"","caption":"UFR LLSHS - Universit\u00e9 Sorbonne Paris Nord"},"image":{"@id":"https:\/\/llshs.univ-paris13.fr\/#\/schema\/logo\/image\/"}}]}},"_links":{"self":[{"href":"https:\/\/llshs.univ-paris13.fr\/en\/wp-json\/wp\/v2\/pages\/2"}],"collection":[{"href":"https:\/\/llshs.univ-paris13.fr\/en\/wp-json\/wp\/v2\/pages"}],"about":[{"href":"https:\/\/llshs.univ-paris13.fr\/en\/wp-json\/wp\/v2\/types\/page"}],"author":[{"embeddable":true,"href":"https:\/\/llshs.univ-paris13.fr\/en\/wp-json\/wp\/v2\/users\/3"}],"replies":[{"embeddable":true,"href":"https:\/\/llshs.univ-paris13.fr\/en\/wp-json\/wp\/v2\/comments?post=2"}],"version-history":[{"count":0,"href":"https:\/\/llshs.univ-paris13.fr\/en\/wp-json\/wp\/v2\/pages\/2\/revisions"}],"up":[{"embeddable":true,"href":"https:\/\/llshs.univ-paris13.fr\/en\/wp-json\/wp\/v2\/pages\/8925"}],"wp:attachment":[{"href":"https:\/\/llshs.univ-paris13.fr\/en\/wp-json\/wp\/v2\/media?parent=2"}],"wp:term":[{"taxonomy":"category","embeddable":true,"href":"https:\/\/llshs.univ-paris13.fr\/en\/wp-json\/wp\/v2\/categories?post=2"},{"taxonomy":"post_tag","embeddable":true,"href":"https:\/\/llshs.univ-paris13.fr\/en\/wp-json\/wp\/v2\/tags?post=2"}],"curies":[{"name":"wp","href":"https:\/\/api.w.org\/{rel}","templated":true}]}}