{"id":1626,"date":"2016-02-11T09:41:50","date_gmt":"2016-02-11T08:41:50","guid":{"rendered":"https:\/\/llshs.univ-paris13.fr\/?page_id=1626-old"},"modified":"2019-05-15T14:28:17","modified_gmt":"2019-05-15T12:28:17","slug":"master-meef","status":"publish","type":"page","link":"https:\/\/llshs.univ-paris13.fr\/en\/formations\/master-meef\/","title":{"rendered":"La mention MEEF"},"content":{"rendered":"<ul><li><a href=\"https:\/\/llshs.univ-paris13.fr\/en\/preparation-concours\/master-meef-premier-degre\/\">MEEF 1er degr\u00e9<\/a><\/li><li>MEEF 2nd degr\u00e9 parcours<ul><li><a href=\"https:\/\/llshs.univ-paris13.fr\/en\/preparation-concours\/meef-anglais\/\">Anglais<\/a><\/li><li><a href=\"https:\/\/llshs.univ-paris13.fr\/en\/preparation-concours\/meef-espagnol\/\">Espagnol<\/a><\/li><li><a href=\"https:\/\/llshs.univ-paris13.fr\/en\/preparation-concours\/meef-lettres-modernes\/\">Lettres modernes<\/a><\/li><li><a href=\"https:\/\/llshs.univ-paris13.fr\/en\/preparation-concours\/meef-histoire-geographie\/\">Histoire-G\u00e9ographie<\/a><\/li><\/ul><\/li><\/ul>","protected":false},"excerpt":{"rendered":"<p>MEEF 1er degr\u00e9 MEEF 2nd degr\u00e9 parcours Anglais Espagnol Lettres modernes Histoire-G\u00e9ographie<\/p>","protected":false},"author":3,"featured_media":0,"parent":7609,"menu_order":0,"comment_status":"closed","ping_status":"closed","template":"page-templates\/page-with-right-sidebar.php","meta":{"site-sidebar-layout":"default","site-content-layout":"","ast-site-content-layout":"","site-content-style":"default","site-sidebar-style":"default","ast-global-header-display":"","ast-banner-title-visibility":"","ast-main-header-display":"","ast-hfb-above-header-display":"","ast-hfb-below-header-display":"","ast-hfb-mobile-header-display":"","site-post-title":"","ast-breadcrumbs-content":"","ast-featured-img":"","footer-sml-layout":"","theme-transparent-header-meta":"","adv-header-id-meta":"","stick-header-meta":"","header-above-stick-meta":"","header-main-stick-meta":"","header-below-stick-meta":"","astra-migrate-meta-layouts":"default","ast-page-background-enabled":"default","ast-page-background-meta":{"desktop":{"background-color":"","background-image":"","background-repeat":"repeat","background-position":"center center","background-size":"auto","background-attachment":"scroll","background-type":"","background-media":"","overlay-type":"","overlay-color":"","overlay-opacity":"","overlay-gradient":""},"tablet":{"background-color":"","background-image":"","background-repeat":"repeat","background-position":"center center","background-size":"auto","background-attachment":"scroll","background-type":"","background-media":"","overlay-type":"","overlay-color":"","overlay-opacity":"","overlay-gradient":""},"mobile":{"background-color":"","background-image":"","background-repeat":"repeat","background-position":"center center","background-size":"auto","background-attachment":"scroll","background-type":"","background-media":"","overlay-type":"","overlay-color":"","overlay-opacity":"","overlay-gradient":""}},"ast-content-background-meta":{"desktop":{"background-color":"var(--ast-global-color-5)","background-image":"","background-repeat":"repeat","background-position":"center center","background-size":"auto","background-attachment":"scroll","background-type":"","background-media":"","overlay-type":"","overlay-color":"","overlay-opacity":"","overlay-gradient":""},"tablet":{"background-color":"var(--ast-global-color-5)","background-image":"","background-repeat":"repeat","background-position":"center center","background-size":"auto","background-attachment":"scroll","background-type":"","background-media":"","overlay-type":"","overlay-color":"","overlay-opacity":"","overlay-gradient":""},"mobile":{"background-color":"var(--ast-global-color-5)","background-image":"","background-repeat":"repeat","background-position":"center center","background-size":"auto","background-attachment":"scroll","background-type":"","background-media":"","overlay-type":"","overlay-color":"","overlay-opacity":"","overlay-gradient":""}},"footnotes":"","_links_to":"","_links_to_target":""},"categories":[824],"tags":[],"yoast_head":"<!-- This site is optimized with the Yoast SEO plugin v23.9 - https:\/\/yoast.com\/wordpress\/plugins\/seo\/ -->\n<title>La mention MEEF - UFR LLSHS<\/title>\n<meta name=\"robots\" content=\"index, follow, max-snippet:-1, max-image-preview:large, max-video-preview:-1\" \/>\n<link rel=\"canonical\" href=\"https:\/\/llshs.univ-paris13.fr\/en\/formations\/master-meef\/\" \/>\n<meta property=\"og:locale\" content=\"en_GB\" \/>\n<meta property=\"og:type\" content=\"article\" \/>\n<meta property=\"og:title\" content=\"La mention MEEF - UFR LLSHS\" \/>\n<meta property=\"og:description\" content=\"MEEF 1er degr\u00e9 MEEF 2nd degr\u00e9 parcours Anglais Espagnol Lettres modernes Histoire-G\u00e9ographie\" \/>\n<meta property=\"og:url\" content=\"https:\/\/llshs.univ-paris13.fr\/en\/formations\/master-meef\/\" \/>\n<meta property=\"og:site_name\" content=\"UFR LLSHS\" \/>\n<meta property=\"article:modified_time\" content=\"2019-05-15T12:28:17+00:00\" \/>\n<meta name=\"twitter:card\" content=\"summary_large_image\" \/>\n<script type=\"application\/ld+json\" class=\"yoast-schema-graph\">{\"@context\":\"https:\/\/schema.org\",\"@graph\":[{\"@type\":\"WebPage\",\"@id\":\"https:\/\/llshs.univ-paris13.fr\/formations\/master-meef\/\",\"url\":\"https:\/\/llshs.univ-paris13.fr\/formations\/master-meef\/\",\"name\":\"La mention MEEF - UFR LLSHS\",\"isPartOf\":{\"@id\":\"https:\/\/llshs.univ-paris13.fr\/#website\"},\"datePublished\":\"2016-02-11T08:41:50+00:00\",\"dateModified\":\"2019-05-15T12:28:17+00:00\",\"breadcrumb\":{\"@id\":\"https:\/\/llshs.univ-paris13.fr\/formations\/master-meef\/#breadcrumb\"},\"inLanguage\":\"en-GB\",\"potentialAction\":[{\"@type\":\"ReadAction\",\"target\":[\"https:\/\/llshs.univ-paris13.fr\/formations\/master-meef\/\"]}]},{\"@type\":\"BreadcrumbList\",\"@id\":\"https:\/\/llshs.univ-paris13.fr\/formations\/master-meef\/#breadcrumb\",\"itemListElement\":[{\"@type\":\"ListItem\",\"position\":1,\"name\":\"Accueil\",\"item\":\"https:\/\/llshs.univ-paris13.fr\/\"},{\"@type\":\"ListItem\",\"position\":2,\"name\":\"Formations\",\"item\":\"https:\/\/llshs.univ-paris13.fr\/formations\/\"},{\"@type\":\"ListItem\",\"position\":3,\"name\":\"La mention MEEF\"}]},{\"@type\":\"WebSite\",\"@id\":\"https:\/\/llshs.univ-paris13.fr\/#website\",\"url\":\"https:\/\/llshs.univ-paris13.fr\/\",\"name\":\"UFR LLSHS\",\"description\":\"UFR LLSHS - Universit\u00e9 Sorbonne Paris Nord\",\"publisher\":{\"@id\":\"https:\/\/llshs.univ-paris13.fr\/#organization\"},\"potentialAction\":[{\"@type\":\"SearchAction\",\"target\":{\"@type\":\"EntryPoint\",\"urlTemplate\":\"https:\/\/llshs.univ-paris13.fr\/?s={search_term_string}\"},\"query-input\":{\"@type\":\"PropertyValueSpecification\",\"valueRequired\":true,\"valueName\":\"search_term_string\"}}],\"inLanguage\":\"en-GB\"},{\"@type\":\"Organization\",\"@id\":\"https:\/\/llshs.univ-paris13.fr\/#organization\",\"name\":\"UFR LLSHS - Universit\u00e9 Sorbonne Paris Nord\",\"url\":\"https:\/\/llshs.univ-paris13.fr\/\",\"logo\":{\"@type\":\"ImageObject\",\"inLanguage\":\"en-GB\",\"@id\":\"https:\/\/llshs.univ-paris13.fr\/#\/schema\/logo\/image\/\",\"url\":\"\",\"contentUrl\":\"\",\"caption\":\"UFR LLSHS - Universit\u00e9 Sorbonne Paris Nord\"},\"image\":{\"@id\":\"https:\/\/llshs.univ-paris13.fr\/#\/schema\/logo\/image\/\"}}]}<\/script>\n<!-- \/ Yoast SEO plugin. -->","yoast_head_json":{"title":"La mention MEEF - UFR LLSHS","robots":{"index":"index","follow":"follow","max-snippet":"max-snippet:-1","max-image-preview":"max-image-preview:large","max-video-preview":"max-video-preview:-1"},"canonical":"https:\/\/llshs.univ-paris13.fr\/en\/formations\/master-meef\/","og_locale":"en_GB","og_type":"article","og_title":"La mention MEEF - UFR LLSHS","og_description":"MEEF 1er degr\u00e9 MEEF 2nd degr\u00e9 parcours Anglais Espagnol Lettres modernes Histoire-G\u00e9ographie","og_url":"https:\/\/llshs.univ-paris13.fr\/en\/formations\/master-meef\/","og_site_name":"UFR LLSHS","article_modified_time":"2019-05-15T12:28:17+00:00","twitter_card":"summary_large_image","schema":{"@context":"https:\/\/schema.org","@graph":[{"@type":"WebPage","@id":"https:\/\/llshs.univ-paris13.fr\/formations\/master-meef\/","url":"https:\/\/llshs.univ-paris13.fr\/formations\/master-meef\/","name":"La mention MEEF - UFR LLSHS","isPartOf":{"@id":"https:\/\/llshs.univ-paris13.fr\/#website"},"datePublished":"2016-02-11T08:41:50+00:00","dateModified":"2019-05-15T12:28:17+00:00","breadcrumb":{"@id":"https:\/\/llshs.univ-paris13.fr\/formations\/master-meef\/#breadcrumb"},"inLanguage":"en-GB","potentialAction":[{"@type":"ReadAction","target":["https:\/\/llshs.univ-paris13.fr\/formations\/master-meef\/"]}]},{"@type":"BreadcrumbList","@id":"https:\/\/llshs.univ-paris13.fr\/formations\/master-meef\/#breadcrumb","itemListElement":[{"@type":"ListItem","position":1,"name":"Accueil","item":"https:\/\/llshs.univ-paris13.fr\/"},{"@type":"ListItem","position":2,"name":"Formations","item":"https:\/\/llshs.univ-paris13.fr\/formations\/"},{"@type":"ListItem","position":3,"name":"La mention MEEF"}]},{"@type":"WebSite","@id":"https:\/\/llshs.univ-paris13.fr\/#website","url":"https:\/\/llshs.univ-paris13.fr\/","name":"UFR LLSHS","description":"UFR LLSHS - Universit\u00e9 Sorbonne Paris Nord","publisher":{"@id":"https:\/\/llshs.univ-paris13.fr\/#organization"},"potentialAction":[{"@type":"SearchAction","target":{"@type":"EntryPoint","urlTemplate":"https:\/\/llshs.univ-paris13.fr\/?s={search_term_string}"},"query-input":{"@type":"PropertyValueSpecification","valueRequired":true,"valueName":"search_term_string"}}],"inLanguage":"en-GB"},{"@type":"Organization","@id":"https:\/\/llshs.univ-paris13.fr\/#organization","name":"UFR LLSHS - Universit\u00e9 Sorbonne Paris Nord","url":"https:\/\/llshs.univ-paris13.fr\/","logo":{"@type":"ImageObject","inLanguage":"en-GB","@id":"https:\/\/llshs.univ-paris13.fr\/#\/schema\/logo\/image\/","url":"","contentUrl":"","caption":"UFR LLSHS - Universit\u00e9 Sorbonne Paris Nord"},"image":{"@id":"https:\/\/llshs.univ-paris13.fr\/#\/schema\/logo\/image\/"}}]}},"_links":{"self":[{"href":"https:\/\/llshs.univ-paris13.fr\/en\/wp-json\/wp\/v2\/pages\/1626"}],"collection":[{"href":"https:\/\/llshs.univ-paris13.fr\/en\/wp-json\/wp\/v2\/pages"}],"about":[{"href":"https:\/\/llshs.univ-paris13.fr\/en\/wp-json\/wp\/v2\/types\/page"}],"author":[{"embeddable":true,"href":"https:\/\/llshs.univ-paris13.fr\/en\/wp-json\/wp\/v2\/users\/3"}],"replies":[{"embeddable":true,"href":"https:\/\/llshs.univ-paris13.fr\/en\/wp-json\/wp\/v2\/comments?post=1626"}],"version-history":[{"count":0,"href":"https:\/\/llshs.univ-paris13.fr\/en\/wp-json\/wp\/v2\/pages\/1626\/revisions"}],"up":[{"embeddable":true,"href":"https:\/\/llshs.univ-paris13.fr\/en\/wp-json\/wp\/v2\/pages\/7609"}],"wp:attachment":[{"href":"https:\/\/llshs.univ-paris13.fr\/en\/wp-json\/wp\/v2\/media?parent=1626"}],"wp:term":[{"taxonomy":"category","embeddable":true,"href":"https:\/\/llshs.univ-paris13.fr\/en\/wp-json\/wp\/v2\/categories?post=1626"},{"taxonomy":"post_tag","embeddable":true,"href":"https:\/\/llshs.univ-paris13.fr\/en\/wp-json\/wp\/v2\/tags?post=1626"}],"curies":[{"name":"wp","href":"https:\/\/api.w.org\/{rel}","templated":true}]}}