{"id":13143,"date":"2024-02-16T16:08:19","date_gmt":"2024-02-16T15:08:19","guid":{"rendered":"https:\/\/llshs.univ-paris13.fr\/?page_id=13143"},"modified":"2024-02-18T16:58:09","modified_gmt":"2024-02-18T15:58:09","slug":"sciences-education-formation","status":"publish","type":"page","link":"https:\/\/llshs.univ-paris13.fr\/en\/offre-de-formation\/sciences-education-formation\/","title":{"rendered":"La mention Sciences de l&rsquo;\u00e9ducation et de la formation"},"content":{"rendered":"<div data-elementor-type=\"wp-page\" data-elementor-id=\"13143\" class=\"elementor elementor-13143\">\n\t\t\t\t\t\t\t\t\t<section class=\"elementor-section elementor-top-section elementor-element elementor-element-be8aa40 elementor-section-stretched elementor-section-boxed elementor-section-height-default elementor-section-height-default\" data-id=\"be8aa40\" data-element_type=\"section\" data-settings=\"{&quot;background_background&quot;:&quot;classic&quot;,&quot;stretch_section&quot;:&quot;section-stretched&quot;,&quot;_ha_eqh_enable&quot;:false}\">\n\t\t\t\t\t\t<div class=\"elementor-container elementor-column-gap-default\">\n\t\t\t\t\t<div class=\"elementor-column elementor-col-100 elementor-top-column elementor-element elementor-element-1f77fcd\" data-id=\"1f77fcd\" data-element_type=\"column\">\n\t\t\t<div class=\"elementor-widget-wrap elementor-element-populated\">\n\t\t\t\t\t\t\t\t<div class=\"elementor-element elementor-element-5fc0d89 elementor-widget elementor-widget-heading\" data-id=\"5fc0d89\" data-element_type=\"widget\" data-widget_type=\"heading.default\">\n\t\t\t\t<div class=\"elementor-widget-container\">\n\t\t\t<h1 class=\"elementor-heading-title elementor-size-default\">La mention Sciences de l'\u00e9ducation et de la formation\n<\/h1>\t\t<\/div>\n\t\t\t\t<\/div>\n\t\t\t\t\t<\/div>\n\t\t<\/div>\n\t\t\t\t\t\t\t<\/div>\n\t\t<\/section>\n\t\t<div class=\"elementor-element elementor-element-14c42df e-flex e-con-boxed e-con e-parent\" data-id=\"14c42df\" data-element_type=\"container\" data-settings=\"{&quot;content_width&quot;:&quot;boxed&quot;,&quot;_ha_eqh_enable&quot;:false}\" data-core-v316-plus=\"true\">\n\t\t\t\t\t<div class=\"e-con-inner\">\n\t\t<div class=\"elementor-element elementor-element-beef21d e-con-full e-flex e-con e-child\" data-id=\"beef21d\" data-element_type=\"container\" data-settings=\"{&quot;content_width&quot;:&quot;full&quot;,&quot;_ha_eqh_enable&quot;:false}\">\n\t\t\t\t<div class=\"elementor-element elementor-element-a958df5 elementor-widget elementor-widget-text-editor\" data-id=\"a958df5\" data-element_type=\"widget\" data-widget_type=\"text-editor.default\">\n\t\t\t\t<div class=\"elementor-widget-container\">\n\t\t\t\t\t\t\t<div class=\"elementor-element elementor-element-75e09d7 elementor-widget elementor-widget-text-editor\" data-id=\"75e09d7\" data-element_type=\"widget\" data-widget_type=\"text-editor.default\">\n<div class=\"elementor-widget-container\">\n<p>Le master en <b>Sciences de l\u2019\u00e9ducation et de la formation (SEF) <\/b>de l\u2019universit\u00e9 Sorbonne Paris Nord est un master sp\u00e9cialis\u00e9 dans le domaine des interventions \u00e9ducatives, sociales et culturelles en dehors de l\u2019\u00e9cole, de la petite enfance \u00e0 l\u2019\u00e2ge adulte. Il forme des praticien.e.s et des chercheur.e.s capables de construire, analyser les conditions, mettre en \u0153uvre et \u00e9valuer des projets et des dispositifs sociaux et \u00e9ducatifs, en prenant en compte la diversit\u00e9 des publics et des contextes.<\/p>\n<p>Le master SEF s\u2019appuie sur le laboratoire de recherche en sciences de l\u2019\u00e9ducation&nbsp; <a class=\"external\" href=\"https:\/\/experice.univ-paris13.fr\">EXPERICE<\/a> : Centre de recherches inter-universitaire : Exp\u00e9rience, Ressources culturelles, \u00c9ducation (UR 3971). Il associe des chercheurs des universit\u00e9s de Sorbonne Paris Nord, Paris 8 et Pau. Les enseignements du master b\u00e9n\u00e9ficient ainsi d\u2019une coh\u00e9rence scientifique et d\u2019une m\u00eame \u00e9quipe p\u00e9dagogique. Le master SEF r\u00e9pond ainsi au souci d\u2019int\u00e9grer les \u00e9tudiants chercheurs dans la dynamique des travaux du laboratoire d\u00e8s la premi\u00e8re ann\u00e9e du master.<\/p>\n<\/div>\n<\/div>\t\t\t\t\t\t<\/div>\n\t\t\t\t<\/div>\n\t\t\t\t<div class=\"elementor-element elementor-element-96e8529 elementor-widget elementor-widget-heading\" data-id=\"96e8529\" data-element_type=\"widget\" data-widget_type=\"heading.default\">\n\t\t\t\t<div class=\"elementor-widget-container\">\n\t\t\t<h4 class=\"elementor-heading-title elementor-size-default\">Les parcours de la mention SEF<\/h4>\t\t<\/div>\n\t\t\t\t<\/div>\n\t\t\t\t<div class=\"elementor-element elementor-element-72ff6bd elementor-widget elementor-widget-uael-posts\" data-id=\"72ff6bd\" data-element_type=\"widget\" data-settings=\"{&quot;card_slides_to_show&quot;:2,&quot;card_slides_to_show_tablet&quot;:2,&quot;card_slides_to_show_mobile&quot;:1,&quot;card_pagination_type&quot;:&quot;ajax&quot;}\" data-widget_type=\"uael-posts.card\">\n\t\t\t\t<div class=\"elementor-widget-container\">\n\t\t\t\t\t<div class=\"uael-post__header\">\n\t\t\t\t\t<\/div>\n\t\t<div class=\"uael-post__body\">\n\t\t\t\n\t\t\n\t\t<div class=\"uael-post-grid uael-posts\" data-query-type=\"custom\" data-structure=\"masonry\" data-layout=\"masonry\" data-page=\"13143\" data-skin=\"card\" data-filter-default=\"\" data-offset-top=\"30\" >\n\n\t\t\t\t\t\t\t<div class=\"uael-post-grid__inner uael-post__columns-2 uael-post__columns-tablet-2 uael-post__columns-mobile-1 uael-post-masonry\">\n\t\t\t\n<div class=\"uael-post-wrapper   masters-(shs)\">\n\t<div class=\"uael-post__bg-wrap\">\n\n\t\t\t\t\n\t\t<div class=\"uael-post__inner-wrap\">\n\n\t\t\t\t<div class=\"uael-post__thumbnail\">\n\t\t\t\n\t\t\t<a href=\"https:\/\/llshs.univ-paris13.fr\/en\/formations\/master-sciences-education-insertion-intervention-sociale-territoires\/\" target=\"_self\" title=\"Master mention Sciences de l\u2019\u00e9ducation et de la formation parcours Insertion et intervention sociale sur les territoires (IIST)\"><img fetchpriority=\"high\" decoding=\"async\" width=\"2560\" height=\"1440\" src=\"https:\/\/llshs.univ-paris13.fr\/wp-content\/uploads\/vignette-iist.jpg\" class=\"attachment-full size-full wp-image-10998\" alt=\"Sciences de l&#039;\u00e9ducation et de la formation : Insertion et intervention sociale sur les territoires (IIST)\" srcset=\"https:\/\/llshs.univ-paris13.fr\/wp-content\/uploads\/vignette-iist.jpg 2560w, https:\/\/llshs.univ-paris13.fr\/wp-content\/uploads\/vignette-iist-200x113.jpg 200w, https:\/\/llshs.univ-paris13.fr\/wp-content\/uploads\/vignette-iist-400x225.jpg 400w, https:\/\/llshs.univ-paris13.fr\/wp-content\/uploads\/vignette-iist-1280x720.jpg 1280w, https:\/\/llshs.univ-paris13.fr\/wp-content\/uploads\/vignette-iist-1920x1080.jpg 1920w, https:\/\/llshs.univ-paris13.fr\/wp-content\/uploads\/vignette-iist-500x281.jpg 500w, https:\/\/llshs.univ-paris13.fr\/wp-content\/uploads\/vignette-iist-800x450.jpg 800w, https:\/\/llshs.univ-paris13.fr\/wp-content\/uploads\/vignette-iist-1536x864.jpg 1536w, https:\/\/llshs.univ-paris13.fr\/wp-content\/uploads\/vignette-iist-2048x1152.jpg 2048w\" sizes=\"(max-width: 2560px) 100vw, 2560px\" \/><\/a>\n\t\t\t\t\t<\/div>\n\t\t\n\t\t\t\n\t\t\t<div class=\"uael-post__content-wrap\">\n\n\t\t\t\t\t<h4 class=\"uael-post__title\">\n\n\t\t\n\t\t\t\t\t\t<a href=\"https:\/\/llshs.univ-paris13.fr\/en\/formations\/master-sciences-education-insertion-intervention-sociale-territoires\/\" target=\"_self\">\n\t\t\t\tMaster mention Sciences de l\u2019\u00e9ducation et de la formation parcours Insertion et intervention sociale sur les territoires (IIST)\t\t\t<\/a>\n\n\t\t\t\t<\/h4>\n\t\t<div class=\"uael-post__separator\"><\/div>\t\t\t<\/div>\n\t\t\t\n\t\t<\/div>\n\t\t\n\t<\/div>\n\n<\/div>\n\n<div class=\"uael-post-wrapper   masters-(shs)\">\n\t<div class=\"uael-post__bg-wrap\">\n\n\t\t\t\t\n\t\t<div class=\"uael-post__inner-wrap\">\n\n\t\t\t\t<div class=\"uael-post__thumbnail\">\n\t\t\t\n\t\t\t<a href=\"https:\/\/llshs.univ-paris13.fr\/en\/formations\/master-sciences-education-metiers-petite-enfance\/\" target=\"_self\" title=\"Master mention Sciences de l\u2019\u00e9ducation et de la formation parcours M\u00e9tiers de la petite enfance (MPE)\"><img decoding=\"async\" width=\"1200\" height=\"600\" src=\"https:\/\/llshs.univ-paris13.fr\/wp-content\/uploads\/vignette-mpe.jpeg\" class=\"attachment-full size-full wp-image-13148\" alt=\"Master Sciences de l&#039;\u00e9ducation et de la formation : M\u00e9tiers de la petite enfance (MPE)\" \/><\/a>\n\t\t\t\t\t<\/div>\n\t\t\n\t\t\t\n\t\t\t<div class=\"uael-post__content-wrap\">\n\n\t\t\t\t\t<h4 class=\"uael-post__title\">\n\n\t\t\n\t\t\t\t\t\t<a href=\"https:\/\/llshs.univ-paris13.fr\/en\/formations\/master-sciences-education-metiers-petite-enfance\/\" target=\"_self\">\n\t\t\t\tMaster mention Sciences de l\u2019\u00e9ducation et de la formation parcours M\u00e9tiers de la petite enfance (MPE)\t\t\t<\/a>\n\n\t\t\t\t<\/h4>\n\t\t<div class=\"uael-post__separator\"><\/div>\t\t\t<\/div>\n\t\t\t\n\t\t<\/div>\n\t\t\n\t<\/div>\n\n<\/div>\n\n<div class=\"uael-post-wrapper   masters-(shs)\">\n\t<div class=\"uael-post__bg-wrap\">\n\n\t\t\t\t\n\t\t<div class=\"uael-post__inner-wrap\">\n\n\t\t\t\t<div class=\"uael-post__thumbnail\">\n\t\t\t\n\t\t\t<a href=\"https:\/\/llshs.univ-paris13.fr\/en\/formations\/master-sciences-education-jeu\/\" target=\"_self\" title=\"Master mention Sciences de l\u2019\u00e9ducation et de la formation parcours Sciences du jeu (SDJ)\"><img decoding=\"async\" width=\"2560\" height=\"1440\" src=\"https:\/\/llshs.univ-paris13.fr\/wp-content\/uploads\/vignette-sciences-jeu.jpg\" class=\"attachment-full size-full wp-image-10999\" alt=\"Master Sciences de l&#039;\u00e9ducation et de la formation : Sciences du jeu (SDJ)\" srcset=\"https:\/\/llshs.univ-paris13.fr\/wp-content\/uploads\/vignette-sciences-jeu.jpg 2560w, https:\/\/llshs.univ-paris13.fr\/wp-content\/uploads\/vignette-sciences-jeu-200x113.jpg 200w, https:\/\/llshs.univ-paris13.fr\/wp-content\/uploads\/vignette-sciences-jeu-400x225.jpg 400w, https:\/\/llshs.univ-paris13.fr\/wp-content\/uploads\/vignette-sciences-jeu-1280x720.jpg 1280w, https:\/\/llshs.univ-paris13.fr\/wp-content\/uploads\/vignette-sciences-jeu-1920x1080.jpg 1920w, https:\/\/llshs.univ-paris13.fr\/wp-content\/uploads\/vignette-sciences-jeu-500x281.jpg 500w, https:\/\/llshs.univ-paris13.fr\/wp-content\/uploads\/vignette-sciences-jeu-800x450.jpg 800w, https:\/\/llshs.univ-paris13.fr\/wp-content\/uploads\/vignette-sciences-jeu-1536x864.jpg 1536w, https:\/\/llshs.univ-paris13.fr\/wp-content\/uploads\/vignette-sciences-jeu-2048x1152.jpg 2048w\" sizes=\"(max-width: 2560px) 100vw, 2560px\" \/><\/a>\n\t\t\t\t\t<\/div>\n\t\t\n\t\t\t\n\t\t\t<div class=\"uael-post__content-wrap\">\n\n\t\t\t\t\t<h4 class=\"uael-post__title\">\n\n\t\t\n\t\t\t\t\t\t<a href=\"https:\/\/llshs.univ-paris13.fr\/en\/formations\/master-sciences-education-jeu\/\" target=\"_self\">\n\t\t\t\tMaster mention Sciences de l\u2019\u00e9ducation et de la formation parcours Sciences du jeu (SDJ)\t\t\t<\/a>\n\n\t\t\t\t<\/h4>\n\t\t<div class=\"uael-post__separator\"><\/div>\t\t\t<\/div>\n\t\t\t\n\t\t<\/div>\n\t\t\n\t<\/div>\n\n<\/div>\n\t\t\t\t<\/div>\n\t\t\t\t\t\t\n\t\t<\/div>\n\n\t\t\t\t\t\t<\/div>\n\t\t<div class=\"uael-post__footer\">\n\t\t\t\t\t<\/div>\n\t\t\t\t<\/div>\n\t\t\t\t<\/div>\n\t\t\t\t<\/div>\n\t\t\t\t\t<\/div>\n\t\t\t\t<\/div>\n\t\t\t\t\t\t\t<\/div>","protected":false},"excerpt":{"rendered":"<p>La mention Sciences de l&rsquo;\u00e9ducation et de la formation Le master en Sciences de l\u2019\u00e9ducation et de la formation (SEF) de l\u2019universit\u00e9 Sorbonne Paris Nord est un master sp\u00e9cialis\u00e9 dans le domaine des interventions \u00e9ducatives, sociales et culturelles en dehors de l\u2019\u00e9cole, de la petite enfance \u00e0 l\u2019\u00e2ge adulte. Il forme des praticien.e.s et des [&hellip;]<\/p>","protected":false},"author":3,"featured_media":9251,"parent":10963,"menu_order":0,"comment_status":"closed","ping_status":"closed","template":"elementor_header_footer","meta":{"site-sidebar-layout":"default","site-content-layout":"default","ast-site-content-layout":"default","site-content-style":"default","site-sidebar-style":"default","ast-global-header-display":"","ast-banner-title-visibility":"","ast-main-header-display":"","ast-hfb-above-header-display":"","ast-hfb-below-header-display":"","ast-hfb-mobile-header-display":"","site-post-title":"","ast-breadcrumbs-content":"","ast-featured-img":"disabled","footer-sml-layout":"","theme-transparent-header-meta":"default","adv-header-id-meta":"","stick-header-meta":"","header-above-stick-meta":"","header-main-stick-meta":"","header-below-stick-meta":"","astra-migrate-meta-layouts":"set","ast-page-background-enabled":"default","ast-page-background-meta":{"desktop":{"background-color":"","background-image":"","background-repeat":"repeat","background-position":"center center","background-size":"auto","background-attachment":"scroll","background-type":"","background-media":"","overlay-type":"","overlay-color":"","overlay-opacity":"","overlay-gradient":""},"tablet":{"background-color":"","background-image":"","background-repeat":"repeat","background-position":"center center","background-size":"auto","background-attachment":"scroll","background-type":"","background-media":"","overlay-type":"","overlay-color":"","overlay-opacity":"","overlay-gradient":""},"mobile":{"background-color":"","background-image":"","background-repeat":"repeat","background-position":"center center","background-size":"auto","background-attachment":"scroll","background-type":"","background-media":"","overlay-type":"","overlay-color":"","overlay-opacity":"","overlay-gradient":""}},"ast-content-background-meta":{"desktop":{"background-color":"var(--ast-global-color-5)","background-image":"","background-repeat":"repeat","background-position":"center center","background-size":"auto","background-attachment":"scroll","background-type":"","background-media":"","overlay-type":"","overlay-color":"","overlay-opacity":"","overlay-gradient":""},"tablet":{"background-color":"var(--ast-global-color-5)","background-image":"","background-repeat":"repeat","background-position":"center center","background-size":"auto","background-attachment":"scroll","background-type":"","background-media":"","overlay-type":"","overlay-color":"","overlay-opacity":"","overlay-gradient":""},"mobile":{"background-color":"var(--ast-global-color-5)","background-image":"","background-repeat":"repeat","background-position":"center center","background-size":"auto","background-attachment":"scroll","background-type":"","background-media":"","overlay-type":"","overlay-color":"","overlay-opacity":"","overlay-gradient":""}},"footnotes":"","_links_to":"","_links_to_target":""},"categories":[824,823],"tags":[],"yoast_head":"<!-- This site is optimized with the Yoast SEO plugin v23.9 - https:\/\/yoast.com\/wordpress\/plugins\/seo\/ -->\n<title>Master Sciences de l&#039;\u00e9ducation et de la formation<\/title>\n<meta name=\"description\" content=\"Page de pr\u00e9sentation des masters propos\u00e9s en sciences de l&#039;\u00e9ducation et de la formation.\" \/>\n<meta name=\"robots\" content=\"index, follow, max-snippet:-1, max-image-preview:large, max-video-preview:-1\" \/>\n<link rel=\"canonical\" href=\"https:\/\/llshs.univ-paris13.fr\/en\/offre-de-formation\/sciences-education-formation\/\" \/>\n<meta property=\"og:locale\" content=\"en_GB\" \/>\n<meta property=\"og:type\" content=\"article\" \/>\n<meta property=\"og:title\" content=\"Master Sciences de l&#039;\u00e9ducation et de la formation\" \/>\n<meta property=\"og:description\" content=\"Page de pr\u00e9sentation des masters propos\u00e9s en sciences de l&#039;\u00e9ducation et de la formation.\" \/>\n<meta property=\"og:url\" content=\"https:\/\/llshs.univ-paris13.fr\/en\/offre-de-formation\/sciences-education-formation\/\" \/>\n<meta property=\"og:site_name\" content=\"UFR LLSHS\" \/>\n<meta property=\"article:modified_time\" content=\"2024-02-18T15:58:09+00:00\" \/>\n<meta property=\"og:image\" content=\"https:\/\/llshs.univ-paris13.fr\/wp-content\/uploads\/cropped-departement_sciences-education-4.jpg\" \/>\n\t<meta property=\"og:image:width\" content=\"505\" \/>\n\t<meta property=\"og:image:height\" content=\"521\" \/>\n\t<meta property=\"og:image:type\" content=\"image\/jpeg\" \/>\n<meta name=\"twitter:card\" content=\"summary_large_image\" \/>\n<meta name=\"twitter:label1\" content=\"Estimated reading time\" \/>\n\t<meta name=\"twitter:data1\" content=\"3 minutes\" \/>\n<script type=\"application\/ld+json\" class=\"yoast-schema-graph\">{\"@context\":\"https:\/\/schema.org\",\"@graph\":[{\"@type\":\"WebPage\",\"@id\":\"https:\/\/llshs.univ-paris13.fr\/offre-de-formation\/sciences-education-formation\/\",\"url\":\"https:\/\/llshs.univ-paris13.fr\/offre-de-formation\/sciences-education-formation\/\",\"name\":\"Master Sciences de l'\u00e9ducation et de la formation\",\"isPartOf\":{\"@id\":\"https:\/\/llshs.univ-paris13.fr\/#website\"},\"primaryImageOfPage\":{\"@id\":\"https:\/\/llshs.univ-paris13.fr\/offre-de-formation\/sciences-education-formation\/#primaryimage\"},\"image\":{\"@id\":\"https:\/\/llshs.univ-paris13.fr\/offre-de-formation\/sciences-education-formation\/#primaryimage\"},\"thumbnailUrl\":\"https:\/\/llshs.univ-paris13.fr\/wp-content\/uploads\/cropped-departement_sciences-education-4.jpg\",\"datePublished\":\"2024-02-16T15:08:19+00:00\",\"dateModified\":\"2024-02-18T15:58:09+00:00\",\"description\":\"Page de pr\u00e9sentation des masters propos\u00e9s en sciences de l'\u00e9ducation et de la formation.\",\"breadcrumb\":{\"@id\":\"https:\/\/llshs.univ-paris13.fr\/offre-de-formation\/sciences-education-formation\/#breadcrumb\"},\"inLanguage\":\"en-GB\",\"potentialAction\":[{\"@type\":\"ReadAction\",\"target\":[\"https:\/\/llshs.univ-paris13.fr\/offre-de-formation\/sciences-education-formation\/\"]}]},{\"@type\":\"ImageObject\",\"inLanguage\":\"en-GB\",\"@id\":\"https:\/\/llshs.univ-paris13.fr\/offre-de-formation\/sciences-education-formation\/#primaryimage\",\"url\":\"https:\/\/llshs.univ-paris13.fr\/wp-content\/uploads\/cropped-departement_sciences-education-4.jpg\",\"contentUrl\":\"https:\/\/llshs.univ-paris13.fr\/wp-content\/uploads\/cropped-departement_sciences-education-4.jpg\",\"width\":505,\"height\":521},{\"@type\":\"BreadcrumbList\",\"@id\":\"https:\/\/llshs.univ-paris13.fr\/offre-de-formation\/sciences-education-formation\/#breadcrumb\",\"itemListElement\":[{\"@type\":\"ListItem\",\"position\":1,\"name\":\"Accueil\",\"item\":\"https:\/\/llshs.univ-paris13.fr\/\"},{\"@type\":\"ListItem\",\"position\":2,\"name\":\"Offre de formation\",\"item\":\"https:\/\/llshs.univ-paris13.fr\/offre-de-formation\/\"},{\"@type\":\"ListItem\",\"position\":3,\"name\":\"La mention Sciences de l&#8217;\u00e9ducation et de la formation\"}]},{\"@type\":\"WebSite\",\"@id\":\"https:\/\/llshs.univ-paris13.fr\/#website\",\"url\":\"https:\/\/llshs.univ-paris13.fr\/\",\"name\":\"UFR LLSHS\",\"description\":\"UFR LLSHS - Universit\u00e9 Sorbonne Paris Nord\",\"publisher\":{\"@id\":\"https:\/\/llshs.univ-paris13.fr\/#organization\"},\"potentialAction\":[{\"@type\":\"SearchAction\",\"target\":{\"@type\":\"EntryPoint\",\"urlTemplate\":\"https:\/\/llshs.univ-paris13.fr\/?s={search_term_string}\"},\"query-input\":{\"@type\":\"PropertyValueSpecification\",\"valueRequired\":true,\"valueName\":\"search_term_string\"}}],\"inLanguage\":\"en-GB\"},{\"@type\":\"Organization\",\"@id\":\"https:\/\/llshs.univ-paris13.fr\/#organization\",\"name\":\"UFR LLSHS - Universit\u00e9 Sorbonne Paris Nord\",\"url\":\"https:\/\/llshs.univ-paris13.fr\/\",\"logo\":{\"@type\":\"ImageObject\",\"inLanguage\":\"en-GB\",\"@id\":\"https:\/\/llshs.univ-paris13.fr\/#\/schema\/logo\/image\/\",\"url\":\"\",\"contentUrl\":\"\",\"caption\":\"UFR LLSHS - Universit\u00e9 Sorbonne Paris Nord\"},\"image\":{\"@id\":\"https:\/\/llshs.univ-paris13.fr\/#\/schema\/logo\/image\/\"}}]}<\/script>\n<!-- \/ Yoast SEO plugin. -->","yoast_head_json":{"title":"Master Sciences de l'\u00e9ducation et de la formation","description":"Page de pr\u00e9sentation des masters propos\u00e9s en sciences de l'\u00e9ducation et de la formation.","robots":{"index":"index","follow":"follow","max-snippet":"max-snippet:-1","max-image-preview":"max-image-preview:large","max-video-preview":"max-video-preview:-1"},"canonical":"https:\/\/llshs.univ-paris13.fr\/en\/offre-de-formation\/sciences-education-formation\/","og_locale":"en_GB","og_type":"article","og_title":"Master Sciences de l'\u00e9ducation et de la formation","og_description":"Page de pr\u00e9sentation des masters propos\u00e9s en sciences de l'\u00e9ducation et de la formation.","og_url":"https:\/\/llshs.univ-paris13.fr\/en\/offre-de-formation\/sciences-education-formation\/","og_site_name":"UFR LLSHS","article_modified_time":"2024-02-18T15:58:09+00:00","og_image":[{"width":505,"height":521,"url":"https:\/\/llshs.univ-paris13.fr\/wp-content\/uploads\/cropped-departement_sciences-education-4.jpg","type":"image\/jpeg"}],"twitter_card":"summary_large_image","twitter_misc":{"Estimated reading time":"3 minutes"},"schema":{"@context":"https:\/\/schema.org","@graph":[{"@type":"WebPage","@id":"https:\/\/llshs.univ-paris13.fr\/offre-de-formation\/sciences-education-formation\/","url":"https:\/\/llshs.univ-paris13.fr\/offre-de-formation\/sciences-education-formation\/","name":"Master Sciences de l'\u00e9ducation et de la formation","isPartOf":{"@id":"https:\/\/llshs.univ-paris13.fr\/#website"},"primaryImageOfPage":{"@id":"https:\/\/llshs.univ-paris13.fr\/offre-de-formation\/sciences-education-formation\/#primaryimage"},"image":{"@id":"https:\/\/llshs.univ-paris13.fr\/offre-de-formation\/sciences-education-formation\/#primaryimage"},"thumbnailUrl":"https:\/\/llshs.univ-paris13.fr\/wp-content\/uploads\/cropped-departement_sciences-education-4.jpg","datePublished":"2024-02-16T15:08:19+00:00","dateModified":"2024-02-18T15:58:09+00:00","description":"Page de pr\u00e9sentation des masters propos\u00e9s en sciences de l'\u00e9ducation et de la formation.","breadcrumb":{"@id":"https:\/\/llshs.univ-paris13.fr\/offre-de-formation\/sciences-education-formation\/#breadcrumb"},"inLanguage":"en-GB","potentialAction":[{"@type":"ReadAction","target":["https:\/\/llshs.univ-paris13.fr\/offre-de-formation\/sciences-education-formation\/"]}]},{"@type":"ImageObject","inLanguage":"en-GB","@id":"https:\/\/llshs.univ-paris13.fr\/offre-de-formation\/sciences-education-formation\/#primaryimage","url":"https:\/\/llshs.univ-paris13.fr\/wp-content\/uploads\/cropped-departement_sciences-education-4.jpg","contentUrl":"https:\/\/llshs.univ-paris13.fr\/wp-content\/uploads\/cropped-departement_sciences-education-4.jpg","width":505,"height":521},{"@type":"BreadcrumbList","@id":"https:\/\/llshs.univ-paris13.fr\/offre-de-formation\/sciences-education-formation\/#breadcrumb","itemListElement":[{"@type":"ListItem","position":1,"name":"Accueil","item":"https:\/\/llshs.univ-paris13.fr\/"},{"@type":"ListItem","position":2,"name":"Offre de formation","item":"https:\/\/llshs.univ-paris13.fr\/offre-de-formation\/"},{"@type":"ListItem","position":3,"name":"La mention Sciences de l&#8217;\u00e9ducation et de la formation"}]},{"@type":"WebSite","@id":"https:\/\/llshs.univ-paris13.fr\/#website","url":"https:\/\/llshs.univ-paris13.fr\/","name":"UFR LLSHS","description":"UFR LLSHS - Universit\u00e9 Sorbonne Paris Nord","publisher":{"@id":"https:\/\/llshs.univ-paris13.fr\/#organization"},"potentialAction":[{"@type":"SearchAction","target":{"@type":"EntryPoint","urlTemplate":"https:\/\/llshs.univ-paris13.fr\/?s={search_term_string}"},"query-input":{"@type":"PropertyValueSpecification","valueRequired":true,"valueName":"search_term_string"}}],"inLanguage":"en-GB"},{"@type":"Organization","@id":"https:\/\/llshs.univ-paris13.fr\/#organization","name":"UFR LLSHS - Universit\u00e9 Sorbonne Paris Nord","url":"https:\/\/llshs.univ-paris13.fr\/","logo":{"@type":"ImageObject","inLanguage":"en-GB","@id":"https:\/\/llshs.univ-paris13.fr\/#\/schema\/logo\/image\/","url":"","contentUrl":"","caption":"UFR LLSHS - Universit\u00e9 Sorbonne Paris Nord"},"image":{"@id":"https:\/\/llshs.univ-paris13.fr\/#\/schema\/logo\/image\/"}}]}},"_links":{"self":[{"href":"https:\/\/llshs.univ-paris13.fr\/en\/wp-json\/wp\/v2\/pages\/13143"}],"collection":[{"href":"https:\/\/llshs.univ-paris13.fr\/en\/wp-json\/wp\/v2\/pages"}],"about":[{"href":"https:\/\/llshs.univ-paris13.fr\/en\/wp-json\/wp\/v2\/types\/page"}],"author":[{"embeddable":true,"href":"https:\/\/llshs.univ-paris13.fr\/en\/wp-json\/wp\/v2\/users\/3"}],"replies":[{"embeddable":true,"href":"https:\/\/llshs.univ-paris13.fr\/en\/wp-json\/wp\/v2\/comments?post=13143"}],"version-history":[{"count":0,"href":"https:\/\/llshs.univ-paris13.fr\/en\/wp-json\/wp\/v2\/pages\/13143\/revisions"}],"up":[{"embeddable":true,"href":"https:\/\/llshs.univ-paris13.fr\/en\/wp-json\/wp\/v2\/pages\/10963"}],"wp:featuredmedia":[{"embeddable":true,"href":"https:\/\/llshs.univ-paris13.fr\/en\/wp-json\/wp\/v2\/media\/9251"}],"wp:attachment":[{"href":"https:\/\/llshs.univ-paris13.fr\/en\/wp-json\/wp\/v2\/media?parent=13143"}],"wp:term":[{"taxonomy":"category","embeddable":true,"href":"https:\/\/llshs.univ-paris13.fr\/en\/wp-json\/wp\/v2\/categories?post=13143"},{"taxonomy":"post_tag","embeddable":true,"href":"https:\/\/llshs.univ-paris13.fr\/en\/wp-json\/wp\/v2\/tags?post=13143"}],"curies":[{"name":"wp","href":"https:\/\/api.w.org\/{rel}","templated":true}]}}