{"id":130,"date":"2014-12-01T13:38:48","date_gmt":"2014-12-01T12:38:48","guid":{"rendered":"https:\/\/llshs.univ-paris13.fr\/?page_id=130-old"},"modified":"2018-12-03T17:44:00","modified_gmt":"2018-12-03T16:44:00","slug":"releves-de-notes-et-attestation-de-reussite-before-import","status":"publish","type":"page","link":"https:\/\/llshs.univ-paris13.fr\/en\/releves-de-notes-et-attestation-de-reussite-before-import\/","title":{"rendered":"Retrait du relev\u00e9 de notes et de l&rsquo;attestation de r\u00e9ussite [OLD]"},"content":{"rendered":"<h3>Ann\u00e9e universitaire en cours<\/h3>\n<h4>Le relev\u00e9 de notes<\/h4>\n<p>Pour retirer votre relev\u00e9 de notes, quelques jours apr\u00e8s les d\u00e9lib\u00e9rations du jury pour chaque semestre, vous devez vous adresser au secr\u00e9tariat p\u00e9dagogique de votre formation, avec votre carte d&rsquo;\u00e9tudiant.<\/p>\n<p><p>Vous pouvez confier \u00e0 une tiers personne une procuration ainsi que votre carte d&rsquo;\u00e9tudiant pour le retirer \u00e0 votre place.<\/p>\n<p>Si vous ne pouvez pas vous d\u00e9placer, vous pouvez obtenir le Relev\u00e9 de Notes par courrier. Il vous suffit d&rsquo;effectuer votre demande par courrier aupr\u00e8s du secr\u00e9tariat p\u00e9dagogique en joignant \u00e0 votre demande une enveloppe timbr\u00e9e et libell\u00e9e \u00e0 votre adresse.<\/p>\n<h4>L&rsquo;attestation de r\u00e9ussite<\/h4>\n<p>\u00c0 la fin de l&rsquo;ann\u00e9e universitaire, si vous avez valid\u00e9 votre ann\u00e9e en cours, vous pouvez une fois la d\u00e9lib\u00e9ration du jury, vous adresser au secr\u00e9tariat p\u00e9dagogique de votre formation pour retirer votre attestation de r\u00e9ussite.<\/p>\n<div class=\"note\">\n<h5>\u00c0 savoir<\/h5>\n<p>Le relev\u00e9 de notes et l&rsquo;attestation de r\u00e9ussite sont des documents uniques dont il n\u2019est d\u00e9livr\u00e9 ni duplicata, ni attestation. Une fois que vous \u00eates en possession de ces documents, il convient de conserver pr\u00e9cieusement les originaux et d\u2019en faire des photocopies pour toute utilisation.<\/p>\n<\/div>\n<h3>Ann\u00e9es universitaires ant\u00e9rieures \u00e0 l&rsquo;ann\u00e9e en cours<\/h3>\n<h4>Vous n&rsquo;\u00eates plus en possession de votre relev\u00e9 de notes\/attestation de r\u00e9ussite<\/h4>\n<p>Vous devez effectuer votre demande par \u00e9crit aupr\u00e8s du secr\u00e9tariat p\u00e9dagogique de la formation en question. Vous devez dans ce courrier indiquer un maximum d&rsquo;informations pour faciliter la recherche de votre document : l&rsquo;intitul\u00e9 de la formation suivi, l&rsquo;ann\u00e9e d&rsquo;obtention du dipl\u00f4me, vos informations \u00e9tudiantes, une copie de votre pi\u00e8ce d&rsquo;identit\u00e9&#8230; La demande doit \u00eatre faite par \u00e9crit. Aucune demande par t\u00e9l\u00e9phone ne sera accept\u00e9e.<\/p>\n<p><strong>Joignez \u00e0 votre demande une enveloppe format A4 timbr\u00e9e et libell\u00e9e \u00e0 votre adresse.<\/strong><\/p>\n<p>Le d\u00e9lai n\u00e9cessaire pour le traitement de la demande varie d&rsquo;une semaine \u00e0 15 jours. \u00c0 partir du mois de mai, en raison de la p\u00e9riode des examens de second semestre ce d\u00e9lai peut \u00eatre sup\u00e9rieur \u00e0 15 jours. Les demandes re\u00e7ues \u00e0 partir de la mi-juillet seront trait\u00e9es \u00e0 compter du mois de septembre de l&rsquo;ann\u00e9e en cours.<\/p>\n<p>Certaines demandes de relev\u00e9 de notes et \/ou d\u2019attestation de r\u00e9ussite concernant des dipl\u00f4mes anciens n\u00e9cessitent des recherches dans les archives de l&rsquo;UFR. Cela augmente le d\u00e9lai de traitement de la demande.<\/p>","protected":false},"excerpt":{"rendered":"<p>Ann\u00e9e universitaire en cours Le relev\u00e9 de notes Pour retirer votre relev\u00e9 de notes, quelques jours apr\u00e8s les d\u00e9lib\u00e9rations du jury pour chaque semestre, vous devez vous adresser au secr\u00e9tariat p\u00e9dagogique de votre formation, avec votre carte d&rsquo;\u00e9tudiant. Vous pouvez confier \u00e0 une tiers personne une procuration ainsi que votre carte d&rsquo;\u00e9tudiant pour le retirer [&hellip;]<\/p>","protected":false},"author":3,"featured_media":0,"parent":0,"menu_order":0,"comment_status":"open","ping_status":"open","template":"","meta":{"site-sidebar-layout":"default","site-content-layout":"","ast-site-content-layout":"","site-content-style":"default","site-sidebar-style":"default","ast-global-header-display":"","ast-banner-title-visibility":"","ast-main-header-display":"","ast-hfb-above-header-display":"","ast-hfb-below-header-display":"","ast-hfb-mobile-header-display":"","site-post-title":"","ast-breadcrumbs-content":"","ast-featured-img":"","footer-sml-layout":"","theme-transparent-header-meta":"","adv-header-id-meta":"","stick-header-meta":"","header-above-stick-meta":"","header-main-stick-meta":"","header-below-stick-meta":"","astra-migrate-meta-layouts":"default","ast-page-background-enabled":"default","ast-page-background-meta":{"desktop":{"background-color":"","background-image":"","background-repeat":"repeat","background-position":"center center","background-size":"auto","background-attachment":"scroll","background-type":"","background-media":"","overlay-type":"","overlay-color":"","overlay-opacity":"","overlay-gradient":""},"tablet":{"background-color":"","background-image":"","background-repeat":"repeat","background-position":"center center","background-size":"auto","background-attachment":"scroll","background-type":"","background-media":"","overlay-type":"","overlay-color":"","overlay-opacity":"","overlay-gradient":""},"mobile":{"background-color":"","background-image":"","background-repeat":"repeat","background-position":"center center","background-size":"auto","background-attachment":"scroll","background-type":"","background-media":"","overlay-type":"","overlay-color":"","overlay-opacity":"","overlay-gradient":""}},"ast-content-background-meta":{"desktop":{"background-color":"var(--ast-global-color-5)","background-image":"","background-repeat":"repeat","background-position":"center center","background-size":"auto","background-attachment":"scroll","background-type":"","background-media":"","overlay-type":"","overlay-color":"","overlay-opacity":"","overlay-gradient":""},"tablet":{"background-color":"var(--ast-global-color-5)","background-image":"","background-repeat":"repeat","background-position":"center center","background-size":"auto","background-attachment":"scroll","background-type":"","background-media":"","overlay-type":"","overlay-color":"","overlay-opacity":"","overlay-gradient":""},"mobile":{"background-color":"var(--ast-global-color-5)","background-image":"","background-repeat":"repeat","background-position":"center center","background-size":"auto","background-attachment":"scroll","background-type":"","background-media":"","overlay-type":"","overlay-color":"","overlay-opacity":"","overlay-gradient":""}},"footnotes":"","_links_to":"","_links_to_target":""},"categories":[],"tags":[],"yoast_head":"<!-- This site is optimized with the Yoast SEO plugin v23.9 - https:\/\/yoast.com\/wordpress\/plugins\/seo\/ -->\n<title>Retrait du relev\u00e9 de notes et de l&#039;attestation de r\u00e9ussite<\/title>\n<meta name=\"description\" content=\"Page d&#039;informations sur les proc\u00e9dures relatives au retrait du relev\u00e9 de notes et de l&#039;attestation de r\u00e9ussite \u00e0 l&#039;UFR LLSHS.\" \/>\n<meta name=\"robots\" content=\"index, follow, max-snippet:-1, max-image-preview:large, max-video-preview:-1\" \/>\n<link rel=\"canonical\" href=\"https:\/\/llshs.univ-paris13.fr\/en\/releves-de-notes-et-attestation-de-reussite-before-import\/\" \/>\n<meta property=\"og:locale\" content=\"en_GB\" \/>\n<meta property=\"og:type\" content=\"article\" \/>\n<meta property=\"og:title\" content=\"Retrait du relev\u00e9 de notes et de l&#039;attestation de r\u00e9ussite\" \/>\n<meta property=\"og:description\" content=\"Page d&#039;informations sur les proc\u00e9dures relatives au retrait du relev\u00e9 de notes et de l&#039;attestation de r\u00e9ussite \u00e0 l&#039;UFR LLSHS.\" \/>\n<meta property=\"og:url\" content=\"https:\/\/llshs.univ-paris13.fr\/en\/releves-de-notes-et-attestation-de-reussite-before-import\/\" \/>\n<meta property=\"og:site_name\" content=\"UFR LLSHS\" \/>\n<meta property=\"article:modified_time\" content=\"2018-12-03T16:44:00+00:00\" \/>\n<meta name=\"twitter:card\" content=\"summary_large_image\" \/>\n<meta name=\"twitter:label1\" content=\"Estimated reading time\" \/>\n\t<meta name=\"twitter:data1\" content=\"2 minutes\" \/>\n<script type=\"application\/ld+json\" class=\"yoast-schema-graph\">{\"@context\":\"https:\/\/schema.org\",\"@graph\":[{\"@type\":\"WebPage\",\"@id\":\"https:\/\/llshs.univ-paris13.fr\/releves-de-notes-et-attestation-de-reussite-before-import\/\",\"url\":\"https:\/\/llshs.univ-paris13.fr\/releves-de-notes-et-attestation-de-reussite-before-import\/\",\"name\":\"Retrait du relev\u00e9 de notes et de l'attestation de r\u00e9ussite\",\"isPartOf\":{\"@id\":\"https:\/\/llshs.univ-paris13.fr\/#website\"},\"datePublished\":\"2014-12-01T12:38:48+00:00\",\"dateModified\":\"2018-12-03T16:44:00+00:00\",\"description\":\"Page d'informations sur les proc\u00e9dures relatives au retrait du relev\u00e9 de notes et de l'attestation de r\u00e9ussite \u00e0 l'UFR LLSHS.\",\"breadcrumb\":{\"@id\":\"https:\/\/llshs.univ-paris13.fr\/releves-de-notes-et-attestation-de-reussite-before-import\/#breadcrumb\"},\"inLanguage\":\"en-GB\",\"potentialAction\":[{\"@type\":\"ReadAction\",\"target\":[\"https:\/\/llshs.univ-paris13.fr\/releves-de-notes-et-attestation-de-reussite-before-import\/\"]}]},{\"@type\":\"BreadcrumbList\",\"@id\":\"https:\/\/llshs.univ-paris13.fr\/releves-de-notes-et-attestation-de-reussite-before-import\/#breadcrumb\",\"itemListElement\":[{\"@type\":\"ListItem\",\"position\":1,\"name\":\"Accueil\",\"item\":\"https:\/\/llshs.univ-paris13.fr\/\"},{\"@type\":\"ListItem\",\"position\":2,\"name\":\"Retrait du relev\u00e9 de notes et de l&#8217;attestation de r\u00e9ussite [OLD]\"}]},{\"@type\":\"WebSite\",\"@id\":\"https:\/\/llshs.univ-paris13.fr\/#website\",\"url\":\"https:\/\/llshs.univ-paris13.fr\/\",\"name\":\"UFR LLSHS\",\"description\":\"UFR LLSHS - Universit\u00e9 Sorbonne Paris Nord\",\"publisher\":{\"@id\":\"https:\/\/llshs.univ-paris13.fr\/#organization\"},\"potentialAction\":[{\"@type\":\"SearchAction\",\"target\":{\"@type\":\"EntryPoint\",\"urlTemplate\":\"https:\/\/llshs.univ-paris13.fr\/?s={search_term_string}\"},\"query-input\":{\"@type\":\"PropertyValueSpecification\",\"valueRequired\":true,\"valueName\":\"search_term_string\"}}],\"inLanguage\":\"en-GB\"},{\"@type\":\"Organization\",\"@id\":\"https:\/\/llshs.univ-paris13.fr\/#organization\",\"name\":\"UFR LLSHS - Universit\u00e9 Sorbonne Paris Nord\",\"url\":\"https:\/\/llshs.univ-paris13.fr\/\",\"logo\":{\"@type\":\"ImageObject\",\"inLanguage\":\"en-GB\",\"@id\":\"https:\/\/llshs.univ-paris13.fr\/#\/schema\/logo\/image\/\",\"url\":\"\",\"contentUrl\":\"\",\"caption\":\"UFR LLSHS - Universit\u00e9 Sorbonne Paris Nord\"},\"image\":{\"@id\":\"https:\/\/llshs.univ-paris13.fr\/#\/schema\/logo\/image\/\"}}]}<\/script>\n<!-- \/ Yoast SEO plugin. -->","yoast_head_json":{"title":"Retrait du relev\u00e9 de notes et de l'attestation de r\u00e9ussite","description":"Page d'informations sur les proc\u00e9dures relatives au retrait du relev\u00e9 de notes et de l'attestation de r\u00e9ussite \u00e0 l'UFR LLSHS.","robots":{"index":"index","follow":"follow","max-snippet":"max-snippet:-1","max-image-preview":"max-image-preview:large","max-video-preview":"max-video-preview:-1"},"canonical":"https:\/\/llshs.univ-paris13.fr\/en\/releves-de-notes-et-attestation-de-reussite-before-import\/","og_locale":"en_GB","og_type":"article","og_title":"Retrait du relev\u00e9 de notes et de l'attestation de r\u00e9ussite","og_description":"Page d'informations sur les proc\u00e9dures relatives au retrait du relev\u00e9 de notes et de l'attestation de r\u00e9ussite \u00e0 l'UFR LLSHS.","og_url":"https:\/\/llshs.univ-paris13.fr\/en\/releves-de-notes-et-attestation-de-reussite-before-import\/","og_site_name":"UFR LLSHS","article_modified_time":"2018-12-03T16:44:00+00:00","twitter_card":"summary_large_image","twitter_misc":{"Estimated reading time":"2 minutes"},"schema":{"@context":"https:\/\/schema.org","@graph":[{"@type":"WebPage","@id":"https:\/\/llshs.univ-paris13.fr\/releves-de-notes-et-attestation-de-reussite-before-import\/","url":"https:\/\/llshs.univ-paris13.fr\/releves-de-notes-et-attestation-de-reussite-before-import\/","name":"Retrait du relev\u00e9 de notes et de l'attestation de r\u00e9ussite","isPartOf":{"@id":"https:\/\/llshs.univ-paris13.fr\/#website"},"datePublished":"2014-12-01T12:38:48+00:00","dateModified":"2018-12-03T16:44:00+00:00","description":"Page d'informations sur les proc\u00e9dures relatives au retrait du relev\u00e9 de notes et de l'attestation de r\u00e9ussite \u00e0 l'UFR LLSHS.","breadcrumb":{"@id":"https:\/\/llshs.univ-paris13.fr\/releves-de-notes-et-attestation-de-reussite-before-import\/#breadcrumb"},"inLanguage":"en-GB","potentialAction":[{"@type":"ReadAction","target":["https:\/\/llshs.univ-paris13.fr\/releves-de-notes-et-attestation-de-reussite-before-import\/"]}]},{"@type":"BreadcrumbList","@id":"https:\/\/llshs.univ-paris13.fr\/releves-de-notes-et-attestation-de-reussite-before-import\/#breadcrumb","itemListElement":[{"@type":"ListItem","position":1,"name":"Accueil","item":"https:\/\/llshs.univ-paris13.fr\/"},{"@type":"ListItem","position":2,"name":"Retrait du relev\u00e9 de notes et de l&#8217;attestation de r\u00e9ussite [OLD]"}]},{"@type":"WebSite","@id":"https:\/\/llshs.univ-paris13.fr\/#website","url":"https:\/\/llshs.univ-paris13.fr\/","name":"UFR LLSHS","description":"UFR LLSHS - Universit\u00e9 Sorbonne Paris Nord","publisher":{"@id":"https:\/\/llshs.univ-paris13.fr\/#organization"},"potentialAction":[{"@type":"SearchAction","target":{"@type":"EntryPoint","urlTemplate":"https:\/\/llshs.univ-paris13.fr\/?s={search_term_string}"},"query-input":{"@type":"PropertyValueSpecification","valueRequired":true,"valueName":"search_term_string"}}],"inLanguage":"en-GB"},{"@type":"Organization","@id":"https:\/\/llshs.univ-paris13.fr\/#organization","name":"UFR LLSHS - Universit\u00e9 Sorbonne Paris Nord","url":"https:\/\/llshs.univ-paris13.fr\/","logo":{"@type":"ImageObject","inLanguage":"en-GB","@id":"https:\/\/llshs.univ-paris13.fr\/#\/schema\/logo\/image\/","url":"","contentUrl":"","caption":"UFR LLSHS - Universit\u00e9 Sorbonne Paris Nord"},"image":{"@id":"https:\/\/llshs.univ-paris13.fr\/#\/schema\/logo\/image\/"}}]}},"_links":{"self":[{"href":"https:\/\/llshs.univ-paris13.fr\/en\/wp-json\/wp\/v2\/pages\/130"}],"collection":[{"href":"https:\/\/llshs.univ-paris13.fr\/en\/wp-json\/wp\/v2\/pages"}],"about":[{"href":"https:\/\/llshs.univ-paris13.fr\/en\/wp-json\/wp\/v2\/types\/page"}],"author":[{"embeddable":true,"href":"https:\/\/llshs.univ-paris13.fr\/en\/wp-json\/wp\/v2\/users\/3"}],"replies":[{"embeddable":true,"href":"https:\/\/llshs.univ-paris13.fr\/en\/wp-json\/wp\/v2\/comments?post=130"}],"version-history":[{"count":0,"href":"https:\/\/llshs.univ-paris13.fr\/en\/wp-json\/wp\/v2\/pages\/130\/revisions"}],"wp:attachment":[{"href":"https:\/\/llshs.univ-paris13.fr\/en\/wp-json\/wp\/v2\/media?parent=130"}],"wp:term":[{"taxonomy":"category","embeddable":true,"href":"https:\/\/llshs.univ-paris13.fr\/en\/wp-json\/wp\/v2\/categories?post=130"},{"taxonomy":"post_tag","embeddable":true,"href":"https:\/\/llshs.univ-paris13.fr\/en\/wp-json\/wp\/v2\/tags?post=130"}],"curies":[{"name":"wp","href":"https:\/\/api.w.org\/{rel}","templated":true}]}}