{"id":11993,"date":"2020-09-09T14:37:20","date_gmt":"2020-09-09T12:37:20","guid":{"rendered":"https:\/\/llshs.univ-paris13.fr\/?page_id=11993"},"modified":"2023-02-08T11:31:19","modified_gmt":"2023-02-08T10:31:19","slug":"documents","status":"publish","type":"page","link":"https:\/\/llshs.univ-paris13.fr\/en\/documents\/","title":{"rendered":"Documents"},"content":{"rendered":"<div data-elementor-type=\"wp-page\" data-elementor-id=\"11993\" class=\"elementor elementor-11993\">\n\t\t\t\t\t\t\t\t\t<section class=\"elementor-section elementor-top-section elementor-element elementor-element-ee6fb6c elementor-section-height-min-height elementor-section-stretched elementor-section-boxed elementor-section-height-default elementor-section-items-middle\" data-id=\"ee6fb6c\" data-element_type=\"section\" data-settings=\"{&quot;background_background&quot;:&quot;classic&quot;,&quot;stretch_section&quot;:&quot;section-stretched&quot;,&quot;_ha_eqh_enable&quot;:false}\">\n\t\t\t\t\t\t\t<div class=\"elementor-background-overlay\"><\/div>\n\t\t\t\t\t\t\t<div class=\"elementor-container elementor-column-gap-default\">\n\t\t\t\t\t<div class=\"elementor-column elementor-col-100 elementor-top-column elementor-element elementor-element-a7704ee\" data-id=\"a7704ee\" data-element_type=\"column\">\n\t\t\t<div class=\"elementor-widget-wrap\">\n\t\t\t\t\t\t\t\t\t<\/div>\n\t\t<\/div>\n\t\t\t\t\t\t\t<\/div>\n\t\t<\/section>\n\t\t\t\t<section class=\"elementor-section elementor-top-section elementor-element elementor-element-2943912 elementor-section-boxed elementor-section-height-default elementor-section-height-default\" data-id=\"2943912\" data-element_type=\"section\" data-settings=\"{&quot;background_background&quot;:&quot;classic&quot;,&quot;_ha_eqh_enable&quot;:false}\">\n\t\t\t\t\t\t<div class=\"elementor-container elementor-column-gap-default\">\n\t\t\t\t\t<div class=\"elementor-column elementor-col-100 elementor-top-column elementor-element elementor-element-21edeb7\" data-id=\"21edeb7\" data-element_type=\"column\" data-settings=\"{&quot;background_background&quot;:&quot;classic&quot;}\">\n\t\t\t<div class=\"elementor-widget-wrap elementor-element-populated\">\n\t\t\t\t\t\t\t\t<div class=\"elementor-element elementor-element-9efa9f6 elementor-widget elementor-widget-heading\" data-id=\"9efa9f6\" data-element_type=\"widget\" data-widget_type=\"heading.default\">\n\t\t\t\t<div class=\"elementor-widget-container\">\n\t\t\t<h2 class=\"elementor-heading-title elementor-size-large\">Ressources<\/h2>\t\t<\/div>\n\t\t\t\t<\/div>\n\t\t\t\t<div class=\"elementor-element elementor-element-459e5df elementor-widget-divider--view-line elementor-widget elementor-widget-divider\" data-id=\"459e5df\" data-element_type=\"widget\" data-widget_type=\"divider.default\">\n\t\t\t\t<div class=\"elementor-widget-container\">\n\t\t\t\t\t<div class=\"elementor-divider\">\n\t\t\t<span class=\"elementor-divider-separator\">\n\t\t\t\t\t\t<\/span>\n\t\t<\/div>\n\t\t\t\t<\/div>\n\t\t\t\t<\/div>\n\t\t\t\t<div class=\"elementor-element elementor-element-5898dff elementor-widget elementor-widget-heading\" data-id=\"5898dff\" data-element_type=\"widget\" data-widget_type=\"heading.default\">\n\t\t\t\t<div class=\"elementor-widget-container\">\n\t\t\t<h4 class=\"elementor-heading-title elementor-size-medium\">Se former \u00e0 l'UFR LLSHS<\/h4>\t\t<\/div>\n\t\t\t\t<\/div>\n\t\t\t\t\t<\/div>\n\t\t<\/div>\n\t\t\t\t\t\t\t<\/div>\n\t\t<\/section>\n\t\t\t\t<section class=\"elementor-section elementor-top-section elementor-element elementor-element-a866d1d elementor-section-boxed elementor-section-height-default elementor-section-height-default\" data-id=\"a866d1d\" data-element_type=\"section\" data-settings=\"{&quot;background_background&quot;:&quot;classic&quot;,&quot;_ha_eqh_enable&quot;:false}\">\n\t\t\t\t\t\t<div class=\"elementor-container elementor-column-gap-default\">\n\t\t\t\t\t<div class=\"elementor-column elementor-col-100 elementor-top-column elementor-element elementor-element-0faa0a0\" data-id=\"0faa0a0\" data-element_type=\"column\">\n\t\t\t<div class=\"elementor-widget-wrap elementor-element-populated\">\n\t\t\t\t\t\t\t\t<section class=\"elementor-section elementor-inner-section elementor-element elementor-element-2c3170d elementor-section-boxed elementor-section-height-default elementor-section-height-default\" data-id=\"2c3170d\" data-element_type=\"section\" data-settings=\"{&quot;_ha_eqh_enable&quot;:false}\">\n\t\t\t\t\t\t<div class=\"elementor-container elementor-column-gap-default\">\n\t\t\t\t\t<div class=\"elementor-column elementor-col-100 elementor-inner-column elementor-element elementor-element-7897da1\" data-id=\"7897da1\" data-element_type=\"column\">\n\t\t\t<div class=\"elementor-widget-wrap elementor-element-populated\">\n\t\t\t\t\t\t\t\t<div class=\"elementor-element elementor-element-f69dac1 elementor-grid-eael-col-3 elementor-grid-tablet-eael-col-2 elementor-grid-mobile-eael-col-1 elementor-widget elementor-widget-eael-post-grid\" data-id=\"f69dac1\" data-element_type=\"widget\" data-settings=\"{&quot;eael_post_grid_columns&quot;:&quot;eael-col-3&quot;,&quot;eael_post_grid_columns_tablet&quot;:&quot;eael-col-2&quot;,&quot;eael_post_grid_columns_mobile&quot;:&quot;eael-col-1&quot;}\" data-widget_type=\"eael-post-grid.default\">\n\t\t\t\t<div class=\"elementor-widget-container\">\n\t\t\t<div id=\"eael-post-grid-f69dac1\" class=\"eael-post-grid-container\">\n            <div class=\"eael-post-grid eael-post-appender eael-post-appender-f69dac1 eael-post-grid-style-three\" data-layout-mode=\"masonry\"><article class=\"eael-grid-post eael-post-grid-column\" data-id=\"11518\">\n        <div class=\"eael-grid-post-holder\">\n            <div class=\"eael-grid-post-holder-inner\"><div class=\"eael-entry-media\"><div class=\"eael-entry-overlay fade-in\"><i class=\"fas fa-long-arrow-alt-right\" aria-hidden=\"true\"><\/i><a href=\"https:\/\/llshs.univ-paris13.fr\/wp-content\/uploads\/2023-dates-candidatures-masters1-phase2.pdf\"><\/a><\/div><div class=\"eael-entry-thumbnail\">\n                 <img decoding=\"async\" width=\"128\" height=\"71\" src=\"https:\/\/llshs.univ-paris13.fr\/wp-content\/uploads\/vignette-dates-candidatures.jpg\" class=\"attachment-thumbnail size-thumbnail wp-image-11520\" alt=\"Dates de candidatures Masters\" srcset=\"https:\/\/llshs.univ-paris13.fr\/wp-content\/uploads\/vignette-dates-candidatures.jpg 1200w, https:\/\/llshs.univ-paris13.fr\/wp-content\/uploads\/vignette-dates-candidatures-200x112.jpg 200w, https:\/\/llshs.univ-paris13.fr\/wp-content\/uploads\/vignette-dates-candidatures-400x223.jpg 400w, https:\/\/llshs.univ-paris13.fr\/wp-content\/uploads\/vignette-dates-candidatures-500x279.jpg 500w, https:\/\/llshs.univ-paris13.fr\/wp-content\/uploads\/vignette-dates-candidatures-800x447.jpg 800w\" sizes=\"(max-width: 128px) 100vw, 128px\" \/>\n             <\/div>\n        <\/div><div class=\"eael-entry-wrapper\"><header class=\"eael-entry-header\"><h2 class=\"eael-entry-title\"><a\n                        class=\"eael-grid-post-link\"\n                        href=\"https:\/\/llshs.univ-paris13.fr\/wp-content\/uploads\/2023-dates-candidatures-masters1-phase2.pdf\"\n                        title=\"Date de candidatures Masters 1 &#8211; PHASE COMPL\u00c9MENTAIRE (rentr\u00e9e 2023)\">Date de candidatures Masters 1 &#8211; PHASE COMPL\u00c9MENTAIRE (rentr\u00e9e 2023)<\/a><\/h2><\/header><\/div><\/div>\n        <\/div>\n    <\/article><article class=\"eael-grid-post eael-post-grid-column\" data-id=\"12799\">\n        <div class=\"eael-grid-post-holder\">\n            <div class=\"eael-grid-post-holder-inner\"><div class=\"eael-entry-media\"><div class=\"eael-entry-overlay fade-in\"><i class=\"fas fa-long-arrow-alt-right\" aria-hidden=\"true\"><\/i><a href=\"https:\/\/llshs.univ-paris13.fr\/en\/candidtaures-calendriers\/\"><\/a><\/div><div class=\"eael-entry-thumbnail\">\n                 <img decoding=\"async\" width=\"128\" height=\"72\" src=\"https:\/\/llshs.univ-paris13.fr\/wp-content\/uploads\/vignette-candidatures.png\" class=\"attachment-thumbnail size-thumbnail wp-image-11178\" alt=\"Candidatures \/ Inscriptions\" srcset=\"https:\/\/llshs.univ-paris13.fr\/wp-content\/uploads\/vignette-candidatures.png 2560w, https:\/\/llshs.univ-paris13.fr\/wp-content\/uploads\/vignette-candidatures-200x113.png 200w, https:\/\/llshs.univ-paris13.fr\/wp-content\/uploads\/vignette-candidatures-400x225.png 400w, https:\/\/llshs.univ-paris13.fr\/wp-content\/uploads\/vignette-candidatures-1280x720.png 1280w, https:\/\/llshs.univ-paris13.fr\/wp-content\/uploads\/vignette-candidatures-1920x1080.png 1920w, https:\/\/llshs.univ-paris13.fr\/wp-content\/uploads\/vignette-candidatures-500x281.png 500w, https:\/\/llshs.univ-paris13.fr\/wp-content\/uploads\/vignette-candidatures-800x450.png 800w, https:\/\/llshs.univ-paris13.fr\/wp-content\/uploads\/vignette-candidatures-1536x864.png 1536w, https:\/\/llshs.univ-paris13.fr\/wp-content\/uploads\/vignette-candidatures-2048x1152.png 2048w\" sizes=\"(max-width: 128px) 100vw, 128px\" \/>\n             <\/div>\n        <\/div><div class=\"eael-entry-wrapper\"><header class=\"eael-entry-header\"><h2 class=\"eael-entry-title\"><a\n                        class=\"eael-grid-post-link\"\n                        href=\"https:\/\/llshs.univ-paris13.fr\/en\/candidtaures-calendriers\/\"\n                        title=\"Rentr\u00e9e 2023 : calendriers des dates de candidatures\u200b\">Rentr\u00e9e 2023 : calendriers des dates de candidatures\u200b<\/a><\/h2><\/header><\/div><\/div>\n        <\/div>\n    <\/article><article class=\"eael-grid-post eael-post-grid-column\" data-id=\"10418\">\n        <div class=\"eael-grid-post-holder\">\n            <div class=\"eael-grid-post-holder-inner\"><div class=\"eael-entry-media\"><div class=\"eael-entry-overlay fade-in\"><i class=\"fas fa-long-arrow-alt-right\" aria-hidden=\"true\"><\/i><a href=\"https:\/\/llshs.univ-paris13.fr\/wp-content\/uploads\/reglement_etudes_llshs.pdf\"><\/a><\/div><div class=\"eael-entry-thumbnail\">\n                 <img decoding=\"async\" width=\"128\" height=\"73\" src=\"https:\/\/llshs.univ-paris13.fr\/wp-content\/uploads\/vignette-reglement-etudes.jpg\" class=\"attachment-thumbnail size-thumbnail wp-image-12130\" alt=\"R\u00e8glement des \u00e9tudes\" srcset=\"https:\/\/llshs.univ-paris13.fr\/wp-content\/uploads\/vignette-reglement-etudes.jpg 2560w, https:\/\/llshs.univ-paris13.fr\/wp-content\/uploads\/vignette-reglement-etudes-200x114.jpg 200w, https:\/\/llshs.univ-paris13.fr\/wp-content\/uploads\/vignette-reglement-etudes-400x228.jpg 400w, https:\/\/llshs.univ-paris13.fr\/wp-content\/uploads\/vignette-reglement-etudes-1280x730.jpg 1280w, https:\/\/llshs.univ-paris13.fr\/wp-content\/uploads\/vignette-reglement-etudes-1920x1095.jpg 1920w, https:\/\/llshs.univ-paris13.fr\/wp-content\/uploads\/vignette-reglement-etudes-500x285.jpg 500w, https:\/\/llshs.univ-paris13.fr\/wp-content\/uploads\/vignette-reglement-etudes-800x456.jpg 800w, https:\/\/llshs.univ-paris13.fr\/wp-content\/uploads\/vignette-reglement-etudes-1536x876.jpg 1536w, https:\/\/llshs.univ-paris13.fr\/wp-content\/uploads\/vignette-reglement-etudes-2048x1168.jpg 2048w\" sizes=\"(max-width: 128px) 100vw, 128px\" \/>\n             <\/div>\n        <\/div><div class=\"eael-entry-wrapper\"><header class=\"eael-entry-header\"><h2 class=\"eael-entry-title\"><a\n                        class=\"eael-grid-post-link\"\n                        href=\"https:\/\/llshs.univ-paris13.fr\/wp-content\/uploads\/reglement_etudes_llshs.pdf\"\n                        title=\"R\u00e8glement des \u00e9tudes\">R\u00e8glement des \u00e9tudes<\/a><\/h2><\/header><\/div><\/div>\n        <\/div>\n    <\/article><article class=\"eael-grid-post eael-post-grid-column\" data-id=\"10420\">\n        <div class=\"eael-grid-post-holder\">\n            <div class=\"eael-grid-post-holder-inner\"><div class=\"eael-entry-media\"><div class=\"eael-entry-overlay fade-in\"><i class=\"fas fa-long-arrow-alt-right\" aria-hidden=\"true\"><\/i><a href=\"https:\/\/llshs.univ-paris13.fr\/wp-content\/uploads\/calendrier-universitaire-licences.pdf\"><\/a><\/div><div class=\"eael-entry-thumbnail\">\n                 <img loading=\"lazy\" decoding=\"async\" width=\"128\" height=\"72\" src=\"https:\/\/llshs.univ-paris13.fr\/wp-content\/uploads\/vignette-agenda.png\" class=\"attachment-thumbnail size-thumbnail wp-image-10063\" alt=\"\" srcset=\"https:\/\/llshs.univ-paris13.fr\/wp-content\/uploads\/vignette-agenda.png 2560w, https:\/\/llshs.univ-paris13.fr\/wp-content\/uploads\/vignette-agenda-1024x576.png 1024w, https:\/\/llshs.univ-paris13.fr\/wp-content\/uploads\/vignette-agenda-1920x1080.png 1920w\" sizes=\"(max-width: 128px) 100vw, 128px\" \/>\n             <\/div>\n        <\/div><div class=\"eael-entry-wrapper\"><header class=\"eael-entry-header\"><h2 class=\"eael-entry-title\"><a\n                        class=\"eael-grid-post-link\"\n                        href=\"https:\/\/llshs.univ-paris13.fr\/wp-content\/uploads\/calendrier-universitaire-licences.pdf\"\n                        title=\"Calendrier universitaire Licences\">Calendrier universitaire Licences<\/a><\/h2><\/header><\/div><\/div>\n        <\/div>\n    <\/article><\/div>\n            <div class=\"clearfix\"><\/div>\n        <\/div>\t\t<\/div>\n\t\t\t\t<\/div>\n\t\t\t\t\t<\/div>\n\t\t<\/div>\n\t\t\t\t\t\t\t<\/div>\n\t\t<\/section>\n\t\t\t\t\t<\/div>\n\t\t<\/div>\n\t\t\t\t\t\t\t<\/div>\n\t\t<\/section>\n\t\t\t\t\t\t\t<\/div>","protected":false},"excerpt":{"rendered":"<p>Ressources Se former \u00e0 l&rsquo;UFR LLSHS Rentr\u00e9e 2023 : calendriers des dates de candidatures\u200b R\u00e9union d&#8217;informations Licence R\u00e9union d&#8217;informations Masters R\u00e8glement des \u00e9tudes Calendrier universitaire Licences Date de candidatures Masters &#8211; rentr\u00e9e 2022<\/p>","protected":false},"author":3,"featured_media":0,"parent":0,"menu_order":0,"comment_status":"closed","ping_status":"closed","template":"elementor_header_footer","meta":{"site-sidebar-layout":"default","site-content-layout":"default","ast-site-content-layout":"","site-content-style":"default","site-sidebar-style":"default","ast-global-header-display":"","ast-banner-title-visibility":"","ast-main-header-display":"","ast-hfb-above-header-display":"","ast-hfb-below-header-display":"","ast-hfb-mobile-header-display":"","site-post-title":"disabled","ast-breadcrumbs-content":"","ast-featured-img":"","footer-sml-layout":"","theme-transparent-header-meta":"default","adv-header-id-meta":"","stick-header-meta":"","header-above-stick-meta":"","header-main-stick-meta":"","header-below-stick-meta":"","astra-migrate-meta-layouts":"default","ast-page-background-enabled":"default","ast-page-background-meta":{"desktop":{"background-color":"","background-image":"","background-repeat":"repeat","background-position":"center center","background-size":"auto","background-attachment":"scroll","background-type":"","background-media":"","overlay-type":"","overlay-color":"","overlay-opacity":"","overlay-gradient":""},"tablet":{"background-color":"","background-image":"","background-repeat":"repeat","background-position":"center center","background-size":"auto","background-attachment":"scroll","background-type":"","background-media":"","overlay-type":"","overlay-color":"","overlay-opacity":"","overlay-gradient":""},"mobile":{"background-color":"","background-image":"","background-repeat":"repeat","background-position":"center center","background-size":"auto","background-attachment":"scroll","background-type":"","background-media":"","overlay-type":"","overlay-color":"","overlay-opacity":"","overlay-gradient":""}},"ast-content-background-meta":{"desktop":{"background-color":"var(--ast-global-color-5)","background-image":"","background-repeat":"repeat","background-position":"center center","background-size":"auto","background-attachment":"scroll","background-type":"","background-media":"","overlay-type":"","overlay-color":"","overlay-opacity":"","overlay-gradient":""},"tablet":{"background-color":"var(--ast-global-color-5)","background-image":"","background-repeat":"repeat","background-position":"center center","background-size":"auto","background-attachment":"scroll","background-type":"","background-media":"","overlay-type":"","overlay-color":"","overlay-opacity":"","overlay-gradient":""},"mobile":{"background-color":"var(--ast-global-color-5)","background-image":"","background-repeat":"repeat","background-position":"center center","background-size":"auto","background-attachment":"scroll","background-type":"","background-media":"","overlay-type":"","overlay-color":"","overlay-opacity":"","overlay-gradient":""}},"footnotes":"","_links_to":"","_links_to_target":""},"categories":[824,901],"tags":[],"yoast_head":"<!-- This site is optimized with the Yoast SEO plugin v23.9 - https:\/\/yoast.com\/wordpress\/plugins\/seo\/ -->\n<title>Documents - UFR LLSHS<\/title>\n<meta name=\"robots\" content=\"index, follow, max-snippet:-1, max-image-preview:large, max-video-preview:-1\" \/>\n<link rel=\"canonical\" href=\"https:\/\/llshs.univ-paris13.fr\/en\/documents\/\" \/>\n<meta property=\"og:locale\" content=\"en_GB\" \/>\n<meta property=\"og:type\" content=\"article\" \/>\n<meta property=\"og:title\" content=\"Documents - UFR LLSHS\" \/>\n<meta property=\"og:description\" content=\"Ressources Se former \u00e0 l&rsquo;UFR LLSHS Rentr\u00e9e 2023 : calendriers des dates de candidatures\u200b R\u00e9union d&#8217;informations Licence R\u00e9union d&#8217;informations Masters R\u00e8glement des \u00e9tudes Calendrier universitaire Licences Date de candidatures Masters &#8211; rentr\u00e9e 2022\" \/>\n<meta property=\"og:url\" content=\"https:\/\/llshs.univ-paris13.fr\/en\/documents\/\" \/>\n<meta property=\"og:site_name\" content=\"UFR LLSHS\" \/>\n<meta property=\"article:modified_time\" content=\"2023-02-08T10:31:19+00:00\" \/>\n<meta property=\"og:image\" content=\"https:\/\/llshs.univ-paris13.fr\/wp-content\/uploads\/vignette-candidatures.png\" \/>\n<meta name=\"twitter:card\" content=\"summary_large_image\" \/>\n<meta name=\"twitter:label1\" content=\"Estimated reading time\" \/>\n\t<meta name=\"twitter:data1\" content=\"2 minutes\" \/>\n<script type=\"application\/ld+json\" class=\"yoast-schema-graph\">{\"@context\":\"https:\/\/schema.org\",\"@graph\":[{\"@type\":\"WebPage\",\"@id\":\"https:\/\/llshs.univ-paris13.fr\/documents\/\",\"url\":\"https:\/\/llshs.univ-paris13.fr\/documents\/\",\"name\":\"Documents - UFR LLSHS\",\"isPartOf\":{\"@id\":\"https:\/\/llshs.univ-paris13.fr\/#website\"},\"primaryImageOfPage\":{\"@id\":\"https:\/\/llshs.univ-paris13.fr\/documents\/#primaryimage\"},\"image\":{\"@id\":\"https:\/\/llshs.univ-paris13.fr\/documents\/#primaryimage\"},\"thumbnailUrl\":\"https:\/\/llshs.univ-paris13.fr\/wp-content\/uploads\/vignette-candidatures.png\",\"datePublished\":\"2020-09-09T12:37:20+00:00\",\"dateModified\":\"2023-02-08T10:31:19+00:00\",\"breadcrumb\":{\"@id\":\"https:\/\/llshs.univ-paris13.fr\/documents\/#breadcrumb\"},\"inLanguage\":\"en-GB\",\"potentialAction\":[{\"@type\":\"ReadAction\",\"target\":[\"https:\/\/llshs.univ-paris13.fr\/documents\/\"]}]},{\"@type\":\"ImageObject\",\"inLanguage\":\"en-GB\",\"@id\":\"https:\/\/llshs.univ-paris13.fr\/documents\/#primaryimage\",\"url\":\"https:\/\/llshs.univ-paris13.fr\/wp-content\/uploads\/vignette-candidatures.png\",\"contentUrl\":\"https:\/\/llshs.univ-paris13.fr\/wp-content\/uploads\/vignette-candidatures.png\"},{\"@type\":\"BreadcrumbList\",\"@id\":\"https:\/\/llshs.univ-paris13.fr\/documents\/#breadcrumb\",\"itemListElement\":[{\"@type\":\"ListItem\",\"position\":1,\"name\":\"Accueil\",\"item\":\"https:\/\/llshs.univ-paris13.fr\/\"},{\"@type\":\"ListItem\",\"position\":2,\"name\":\"Documents\"}]},{\"@type\":\"WebSite\",\"@id\":\"https:\/\/llshs.univ-paris13.fr\/#website\",\"url\":\"https:\/\/llshs.univ-paris13.fr\/\",\"name\":\"UFR LLSHS\",\"description\":\"UFR LLSHS - Universit\u00e9 Sorbonne Paris Nord\",\"publisher\":{\"@id\":\"https:\/\/llshs.univ-paris13.fr\/#organization\"},\"potentialAction\":[{\"@type\":\"SearchAction\",\"target\":{\"@type\":\"EntryPoint\",\"urlTemplate\":\"https:\/\/llshs.univ-paris13.fr\/?s={search_term_string}\"},\"query-input\":{\"@type\":\"PropertyValueSpecification\",\"valueRequired\":true,\"valueName\":\"search_term_string\"}}],\"inLanguage\":\"en-GB\"},{\"@type\":\"Organization\",\"@id\":\"https:\/\/llshs.univ-paris13.fr\/#organization\",\"name\":\"UFR LLSHS - Universit\u00e9 Sorbonne Paris Nord\",\"url\":\"https:\/\/llshs.univ-paris13.fr\/\",\"logo\":{\"@type\":\"ImageObject\",\"inLanguage\":\"en-GB\",\"@id\":\"https:\/\/llshs.univ-paris13.fr\/#\/schema\/logo\/image\/\",\"url\":\"\",\"contentUrl\":\"\",\"caption\":\"UFR LLSHS - Universit\u00e9 Sorbonne Paris Nord\"},\"image\":{\"@id\":\"https:\/\/llshs.univ-paris13.fr\/#\/schema\/logo\/image\/\"}}]}<\/script>\n<!-- \/ Yoast SEO plugin. -->","yoast_head_json":{"title":"Documents - UFR LLSHS","robots":{"index":"index","follow":"follow","max-snippet":"max-snippet:-1","max-image-preview":"max-image-preview:large","max-video-preview":"max-video-preview:-1"},"canonical":"https:\/\/llshs.univ-paris13.fr\/en\/documents\/","og_locale":"en_GB","og_type":"article","og_title":"Documents - UFR LLSHS","og_description":"Ressources Se former \u00e0 l&rsquo;UFR LLSHS Rentr\u00e9e 2023 : calendriers des dates de candidatures\u200b R\u00e9union d&#8217;informations Licence R\u00e9union d&#8217;informations Masters R\u00e8glement des \u00e9tudes Calendrier universitaire Licences Date de candidatures Masters &#8211; rentr\u00e9e 2022","og_url":"https:\/\/llshs.univ-paris13.fr\/en\/documents\/","og_site_name":"UFR LLSHS","article_modified_time":"2023-02-08T10:31:19+00:00","og_image":[{"url":"https:\/\/llshs.univ-paris13.fr\/wp-content\/uploads\/vignette-candidatures.png"}],"twitter_card":"summary_large_image","twitter_misc":{"Estimated reading time":"2 minutes"},"schema":{"@context":"https:\/\/schema.org","@graph":[{"@type":"WebPage","@id":"https:\/\/llshs.univ-paris13.fr\/documents\/","url":"https:\/\/llshs.univ-paris13.fr\/documents\/","name":"Documents - UFR LLSHS","isPartOf":{"@id":"https:\/\/llshs.univ-paris13.fr\/#website"},"primaryImageOfPage":{"@id":"https:\/\/llshs.univ-paris13.fr\/documents\/#primaryimage"},"image":{"@id":"https:\/\/llshs.univ-paris13.fr\/documents\/#primaryimage"},"thumbnailUrl":"https:\/\/llshs.univ-paris13.fr\/wp-content\/uploads\/vignette-candidatures.png","datePublished":"2020-09-09T12:37:20+00:00","dateModified":"2023-02-08T10:31:19+00:00","breadcrumb":{"@id":"https:\/\/llshs.univ-paris13.fr\/documents\/#breadcrumb"},"inLanguage":"en-GB","potentialAction":[{"@type":"ReadAction","target":["https:\/\/llshs.univ-paris13.fr\/documents\/"]}]},{"@type":"ImageObject","inLanguage":"en-GB","@id":"https:\/\/llshs.univ-paris13.fr\/documents\/#primaryimage","url":"https:\/\/llshs.univ-paris13.fr\/wp-content\/uploads\/vignette-candidatures.png","contentUrl":"https:\/\/llshs.univ-paris13.fr\/wp-content\/uploads\/vignette-candidatures.png"},{"@type":"BreadcrumbList","@id":"https:\/\/llshs.univ-paris13.fr\/documents\/#breadcrumb","itemListElement":[{"@type":"ListItem","position":1,"name":"Accueil","item":"https:\/\/llshs.univ-paris13.fr\/"},{"@type":"ListItem","position":2,"name":"Documents"}]},{"@type":"WebSite","@id":"https:\/\/llshs.univ-paris13.fr\/#website","url":"https:\/\/llshs.univ-paris13.fr\/","name":"UFR LLSHS","description":"UFR LLSHS - Universit\u00e9 Sorbonne Paris Nord","publisher":{"@id":"https:\/\/llshs.univ-paris13.fr\/#organization"},"potentialAction":[{"@type":"SearchAction","target":{"@type":"EntryPoint","urlTemplate":"https:\/\/llshs.univ-paris13.fr\/?s={search_term_string}"},"query-input":{"@type":"PropertyValueSpecification","valueRequired":true,"valueName":"search_term_string"}}],"inLanguage":"en-GB"},{"@type":"Organization","@id":"https:\/\/llshs.univ-paris13.fr\/#organization","name":"UFR LLSHS - Universit\u00e9 Sorbonne Paris Nord","url":"https:\/\/llshs.univ-paris13.fr\/","logo":{"@type":"ImageObject","inLanguage":"en-GB","@id":"https:\/\/llshs.univ-paris13.fr\/#\/schema\/logo\/image\/","url":"","contentUrl":"","caption":"UFR LLSHS - Universit\u00e9 Sorbonne Paris Nord"},"image":{"@id":"https:\/\/llshs.univ-paris13.fr\/#\/schema\/logo\/image\/"}}]}},"_links":{"self":[{"href":"https:\/\/llshs.univ-paris13.fr\/en\/wp-json\/wp\/v2\/pages\/11993"}],"collection":[{"href":"https:\/\/llshs.univ-paris13.fr\/en\/wp-json\/wp\/v2\/pages"}],"about":[{"href":"https:\/\/llshs.univ-paris13.fr\/en\/wp-json\/wp\/v2\/types\/page"}],"author":[{"embeddable":true,"href":"https:\/\/llshs.univ-paris13.fr\/en\/wp-json\/wp\/v2\/users\/3"}],"replies":[{"embeddable":true,"href":"https:\/\/llshs.univ-paris13.fr\/en\/wp-json\/wp\/v2\/comments?post=11993"}],"version-history":[{"count":0,"href":"https:\/\/llshs.univ-paris13.fr\/en\/wp-json\/wp\/v2\/pages\/11993\/revisions"}],"wp:attachment":[{"href":"https:\/\/llshs.univ-paris13.fr\/en\/wp-json\/wp\/v2\/media?parent=11993"}],"wp:term":[{"taxonomy":"category","embeddable":true,"href":"https:\/\/llshs.univ-paris13.fr\/en\/wp-json\/wp\/v2\/categories?post=11993"},{"taxonomy":"post_tag","embeddable":true,"href":"https:\/\/llshs.univ-paris13.fr\/en\/wp-json\/wp\/v2\/tags?post=11993"}],"curies":[{"name":"wp","href":"https:\/\/api.w.org\/{rel}","templated":true}]}}