{"id":11986,"date":"2020-09-08T11:07:32","date_gmt":"2020-09-08T09:07:32","guid":{"rendered":"https:\/\/llshs.univ-paris13.fr\/?page_id=11986"},"modified":"2020-09-11T09:26:23","modified_gmt":"2020-09-11T07:26:23","slug":"gestion-pre-inscriptions-blocs-complementaires","status":"publish","type":"page","link":"https:\/\/llshs.univ-paris13.fr\/en\/ressources\/gestion-pre-inscriptions-blocs-complementaires\/","title":{"rendered":"Gestion pr\u00e9inscriptions aux blocs compl\u00e9mentaires"},"content":{"rendered":"<div data-elementor-type=\"wp-page\" data-elementor-id=\"11986\" class=\"elementor elementor-11986\">\n\t\t\t\t\t\t\t\t\t<section class=\"elementor-section elementor-top-section elementor-element elementor-element-e878bf1 elementor-section-stretched elementor-section-boxed elementor-section-height-default elementor-section-height-default\" data-id=\"e878bf1\" data-element_type=\"section\" data-settings=\"{&quot;background_background&quot;:&quot;classic&quot;,&quot;stretch_section&quot;:&quot;section-stretched&quot;,&quot;_ha_eqh_enable&quot;:false}\">\n\t\t\t\t\t\t<div class=\"elementor-container elementor-column-gap-default\">\n\t\t\t\t\t<div class=\"elementor-column elementor-col-100 elementor-top-column elementor-element elementor-element-8c405ca\" data-id=\"8c405ca\" data-element_type=\"column\">\n\t\t\t<div class=\"elementor-widget-wrap elementor-element-populated\">\n\t\t\t\t\t\t\t\t<div class=\"elementor-element elementor-element-33c275e elementor-widget elementor-widget-heading\" data-id=\"33c275e\" data-element_type=\"widget\" data-widget_type=\"heading.default\">\n\t\t\t\t<div class=\"elementor-widget-container\">\n\t\t\t<h1 class=\"elementor-heading-title elementor-size-default\">Gestion des pr\u00e9-inscriptions aux blocs compl\u00e9mentaires<\/h1>\t\t<\/div>\n\t\t\t\t<\/div>\n\t\t\t\t\t<\/div>\n\t\t<\/div>\n\t\t\t\t\t\t\t<\/div>\n\t\t<\/section>\n\t\t\t\t<section class=\"elementor-section elementor-top-section elementor-element elementor-element-2661612 elementor-section-stretched elementor-section-boxed elementor-section-height-default elementor-section-height-default\" data-id=\"2661612\" data-element_type=\"section\" data-settings=\"{&quot;stretch_section&quot;:&quot;section-stretched&quot;,&quot;background_background&quot;:&quot;classic&quot;,&quot;_ha_eqh_enable&quot;:false}\">\n\t\t\t\t\t\t<div class=\"elementor-container elementor-column-gap-default\">\n\t\t\t\t\t<div class=\"elementor-column elementor-col-100 elementor-top-column elementor-element elementor-element-109578d\" data-id=\"109578d\" data-element_type=\"column\">\n\t\t\t<div class=\"elementor-widget-wrap elementor-element-populated\">\n\t\t\t\t\t\t\t\t<div class=\"elementor-element elementor-element-5a5025e elementor-widget elementor-widget-shortcode\" data-id=\"5a5025e\" data-element_type=\"widget\" data-widget_type=\"shortcode.default\">\n\t\t\t\t<div class=\"elementor-widget-container\">\n\t\t\t\t\t<div class=\"elementor-shortcode\">[gravityview id='12020']<\/div>\n\t\t\t\t<\/div>\n\t\t\t\t<\/div>\n\t\t\t\t\t<\/div>\n\t\t<\/div>\n\t\t\t\t\t\t\t<\/div>\n\t\t<\/section>\n\t\t\t\t\t\t\t<\/div>","protected":false},"excerpt":{"rendered":"<p>Gestion des pr\u00e9-inscriptions aux blocs compl\u00e9mentaires [gravityview id=&rsquo;12020&prime;]<\/p>","protected":false},"author":3,"featured_media":0,"parent":8069,"menu_order":0,"comment_status":"closed","ping_status":"closed","template":"elementor_header_footer","meta":{"site-sidebar-layout":"default","site-content-layout":"default","ast-site-content-layout":"","site-content-style":"default","site-sidebar-style":"default","ast-global-header-display":"","ast-banner-title-visibility":"","ast-main-header-display":"","ast-hfb-above-header-display":"","ast-hfb-below-header-display":"","ast-hfb-mobile-header-display":"","site-post-title":"disabled","ast-breadcrumbs-content":"","ast-featured-img":"","footer-sml-layout":"","theme-transparent-header-meta":"default","adv-header-id-meta":"","stick-header-meta":"","header-above-stick-meta":"","header-main-stick-meta":"","header-below-stick-meta":"","astra-migrate-meta-layouts":"default","ast-page-background-enabled":"default","ast-page-background-meta":{"desktop":{"background-color":"","background-image":"","background-repeat":"repeat","background-position":"center center","background-size":"auto","background-attachment":"scroll","background-type":"","background-media":"","overlay-type":"","overlay-color":"","overlay-opacity":"","overlay-gradient":""},"tablet":{"background-color":"","background-image":"","background-repeat":"repeat","background-position":"center center","background-size":"auto","background-attachment":"scroll","background-type":"","background-media":"","overlay-type":"","overlay-color":"","overlay-opacity":"","overlay-gradient":""},"mobile":{"background-color":"","background-image":"","background-repeat":"repeat","background-position":"center center","background-size":"auto","background-attachment":"scroll","background-type":"","background-media":"","overlay-type":"","overlay-color":"","overlay-opacity":"","overlay-gradient":""}},"ast-content-background-meta":{"desktop":{"background-color":"var(--ast-global-color-5)","background-image":"","background-repeat":"repeat","background-position":"center center","background-size":"auto","background-attachment":"scroll","background-type":"","background-media":"","overlay-type":"","overlay-color":"","overlay-opacity":"","overlay-gradient":""},"tablet":{"background-color":"var(--ast-global-color-5)","background-image":"","background-repeat":"repeat","background-position":"center center","background-size":"auto","background-attachment":"scroll","background-type":"","background-media":"","overlay-type":"","overlay-color":"","overlay-opacity":"","overlay-gradient":""},"mobile":{"background-color":"var(--ast-global-color-5)","background-image":"","background-repeat":"repeat","background-position":"center center","background-size":"auto","background-attachment":"scroll","background-type":"","background-media":"","overlay-type":"","overlay-color":"","overlay-opacity":"","overlay-gradient":""}},"footnotes":"","_links_to":"","_links_to_target":""},"categories":[901],"tags":[],"yoast_head":"<!-- This site is optimized with the Yoast SEO plugin v23.9 - https:\/\/yoast.com\/wordpress\/plugins\/seo\/ -->\n<title>Gestion pr\u00e9inscriptions aux blocs compl\u00e9mentaires - UFR LLSHS<\/title>\n<meta name=\"robots\" content=\"index, follow, max-snippet:-1, max-image-preview:large, max-video-preview:-1\" \/>\n<link rel=\"canonical\" href=\"https:\/\/llshs.univ-paris13.fr\/en\/ressources\/gestion-pre-inscriptions-blocs-complementaires\/\" \/>\n<meta property=\"og:locale\" content=\"en_GB\" \/>\n<meta property=\"og:type\" content=\"article\" \/>\n<meta property=\"og:title\" content=\"Gestion pr\u00e9inscriptions aux blocs compl\u00e9mentaires - UFR LLSHS\" \/>\n<meta property=\"og:description\" content=\"Gestion des pr\u00e9-inscriptions aux blocs compl\u00e9mentaires [gravityview id=&rsquo;12020&prime;]\" \/>\n<meta property=\"og:url\" content=\"https:\/\/llshs.univ-paris13.fr\/en\/ressources\/gestion-pre-inscriptions-blocs-complementaires\/\" \/>\n<meta property=\"og:site_name\" content=\"UFR LLSHS\" \/>\n<meta property=\"article:modified_time\" content=\"2020-09-11T07:26:23+00:00\" \/>\n<meta name=\"twitter:card\" content=\"summary_large_image\" \/>\n<script type=\"application\/ld+json\" class=\"yoast-schema-graph\">{\"@context\":\"https:\/\/schema.org\",\"@graph\":[{\"@type\":\"WebPage\",\"@id\":\"https:\/\/llshs.univ-paris13.fr\/ressources\/gestion-pre-inscriptions-blocs-complementaires\/\",\"url\":\"https:\/\/llshs.univ-paris13.fr\/ressources\/gestion-pre-inscriptions-blocs-complementaires\/\",\"name\":\"Gestion pr\u00e9inscriptions aux blocs compl\u00e9mentaires - UFR LLSHS\",\"isPartOf\":{\"@id\":\"https:\/\/llshs.univ-paris13.fr\/#website\"},\"datePublished\":\"2020-09-08T09:07:32+00:00\",\"dateModified\":\"2020-09-11T07:26:23+00:00\",\"breadcrumb\":{\"@id\":\"https:\/\/llshs.univ-paris13.fr\/ressources\/gestion-pre-inscriptions-blocs-complementaires\/#breadcrumb\"},\"inLanguage\":\"en-GB\",\"potentialAction\":[{\"@type\":\"ReadAction\",\"target\":[\"https:\/\/llshs.univ-paris13.fr\/ressources\/gestion-pre-inscriptions-blocs-complementaires\/\"]}]},{\"@type\":\"BreadcrumbList\",\"@id\":\"https:\/\/llshs.univ-paris13.fr\/ressources\/gestion-pre-inscriptions-blocs-complementaires\/#breadcrumb\",\"itemListElement\":[{\"@type\":\"ListItem\",\"position\":1,\"name\":\"Accueil\",\"item\":\"https:\/\/llshs.univ-paris13.fr\/\"},{\"@type\":\"ListItem\",\"position\":2,\"name\":\"Prot\u00e9g\u00e9\u00a0: Ressources\",\"item\":\"https:\/\/llshs.univ-paris13.fr\/ressources\/\"},{\"@type\":\"ListItem\",\"position\":3,\"name\":\"Gestion pr\u00e9inscriptions aux blocs compl\u00e9mentaires\"}]},{\"@type\":\"WebSite\",\"@id\":\"https:\/\/llshs.univ-paris13.fr\/#website\",\"url\":\"https:\/\/llshs.univ-paris13.fr\/\",\"name\":\"UFR LLSHS\",\"description\":\"UFR LLSHS - Universit\u00e9 Sorbonne Paris Nord\",\"publisher\":{\"@id\":\"https:\/\/llshs.univ-paris13.fr\/#organization\"},\"potentialAction\":[{\"@type\":\"SearchAction\",\"target\":{\"@type\":\"EntryPoint\",\"urlTemplate\":\"https:\/\/llshs.univ-paris13.fr\/?s={search_term_string}\"},\"query-input\":{\"@type\":\"PropertyValueSpecification\",\"valueRequired\":true,\"valueName\":\"search_term_string\"}}],\"inLanguage\":\"en-GB\"},{\"@type\":\"Organization\",\"@id\":\"https:\/\/llshs.univ-paris13.fr\/#organization\",\"name\":\"UFR LLSHS - Universit\u00e9 Sorbonne Paris Nord\",\"url\":\"https:\/\/llshs.univ-paris13.fr\/\",\"logo\":{\"@type\":\"ImageObject\",\"inLanguage\":\"en-GB\",\"@id\":\"https:\/\/llshs.univ-paris13.fr\/#\/schema\/logo\/image\/\",\"url\":\"\",\"contentUrl\":\"\",\"caption\":\"UFR LLSHS - Universit\u00e9 Sorbonne Paris Nord\"},\"image\":{\"@id\":\"https:\/\/llshs.univ-paris13.fr\/#\/schema\/logo\/image\/\"}}]}<\/script>\n<!-- \/ Yoast SEO plugin. -->","yoast_head_json":{"title":"Gestion pr\u00e9inscriptions aux blocs compl\u00e9mentaires - UFR LLSHS","robots":{"index":"index","follow":"follow","max-snippet":"max-snippet:-1","max-image-preview":"max-image-preview:large","max-video-preview":"max-video-preview:-1"},"canonical":"https:\/\/llshs.univ-paris13.fr\/en\/ressources\/gestion-pre-inscriptions-blocs-complementaires\/","og_locale":"en_GB","og_type":"article","og_title":"Gestion pr\u00e9inscriptions aux blocs compl\u00e9mentaires - UFR LLSHS","og_description":"Gestion des pr\u00e9-inscriptions aux blocs compl\u00e9mentaires [gravityview id=&rsquo;12020&prime;]","og_url":"https:\/\/llshs.univ-paris13.fr\/en\/ressources\/gestion-pre-inscriptions-blocs-complementaires\/","og_site_name":"UFR LLSHS","article_modified_time":"2020-09-11T07:26:23+00:00","twitter_card":"summary_large_image","schema":{"@context":"https:\/\/schema.org","@graph":[{"@type":"WebPage","@id":"https:\/\/llshs.univ-paris13.fr\/ressources\/gestion-pre-inscriptions-blocs-complementaires\/","url":"https:\/\/llshs.univ-paris13.fr\/ressources\/gestion-pre-inscriptions-blocs-complementaires\/","name":"Gestion pr\u00e9inscriptions aux blocs compl\u00e9mentaires - UFR LLSHS","isPartOf":{"@id":"https:\/\/llshs.univ-paris13.fr\/#website"},"datePublished":"2020-09-08T09:07:32+00:00","dateModified":"2020-09-11T07:26:23+00:00","breadcrumb":{"@id":"https:\/\/llshs.univ-paris13.fr\/ressources\/gestion-pre-inscriptions-blocs-complementaires\/#breadcrumb"},"inLanguage":"en-GB","potentialAction":[{"@type":"ReadAction","target":["https:\/\/llshs.univ-paris13.fr\/ressources\/gestion-pre-inscriptions-blocs-complementaires\/"]}]},{"@type":"BreadcrumbList","@id":"https:\/\/llshs.univ-paris13.fr\/ressources\/gestion-pre-inscriptions-blocs-complementaires\/#breadcrumb","itemListElement":[{"@type":"ListItem","position":1,"name":"Accueil","item":"https:\/\/llshs.univ-paris13.fr\/"},{"@type":"ListItem","position":2,"name":"Prot\u00e9g\u00e9\u00a0: Ressources","item":"https:\/\/llshs.univ-paris13.fr\/ressources\/"},{"@type":"ListItem","position":3,"name":"Gestion pr\u00e9inscriptions aux blocs compl\u00e9mentaires"}]},{"@type":"WebSite","@id":"https:\/\/llshs.univ-paris13.fr\/#website","url":"https:\/\/llshs.univ-paris13.fr\/","name":"UFR LLSHS","description":"UFR LLSHS - Universit\u00e9 Sorbonne Paris Nord","publisher":{"@id":"https:\/\/llshs.univ-paris13.fr\/#organization"},"potentialAction":[{"@type":"SearchAction","target":{"@type":"EntryPoint","urlTemplate":"https:\/\/llshs.univ-paris13.fr\/?s={search_term_string}"},"query-input":{"@type":"PropertyValueSpecification","valueRequired":true,"valueName":"search_term_string"}}],"inLanguage":"en-GB"},{"@type":"Organization","@id":"https:\/\/llshs.univ-paris13.fr\/#organization","name":"UFR LLSHS - Universit\u00e9 Sorbonne Paris Nord","url":"https:\/\/llshs.univ-paris13.fr\/","logo":{"@type":"ImageObject","inLanguage":"en-GB","@id":"https:\/\/llshs.univ-paris13.fr\/#\/schema\/logo\/image\/","url":"","contentUrl":"","caption":"UFR LLSHS - Universit\u00e9 Sorbonne Paris Nord"},"image":{"@id":"https:\/\/llshs.univ-paris13.fr\/#\/schema\/logo\/image\/"}}]}},"_links":{"self":[{"href":"https:\/\/llshs.univ-paris13.fr\/en\/wp-json\/wp\/v2\/pages\/11986"}],"collection":[{"href":"https:\/\/llshs.univ-paris13.fr\/en\/wp-json\/wp\/v2\/pages"}],"about":[{"href":"https:\/\/llshs.univ-paris13.fr\/en\/wp-json\/wp\/v2\/types\/page"}],"author":[{"embeddable":true,"href":"https:\/\/llshs.univ-paris13.fr\/en\/wp-json\/wp\/v2\/users\/3"}],"replies":[{"embeddable":true,"href":"https:\/\/llshs.univ-paris13.fr\/en\/wp-json\/wp\/v2\/comments?post=11986"}],"version-history":[{"count":0,"href":"https:\/\/llshs.univ-paris13.fr\/en\/wp-json\/wp\/v2\/pages\/11986\/revisions"}],"up":[{"embeddable":true,"href":"https:\/\/llshs.univ-paris13.fr\/en\/wp-json\/wp\/v2\/pages\/8069"}],"wp:attachment":[{"href":"https:\/\/llshs.univ-paris13.fr\/en\/wp-json\/wp\/v2\/media?parent=11986"}],"wp:term":[{"taxonomy":"category","embeddable":true,"href":"https:\/\/llshs.univ-paris13.fr\/en\/wp-json\/wp\/v2\/categories?post=11986"},{"taxonomy":"post_tag","embeddable":true,"href":"https:\/\/llshs.univ-paris13.fr\/en\/wp-json\/wp\/v2\/tags?post=11986"}],"curies":[{"name":"wp","href":"https:\/\/api.w.org\/{rel}","templated":true}]}}