{"id":11976,"date":"2020-09-04T00:07:22","date_gmt":"2020-09-03T22:07:22","guid":{"rendered":"https:\/\/llshs.univ-paris13.fr\/?page_id=11976"},"modified":"2021-01-14T09:21:42","modified_gmt":"2021-01-14T08:21:42","slug":"inscriptions-pedagogique-l1s2-anglais","status":"publish","type":"page","link":"https:\/\/llshs.univ-paris13.fr\/en\/inscriptions-pedagogique-l1s2-anglais\/","title":{"rendered":"Inscriptions p\u00e9dagogique L1S2 Anglais"},"content":{"rendered":"<div data-elementor-type=\"wp-page\" data-elementor-id=\"11976\" class=\"elementor elementor-11976\">\n\t\t\t\t\t\t\t\t\t<section class=\"elementor-section elementor-top-section elementor-element elementor-element-41fed4f elementor-section-stretched elementor-section-boxed elementor-section-height-default elementor-section-height-default\" data-id=\"41fed4f\" data-element_type=\"section\" data-settings=\"{&quot;background_background&quot;:&quot;classic&quot;,&quot;stretch_section&quot;:&quot;section-stretched&quot;,&quot;_ha_eqh_enable&quot;:false}\">\n\t\t\t\t\t\t<div class=\"elementor-container elementor-column-gap-default\">\n\t\t\t\t\t<div class=\"elementor-column elementor-col-100 elementor-top-column elementor-element elementor-element-6558236\" data-id=\"6558236\" data-element_type=\"column\">\n\t\t\t<div class=\"elementor-widget-wrap elementor-element-populated\">\n\t\t\t\t\t\t\t\t<div class=\"elementor-element elementor-element-a140d1c elementor-widget elementor-widget-heading\" data-id=\"a140d1c\" data-element_type=\"widget\" data-widget_type=\"heading.default\">\n\t\t\t\t<div class=\"elementor-widget-container\">\n\t\t\t<h1 class=\"elementor-heading-title elementor-size-default\">PR\u00c9INSCRIPTION P\u00c9DAGOGIQUE\n<\/h1>\t\t<\/div>\n\t\t\t\t<\/div>\n\t\t\t\t<div class=\"elementor-element elementor-element-9bcb99d elementor-widget elementor-widget-heading\" data-id=\"9bcb99d\" data-element_type=\"widget\" data-widget_type=\"heading.default\">\n\t\t\t\t<div class=\"elementor-widget-container\">\n\t\t\t<h3 class=\"elementor-heading-title elementor-size-default\">LICENCE LLCER parcours ANGLAIS\nL1S2 (1\u00e8re ann\u00e9e, 2nd semestre)<\/h3>\t\t<\/div>\n\t\t\t\t<\/div>\n\t\t\t\t<div class=\"elementor-element elementor-element-a037608 elementor-widget elementor-widget-heading\" data-id=\"a037608\" data-element_type=\"widget\" data-widget_type=\"heading.default\">\n\t\t\t\t<div class=\"elementor-widget-container\">\n\t\t\t<h3 class=\"elementor-heading-title elementor-size-default\">Ann\u00e9e universitaire 2020-2021<\/h3>\t\t<\/div>\n\t\t\t\t<\/div>\n\t\t\t\t\t<\/div>\n\t\t<\/div>\n\t\t\t\t\t\t\t<\/div>\n\t\t<\/section>\n\t\t\t\t<section class=\"elementor-section elementor-top-section elementor-element elementor-element-5e0651c elementor-section-stretched elementor-section-boxed elementor-section-height-default elementor-section-height-default\" data-id=\"5e0651c\" data-element_type=\"section\" data-settings=\"{&quot;stretch_section&quot;:&quot;section-stretched&quot;,&quot;background_background&quot;:&quot;classic&quot;,&quot;_ha_eqh_enable&quot;:false}\">\n\t\t\t\t\t\t<div class=\"elementor-container elementor-column-gap-default\">\n\t\t\t\t\t<div class=\"elementor-column elementor-col-50 elementor-top-column elementor-element elementor-element-460fcfb\" data-id=\"460fcfb\" data-element_type=\"column\">\n\t\t\t<div class=\"elementor-widget-wrap elementor-element-populated\">\n\t\t\t\t\t\t\t\t<div class=\"elementor-element elementor-element-9734ed5 eael-gravity-form-button-custom elementor-widget elementor-widget-eael-gravity-form\" data-id=\"9734ed5\" data-element_type=\"widget\" data-widget_type=\"eael-gravity-form.default\">\n\t\t\t\t<div class=\"elementor-widget-container\">\n\t\t\t\t\t\t<div class=\"eael-contact-form eael-gravity-form eael-custom-radio-checkbox eael-contact-form-align-default\">\n\t\t        \t\t\t<\/div>\n            \t\t<\/div>\n\t\t\t\t<\/div>\n\t\t\t\t\t<\/div>\n\t\t<\/div>\n\t\t\t\t<div class=\"elementor-column elementor-col-50 elementor-top-column elementor-element elementor-element-530579a\" data-id=\"530579a\" data-element_type=\"column\">\n\t\t\t<div class=\"elementor-widget-wrap elementor-element-populated\">\n\t\t\t\t\t\t\t\t<div class=\"elementor-element elementor-element-747b039 elementor-widget elementor-widget-ucaddon_bold_product_box\" data-id=\"747b039\" data-element_type=\"widget\" data-widget_type=\"ucaddon_bold_product_box.default\">\n\t\t\t\t<div class=\"elementor-widget-container\">\n\t\t\t\n<!-- start Bold Product Box -->\n\t\t<link id='uc_fonts_googleapis_com_css_family_raleway_400_700_lato_400_700-css' href='https:\/\/fonts.googleapis.com\/css?family=Raleway:400,700|Lato:400,700' type='text\/css' rel='stylesheet' >\n\t\t<link id='uc_ac_assets_file_bold_product_box_css_2112-css' href='https:\/\/llshs.univ-paris13.fr\/wp-content\/uploads\/ac_assets\/bold_product_box\/bold_product_box.css' type='text\/css' rel='stylesheet' >\n\n<style>\/* widget: Bold Product Box *\/\n\n.uc_bold_product_box .uc_bold_product_details h4{ line-height:normal;}\n.uc_bold_product_box .uc_bold_product_image img { max-height: 193px;}\n\n<\/style>\n\n<div class=\"uc_bold_product_box\">\n  <div class=\"uc_bold_product_wrapper\">\n    <div class=\"uc_bold_product_details\">\n      <h4><a href=\"https:\/\/llshs.univ-paris13.fr\/wp-content\/uploads\/descriptif_preinscriptions_anglais.pdf\">Guide de pr\u00e9inscription<\/a><\/h4>\n      <!--<span class=\"uc_amount\"><span  class=\"uc_style_bold_product_box_elementor_price\" style=\"color:#A47FB3;\">url<\/span><\/span>--> <\/div>\n    <div class=\"uc_bold_product_image\"> <img decoding=\"async\" src=\"https:\/\/llshs.univ-paris13.fr\/wp-content\/uploads\/vignette-conseils.jpg\" alt=\"\"> <img decoding=\"async\" class=\"secondary-image\" src=\"\">  <\/div>\n    <div class=\"uc_add_to_cart\"><a href=\"https:\/\/llshs.univ-paris13.fr\/wp-content\/uploads\/descriptif_preinscriptions_anglais.pdf\" target=\"_blank\">Consulter<\/a><\/div>\n  <\/div>\n<\/div>\n<!-- end Bold Product Box -->\t\t<\/div>\n\t\t\t\t<\/div>\n\t\t\t\t<div class=\"elementor-element elementor-element-9169edc elementor-widget elementor-widget-ucaddon_bold_product_box\" data-id=\"9169edc\" data-element_type=\"widget\" data-widget_type=\"ucaddon_bold_product_box.default\">\n\t\t\t\t<div class=\"elementor-widget-container\">\n\t\t\t\n<!-- start Bold Product Box -->\n\n<style>\/* widget: Bold Product Box *\/\n\n.uc_bold_product_box .uc_bold_product_details h4{ line-height:normal;}\n.uc_bold_product_box .uc_bold_product_image img { max-height: 193px;}\n\n<\/style>\n\n<div class=\"uc_bold_product_box\">\n  <div class=\"uc_bold_product_wrapper\">\n    <div class=\"uc_bold_product_details\">\n      <h4><a href=\"https:\/\/llshs.univ-paris13.fr\/wp-content\/uploads\/edt_l1s2_ang.pdf\">Emplois du temps<\/a><\/h4>\n      <!--<span class=\"uc_amount\"><span  class=\"uc_style_bold_product_box_elementor_price\" style=\"color:#A47FB3;\">url<\/span><\/span>--> <\/div>\n    <div class=\"uc_bold_product_image\"> <img decoding=\"async\" src=\"\" alt=\"\"> <img decoding=\"async\" class=\"secondary-image\" src=\"\">  <\/div>\n    <div class=\"uc_add_to_cart\"><a href=\"https:\/\/llshs.univ-paris13.fr\/wp-content\/uploads\/edt_l1s2_ang.pdf\" target=\"_blank\">Consulter<\/a><\/div>\n  <\/div>\n<\/div>\n<!-- end Bold Product Box -->\t\t<\/div>\n\t\t\t\t<\/div>\n\t\t\t\t<div class=\"elementor-element elementor-element-4602477 elementor-widget elementor-widget-ucaddon_bold_product_box\" data-id=\"4602477\" data-element_type=\"widget\" data-widget_type=\"ucaddon_bold_product_box.default\">\n\t\t\t\t<div class=\"elementor-widget-container\">\n\t\t\t\n<!-- start Bold Product Box -->\n\n<style>\/* widget: Bold Product Box *\/\n\n.uc_bold_product_box .uc_bold_product_details h4{ line-height:normal;}\n.uc_bold_product_box .uc_bold_product_image img { max-height: 193px;}\n\n<\/style>\n\n<div class=\"uc_bold_product_box\">\n  <div class=\"uc_bold_product_wrapper\">\n    <div class=\"uc_bold_product_details\">\n      <h4><a href=\"https:\/\/llshs.univ-paris13.fr\/wp-content\/uploads\/brochure_licence_anglais.pdf\">Brochure de formation<\/a><\/h4>\n      <!--<span class=\"uc_amount\"><span  class=\"uc_style_bold_product_box_elementor_price\" style=\"color:#A47FB3;\">url<\/span><\/span>--> <\/div>\n    <div class=\"uc_bold_product_image\"> <img decoding=\"async\" src=\"\" alt=\"\"> <img decoding=\"async\" class=\"secondary-image\" src=\"\">  <\/div>\n    <div class=\"uc_add_to_cart\"><a href=\"https:\/\/llshs.univ-paris13.fr\/wp-content\/uploads\/brochure_licence_anglais.pdf\" target=\"_blank\">Consulter<\/a><\/div>\n  <\/div>\n<\/div>\n<!-- end Bold Product Box -->\t\t<\/div>\n\t\t\t\t<\/div>\n\t\t\t\t\t<\/div>\n\t\t<\/div>\n\t\t\t\t\t\t\t<\/div>\n\t\t<\/section>\n\t\t\t\t\t\t\t<\/div>","protected":false},"excerpt":{"rendered":"<p>PR\u00c9INSCRIPTION P\u00c9DAGOGIQUE LICENCE LLCER parcours ANGLAIS L1S2 (1\u00e8re ann\u00e9e, 2nd semestre) Ann\u00e9e universitaire 2020-2021 Avant de commencer Avant de commencer, prenez connaissance du descriptif ci-dessous vous pr\u00e9sentant les informations de rentr\u00e9e et qui vous guidera pour la saisie de votre pr\u00e9inscription. Vous d\u00e9couvrirez ici toutes les informations essentielles pour bien d\u00e9buter votre ann\u00e9e. Lire le [&hellip;]<\/p>","protected":false},"author":3,"featured_media":0,"parent":0,"menu_order":0,"comment_status":"closed","ping_status":"closed","template":"elementor_header_footer","meta":{"site-sidebar-layout":"default","site-content-layout":"default","ast-site-content-layout":"","site-content-style":"default","site-sidebar-style":"default","ast-global-header-display":"","ast-banner-title-visibility":"","ast-main-header-display":"","ast-hfb-above-header-display":"","ast-hfb-below-header-display":"","ast-hfb-mobile-header-display":"","site-post-title":"disabled","ast-breadcrumbs-content":"","ast-featured-img":"","footer-sml-layout":"","theme-transparent-header-meta":"default","adv-header-id-meta":"","stick-header-meta":"","header-above-stick-meta":"","header-main-stick-meta":"","header-below-stick-meta":"","astra-migrate-meta-layouts":"default","ast-page-background-enabled":"default","ast-page-background-meta":{"desktop":{"background-color":"","background-image":"","background-repeat":"repeat","background-position":"center center","background-size":"auto","background-attachment":"scroll","background-type":"","background-media":"","overlay-type":"","overlay-color":"","overlay-opacity":"","overlay-gradient":""},"tablet":{"background-color":"","background-image":"","background-repeat":"repeat","background-position":"center center","background-size":"auto","background-attachment":"scroll","background-type":"","background-media":"","overlay-type":"","overlay-color":"","overlay-opacity":"","overlay-gradient":""},"mobile":{"background-color":"","background-image":"","background-repeat":"repeat","background-position":"center center","background-size":"auto","background-attachment":"scroll","background-type":"","background-media":"","overlay-type":"","overlay-color":"","overlay-opacity":"","overlay-gradient":""}},"ast-content-background-meta":{"desktop":{"background-color":"var(--ast-global-color-5)","background-image":"","background-repeat":"repeat","background-position":"center center","background-size":"auto","background-attachment":"scroll","background-type":"","background-media":"","overlay-type":"","overlay-color":"","overlay-opacity":"","overlay-gradient":""},"tablet":{"background-color":"var(--ast-global-color-5)","background-image":"","background-repeat":"repeat","background-position":"center center","background-size":"auto","background-attachment":"scroll","background-type":"","background-media":"","overlay-type":"","overlay-color":"","overlay-opacity":"","overlay-gradient":""},"mobile":{"background-color":"var(--ast-global-color-5)","background-image":"","background-repeat":"repeat","background-position":"center center","background-size":"auto","background-attachment":"scroll","background-type":"","background-media":"","overlay-type":"","overlay-color":"","overlay-opacity":"","overlay-gradient":""}},"footnotes":"","_links_to":"","_links_to_target":""},"categories":[824,901],"tags":[],"yoast_head":"<!-- This site is optimized with the Yoast SEO plugin v23.9 - https:\/\/yoast.com\/wordpress\/plugins\/seo\/ -->\n<title>Inscriptions p\u00e9dagogique L1S2 Anglais - UFR LLSHS<\/title>\n<meta name=\"robots\" content=\"index, follow, max-snippet:-1, max-image-preview:large, max-video-preview:-1\" \/>\n<link rel=\"canonical\" href=\"https:\/\/llshs.univ-paris13.fr\/en\/inscriptions-pedagogique-l1s2-anglais\/\" \/>\n<meta property=\"og:locale\" content=\"en_GB\" \/>\n<meta property=\"og:type\" content=\"article\" \/>\n<meta property=\"og:title\" content=\"Inscriptions p\u00e9dagogique L1S2 Anglais - UFR LLSHS\" \/>\n<meta property=\"og:description\" content=\"PR\u00c9INSCRIPTION P\u00c9DAGOGIQUE LICENCE LLCER parcours ANGLAIS L1S2 (1\u00e8re ann\u00e9e, 2nd semestre) Ann\u00e9e universitaire 2020-2021 Avant de commencer Avant de commencer, prenez connaissance du descriptif ci-dessous vous pr\u00e9sentant les informations de rentr\u00e9e et qui vous guidera pour la saisie de votre pr\u00e9inscription. Vous d\u00e9couvrirez ici toutes les informations essentielles pour bien d\u00e9buter votre ann\u00e9e. Lire le [&hellip;]\" \/>\n<meta property=\"og:url\" content=\"https:\/\/llshs.univ-paris13.fr\/en\/inscriptions-pedagogique-l1s2-anglais\/\" \/>\n<meta property=\"og:site_name\" content=\"UFR LLSHS\" \/>\n<meta property=\"article:modified_time\" content=\"2021-01-14T08:21:42+00:00\" \/>\n<meta property=\"og:image\" content=\"https:\/\/llshs.univ-paris13.fr\/wp-content\/uploads\/vignette-conseils.jpg\" \/>\n<meta name=\"twitter:card\" content=\"summary_large_image\" \/>\n<meta name=\"twitter:label1\" content=\"Estimated reading time\" \/>\n\t<meta name=\"twitter:data1\" content=\"2 minutes\" \/>\n<script type=\"application\/ld+json\" class=\"yoast-schema-graph\">{\"@context\":\"https:\/\/schema.org\",\"@graph\":[{\"@type\":\"WebPage\",\"@id\":\"https:\/\/llshs.univ-paris13.fr\/inscriptions-pedagogique-l1s2-anglais\/\",\"url\":\"https:\/\/llshs.univ-paris13.fr\/inscriptions-pedagogique-l1s2-anglais\/\",\"name\":\"Inscriptions p\u00e9dagogique L1S2 Anglais - UFR LLSHS\",\"isPartOf\":{\"@id\":\"https:\/\/llshs.univ-paris13.fr\/#website\"},\"primaryImageOfPage\":{\"@id\":\"https:\/\/llshs.univ-paris13.fr\/inscriptions-pedagogique-l1s2-anglais\/#primaryimage\"},\"image\":{\"@id\":\"https:\/\/llshs.univ-paris13.fr\/inscriptions-pedagogique-l1s2-anglais\/#primaryimage\"},\"thumbnailUrl\":\"https:\/\/llshs.univ-paris13.fr\/wp-content\/uploads\/vignette-conseils.jpg\",\"datePublished\":\"2020-09-03T22:07:22+00:00\",\"dateModified\":\"2021-01-14T08:21:42+00:00\",\"breadcrumb\":{\"@id\":\"https:\/\/llshs.univ-paris13.fr\/inscriptions-pedagogique-l1s2-anglais\/#breadcrumb\"},\"inLanguage\":\"en-GB\",\"potentialAction\":[{\"@type\":\"ReadAction\",\"target\":[\"https:\/\/llshs.univ-paris13.fr\/inscriptions-pedagogique-l1s2-anglais\/\"]}]},{\"@type\":\"ImageObject\",\"inLanguage\":\"en-GB\",\"@id\":\"https:\/\/llshs.univ-paris13.fr\/inscriptions-pedagogique-l1s2-anglais\/#primaryimage\",\"url\":\"https:\/\/llshs.univ-paris13.fr\/wp-content\/uploads\/vignette-conseils.jpg\",\"contentUrl\":\"https:\/\/llshs.univ-paris13.fr\/wp-content\/uploads\/vignette-conseils.jpg\"},{\"@type\":\"BreadcrumbList\",\"@id\":\"https:\/\/llshs.univ-paris13.fr\/inscriptions-pedagogique-l1s2-anglais\/#breadcrumb\",\"itemListElement\":[{\"@type\":\"ListItem\",\"position\":1,\"name\":\"Accueil\",\"item\":\"https:\/\/llshs.univ-paris13.fr\/\"},{\"@type\":\"ListItem\",\"position\":2,\"name\":\"Inscriptions p\u00e9dagogique L1S2 Anglais\"}]},{\"@type\":\"WebSite\",\"@id\":\"https:\/\/llshs.univ-paris13.fr\/#website\",\"url\":\"https:\/\/llshs.univ-paris13.fr\/\",\"name\":\"UFR LLSHS\",\"description\":\"UFR LLSHS - Universit\u00e9 Sorbonne Paris Nord\",\"publisher\":{\"@id\":\"https:\/\/llshs.univ-paris13.fr\/#organization\"},\"potentialAction\":[{\"@type\":\"SearchAction\",\"target\":{\"@type\":\"EntryPoint\",\"urlTemplate\":\"https:\/\/llshs.univ-paris13.fr\/?s={search_term_string}\"},\"query-input\":{\"@type\":\"PropertyValueSpecification\",\"valueRequired\":true,\"valueName\":\"search_term_string\"}}],\"inLanguage\":\"en-GB\"},{\"@type\":\"Organization\",\"@id\":\"https:\/\/llshs.univ-paris13.fr\/#organization\",\"name\":\"UFR LLSHS - Universit\u00e9 Sorbonne Paris Nord\",\"url\":\"https:\/\/llshs.univ-paris13.fr\/\",\"logo\":{\"@type\":\"ImageObject\",\"inLanguage\":\"en-GB\",\"@id\":\"https:\/\/llshs.univ-paris13.fr\/#\/schema\/logo\/image\/\",\"url\":\"\",\"contentUrl\":\"\",\"caption\":\"UFR LLSHS - Universit\u00e9 Sorbonne Paris Nord\"},\"image\":{\"@id\":\"https:\/\/llshs.univ-paris13.fr\/#\/schema\/logo\/image\/\"}}]}<\/script>\n<!-- \/ Yoast SEO plugin. -->","yoast_head_json":{"title":"Inscriptions p\u00e9dagogique L1S2 Anglais - UFR LLSHS","robots":{"index":"index","follow":"follow","max-snippet":"max-snippet:-1","max-image-preview":"max-image-preview:large","max-video-preview":"max-video-preview:-1"},"canonical":"https:\/\/llshs.univ-paris13.fr\/en\/inscriptions-pedagogique-l1s2-anglais\/","og_locale":"en_GB","og_type":"article","og_title":"Inscriptions p\u00e9dagogique L1S2 Anglais - UFR LLSHS","og_description":"PR\u00c9INSCRIPTION P\u00c9DAGOGIQUE LICENCE LLCER parcours ANGLAIS L1S2 (1\u00e8re ann\u00e9e, 2nd semestre) Ann\u00e9e universitaire 2020-2021 Avant de commencer Avant de commencer, prenez connaissance du descriptif ci-dessous vous pr\u00e9sentant les informations de rentr\u00e9e et qui vous guidera pour la saisie de votre pr\u00e9inscription. Vous d\u00e9couvrirez ici toutes les informations essentielles pour bien d\u00e9buter votre ann\u00e9e. Lire le [&hellip;]","og_url":"https:\/\/llshs.univ-paris13.fr\/en\/inscriptions-pedagogique-l1s2-anglais\/","og_site_name":"UFR LLSHS","article_modified_time":"2021-01-14T08:21:42+00:00","og_image":[{"url":"https:\/\/llshs.univ-paris13.fr\/wp-content\/uploads\/vignette-conseils.jpg"}],"twitter_card":"summary_large_image","twitter_misc":{"Estimated reading time":"2 minutes"},"schema":{"@context":"https:\/\/schema.org","@graph":[{"@type":"WebPage","@id":"https:\/\/llshs.univ-paris13.fr\/inscriptions-pedagogique-l1s2-anglais\/","url":"https:\/\/llshs.univ-paris13.fr\/inscriptions-pedagogique-l1s2-anglais\/","name":"Inscriptions p\u00e9dagogique L1S2 Anglais - UFR LLSHS","isPartOf":{"@id":"https:\/\/llshs.univ-paris13.fr\/#website"},"primaryImageOfPage":{"@id":"https:\/\/llshs.univ-paris13.fr\/inscriptions-pedagogique-l1s2-anglais\/#primaryimage"},"image":{"@id":"https:\/\/llshs.univ-paris13.fr\/inscriptions-pedagogique-l1s2-anglais\/#primaryimage"},"thumbnailUrl":"https:\/\/llshs.univ-paris13.fr\/wp-content\/uploads\/vignette-conseils.jpg","datePublished":"2020-09-03T22:07:22+00:00","dateModified":"2021-01-14T08:21:42+00:00","breadcrumb":{"@id":"https:\/\/llshs.univ-paris13.fr\/inscriptions-pedagogique-l1s2-anglais\/#breadcrumb"},"inLanguage":"en-GB","potentialAction":[{"@type":"ReadAction","target":["https:\/\/llshs.univ-paris13.fr\/inscriptions-pedagogique-l1s2-anglais\/"]}]},{"@type":"ImageObject","inLanguage":"en-GB","@id":"https:\/\/llshs.univ-paris13.fr\/inscriptions-pedagogique-l1s2-anglais\/#primaryimage","url":"https:\/\/llshs.univ-paris13.fr\/wp-content\/uploads\/vignette-conseils.jpg","contentUrl":"https:\/\/llshs.univ-paris13.fr\/wp-content\/uploads\/vignette-conseils.jpg"},{"@type":"BreadcrumbList","@id":"https:\/\/llshs.univ-paris13.fr\/inscriptions-pedagogique-l1s2-anglais\/#breadcrumb","itemListElement":[{"@type":"ListItem","position":1,"name":"Accueil","item":"https:\/\/llshs.univ-paris13.fr\/"},{"@type":"ListItem","position":2,"name":"Inscriptions p\u00e9dagogique L1S2 Anglais"}]},{"@type":"WebSite","@id":"https:\/\/llshs.univ-paris13.fr\/#website","url":"https:\/\/llshs.univ-paris13.fr\/","name":"UFR LLSHS","description":"UFR LLSHS - Universit\u00e9 Sorbonne Paris Nord","publisher":{"@id":"https:\/\/llshs.univ-paris13.fr\/#organization"},"potentialAction":[{"@type":"SearchAction","target":{"@type":"EntryPoint","urlTemplate":"https:\/\/llshs.univ-paris13.fr\/?s={search_term_string}"},"query-input":{"@type":"PropertyValueSpecification","valueRequired":true,"valueName":"search_term_string"}}],"inLanguage":"en-GB"},{"@type":"Organization","@id":"https:\/\/llshs.univ-paris13.fr\/#organization","name":"UFR LLSHS - Universit\u00e9 Sorbonne Paris Nord","url":"https:\/\/llshs.univ-paris13.fr\/","logo":{"@type":"ImageObject","inLanguage":"en-GB","@id":"https:\/\/llshs.univ-paris13.fr\/#\/schema\/logo\/image\/","url":"","contentUrl":"","caption":"UFR LLSHS - Universit\u00e9 Sorbonne Paris Nord"},"image":{"@id":"https:\/\/llshs.univ-paris13.fr\/#\/schema\/logo\/image\/"}}]}},"_links":{"self":[{"href":"https:\/\/llshs.univ-paris13.fr\/en\/wp-json\/wp\/v2\/pages\/11976"}],"collection":[{"href":"https:\/\/llshs.univ-paris13.fr\/en\/wp-json\/wp\/v2\/pages"}],"about":[{"href":"https:\/\/llshs.univ-paris13.fr\/en\/wp-json\/wp\/v2\/types\/page"}],"author":[{"embeddable":true,"href":"https:\/\/llshs.univ-paris13.fr\/en\/wp-json\/wp\/v2\/users\/3"}],"replies":[{"embeddable":true,"href":"https:\/\/llshs.univ-paris13.fr\/en\/wp-json\/wp\/v2\/comments?post=11976"}],"version-history":[{"count":0,"href":"https:\/\/llshs.univ-paris13.fr\/en\/wp-json\/wp\/v2\/pages\/11976\/revisions"}],"wp:attachment":[{"href":"https:\/\/llshs.univ-paris13.fr\/en\/wp-json\/wp\/v2\/media?parent=11976"}],"wp:term":[{"taxonomy":"category","embeddable":true,"href":"https:\/\/llshs.univ-paris13.fr\/en\/wp-json\/wp\/v2\/categories?post=11976"},{"taxonomy":"post_tag","embeddable":true,"href":"https:\/\/llshs.univ-paris13.fr\/en\/wp-json\/wp\/v2\/tags?post=11976"}],"curies":[{"name":"wp","href":"https:\/\/api.w.org\/{rel}","templated":true}]}}