{"id":10035,"date":"2019-07-18T16:40:02","date_gmt":"2019-07-18T14:40:02","guid":{"rendered":"https:\/\/llshs.univ-paris13.fr\/?page_id=10035"},"modified":"2020-10-15T15:07:09","modified_gmt":"2020-10-15T13:07:09","slug":"autopositionnement-lansad-masters","status":"publish","type":"page","link":"https:\/\/llshs.univ-paris13.fr\/en\/autopositionnement-lansad-masters\/","title":{"rendered":"Inscription au test de niveau en Anglais Master"},"content":{"rendered":"<div data-elementor-type=\"wp-page\" data-elementor-id=\"10035\" class=\"elementor elementor-10035\">\n\t\t\t\t\t\t\t\t\t<section class=\"elementor-section elementor-top-section elementor-element elementor-element-9cefb5e elementor-section-stretched elementor-section-boxed elementor-section-height-default elementor-section-height-default\" data-id=\"9cefb5e\" data-element_type=\"section\" data-settings=\"{&quot;background_background&quot;:&quot;classic&quot;,&quot;stretch_section&quot;:&quot;section-stretched&quot;,&quot;_ha_eqh_enable&quot;:false}\">\n\t\t\t\t\t\t<div class=\"elementor-container elementor-column-gap-default\">\n\t\t\t\t\t<div class=\"elementor-column elementor-col-100 elementor-top-column elementor-element elementor-element-8899bc5\" data-id=\"8899bc5\" data-element_type=\"column\">\n\t\t\t<div class=\"elementor-widget-wrap elementor-element-populated\">\n\t\t\t\t\t\t\t\t<div class=\"elementor-element elementor-element-d8f4289 elementor-widget elementor-widget-heading\" data-id=\"d8f4289\" data-element_type=\"widget\" data-widget_type=\"heading.default\">\n\t\t\t\t<div class=\"elementor-widget-container\">\n\t\t\t<h1 class=\"elementor-heading-title elementor-size-default\"><p>Anglais LANSAD M1, M2<\/p><p>Auto-positionnement<\/p><\/h1>\t\t<\/div>\n\t\t\t\t<\/div>\n\t\t\t\t\t<\/div>\n\t\t<\/div>\n\t\t\t\t\t\t\t<\/div>\n\t\t<\/section>\n\t\t\t\t<section class=\"elementor-section elementor-top-section elementor-element elementor-element-6e6d899 elementor-section-boxed elementor-section-height-default elementor-section-height-default\" data-id=\"6e6d899\" data-element_type=\"section\" data-settings=\"{&quot;_ha_eqh_enable&quot;:false}\">\n\t\t\t\t\t\t<div class=\"elementor-container elementor-column-gap-default\">\n\t\t\t\t\t<div class=\"elementor-column elementor-col-100 elementor-top-column elementor-element elementor-element-d5b27b3\" data-id=\"d5b27b3\" data-element_type=\"column\">\n\t\t\t<div class=\"elementor-widget-wrap elementor-element-populated\">\n\t\t\t\t\t\t\t\t<div class=\"elementor-element elementor-element-5cd73f8 elementor-widget elementor-widget-text-editor\" data-id=\"5cd73f8\" data-element_type=\"widget\" data-widget_type=\"text-editor.default\">\n\t\t\t\t<div class=\"elementor-widget-container\">\n\t\t\t\t\t\t\t<p>Dans le formulaire qui suit, vous allez vous auto-positionner en fonction d\u2019une <a href=\"https:\/\/europass.cedefop.europa.eu\/fr\/resources\/european-language-levels-cefr\" target=\"_blank\" rel=\"noopener\"><strong>grille d\u2019\u00e9valuation<\/strong><\/a>, afin que l&rsquo;\u00e9quipe p\u00e9dagogique puisse former des groupes de niveaux.<\/p>\t\t\t\t\t\t<\/div>\n\t\t\t\t<\/div>\n\t\t\t\t<div class=\"elementor-element elementor-element-9faf496 elementor-widget elementor-widget-button\" data-id=\"9faf496\" data-element_type=\"widget\" data-widget_type=\"button.default\">\n\t\t\t\t<div class=\"elementor-widget-container\">\n\t\t\t\t\t<div class=\"elementor-button-wrapper\">\n\t\t\t<a class=\"elementor-button elementor-button-link elementor-size-sm\" href=\"https:\/\/llshs.univ-paris13.fr\/wp-content\/uploads\/grille-evaluation-europass.pdf\" target=\"_blank\">\n\t\t\t\t\t\t<span class=\"elementor-button-content-wrapper\">\n\t\t\t\t\t\t<span class=\"elementor-button-text\">Grille d'\u00e9valuation europass<\/span>\n\t\t<\/span>\n\t\t\t\t\t<\/a>\n\t\t<\/div>\n\t\t\t\t<\/div>\n\t\t\t\t<\/div>\n\t\t\t\t\t<\/div>\n\t\t<\/div>\n\t\t\t\t\t\t\t<\/div>\n\t\t<\/section>\n\t\t\t\t<section class=\"elementor-section elementor-top-section elementor-element elementor-element-b6d9336 elementor-section-stretched elementor-section-boxed elementor-section-height-default elementor-section-height-default\" data-id=\"b6d9336\" data-element_type=\"section\" data-settings=\"{&quot;stretch_section&quot;:&quot;section-stretched&quot;,&quot;background_background&quot;:&quot;classic&quot;,&quot;_ha_eqh_enable&quot;:false}\">\n\t\t\t\t\t\t<div class=\"elementor-container elementor-column-gap-default\">\n\t\t\t\t\t<div class=\"elementor-column elementor-col-100 elementor-top-column elementor-element elementor-element-c287b53\" data-id=\"c287b53\" data-element_type=\"column\">\n\t\t\t<div class=\"elementor-widget-wrap elementor-element-populated\">\n\t\t\t\t\t\t\t\t<div class=\"elementor-element elementor-element-bf32b92 elementor-widget elementor-widget-shortcode\" data-id=\"bf32b92\" data-element_type=\"widget\" data-widget_type=\"shortcode.default\">\n\t\t\t\t<div class=\"elementor-widget-container\">\n\t\t\t\t\t<div class=\"elementor-shortcode\"><\/div>\n\t\t\t\t<\/div>\n\t\t\t\t<\/div>\n\t\t\t\t\t<\/div>\n\t\t<\/div>\n\t\t\t\t\t\t\t<\/div>\n\t\t<\/section>\n\t\t\t\t\t\t\t<\/div>","protected":false},"excerpt":{"rendered":"<p>Anglais LANSAD M1, M2 Auto-positionnement Dans le formulaire qui suit, vous allez vous auto-positionner en fonction d\u2019une grille d\u2019\u00e9valuation, afin que l&rsquo;\u00e9quipe p\u00e9dagogique puisse former des groupes de niveaux. Grille d&rsquo;\u00e9valuation europass<\/p>","protected":false},"author":3,"featured_media":0,"parent":0,"menu_order":0,"comment_status":"closed","ping_status":"closed","template":"elementor_header_footer","meta":{"site-sidebar-layout":"default","site-content-layout":"default","ast-site-content-layout":"","site-content-style":"default","site-sidebar-style":"default","ast-global-header-display":"","ast-banner-title-visibility":"","ast-main-header-display":"","ast-hfb-above-header-display":"","ast-hfb-below-header-display":"","ast-hfb-mobile-header-display":"","site-post-title":"","ast-breadcrumbs-content":"","ast-featured-img":"","footer-sml-layout":"","theme-transparent-header-meta":"default","adv-header-id-meta":"","stick-header-meta":"","header-above-stick-meta":"","header-main-stick-meta":"","header-below-stick-meta":"","astra-migrate-meta-layouts":"default","ast-page-background-enabled":"default","ast-page-background-meta":{"desktop":{"background-color":"","background-image":"","background-repeat":"repeat","background-position":"center center","background-size":"auto","background-attachment":"scroll","background-type":"","background-media":"","overlay-type":"","overlay-color":"","overlay-opacity":"","overlay-gradient":""},"tablet":{"background-color":"","background-image":"","background-repeat":"repeat","background-position":"center center","background-size":"auto","background-attachment":"scroll","background-type":"","background-media":"","overlay-type":"","overlay-color":"","overlay-opacity":"","overlay-gradient":""},"mobile":{"background-color":"","background-image":"","background-repeat":"repeat","background-position":"center center","background-size":"auto","background-attachment":"scroll","background-type":"","background-media":"","overlay-type":"","overlay-color":"","overlay-opacity":"","overlay-gradient":""}},"ast-content-background-meta":{"desktop":{"background-color":"var(--ast-global-color-5)","background-image":"","background-repeat":"repeat","background-position":"center center","background-size":"auto","background-attachment":"scroll","background-type":"","background-media":"","overlay-type":"","overlay-color":"","overlay-opacity":"","overlay-gradient":""},"tablet":{"background-color":"var(--ast-global-color-5)","background-image":"","background-repeat":"repeat","background-position":"center center","background-size":"auto","background-attachment":"scroll","background-type":"","background-media":"","overlay-type":"","overlay-color":"","overlay-opacity":"","overlay-gradient":""},"mobile":{"background-color":"var(--ast-global-color-5)","background-image":"","background-repeat":"repeat","background-position":"center center","background-size":"auto","background-attachment":"scroll","background-type":"","background-media":"","overlay-type":"","overlay-color":"","overlay-opacity":"","overlay-gradient":""}},"footnotes":"","_links_to":"","_links_to_target":""},"categories":[824],"tags":[],"yoast_head":"<!-- This site is optimized with the Yoast SEO plugin v23.9 - https:\/\/yoast.com\/wordpress\/plugins\/seo\/ -->\n<title>Inscription au test de niveau en Anglais Master - UFR LLSHS<\/title>\n<meta name=\"robots\" content=\"index, follow, max-snippet:-1, max-image-preview:large, max-video-preview:-1\" \/>\n<link rel=\"canonical\" href=\"https:\/\/llshs.univ-paris13.fr\/en\/autopositionnement-lansad-masters\/\" \/>\n<meta property=\"og:locale\" content=\"en_GB\" \/>\n<meta property=\"og:type\" content=\"article\" \/>\n<meta property=\"og:title\" content=\"Inscription au test de niveau en Anglais Master - UFR LLSHS\" \/>\n<meta property=\"og:description\" content=\"Anglais LANSAD M1, M2 Auto-positionnement Dans le formulaire qui suit, vous allez vous auto-positionner en fonction d\u2019une grille d\u2019\u00e9valuation, afin que l&rsquo;\u00e9quipe p\u00e9dagogique puisse former des groupes de niveaux. Grille d&rsquo;\u00e9valuation europass\" \/>\n<meta property=\"og:url\" content=\"https:\/\/llshs.univ-paris13.fr\/en\/autopositionnement-lansad-masters\/\" \/>\n<meta property=\"og:site_name\" content=\"UFR LLSHS\" \/>\n<meta property=\"article:modified_time\" content=\"2020-10-15T13:07:09+00:00\" \/>\n<meta name=\"twitter:card\" content=\"summary_large_image\" \/>\n<script type=\"application\/ld+json\" class=\"yoast-schema-graph\">{\"@context\":\"https:\/\/schema.org\",\"@graph\":[{\"@type\":\"WebPage\",\"@id\":\"https:\/\/llshs.univ-paris13.fr\/autopositionnement-lansad-masters\/\",\"url\":\"https:\/\/llshs.univ-paris13.fr\/autopositionnement-lansad-masters\/\",\"name\":\"Inscription au test de niveau en Anglais Master - UFR LLSHS\",\"isPartOf\":{\"@id\":\"https:\/\/llshs.univ-paris13.fr\/#website\"},\"datePublished\":\"2019-07-18T14:40:02+00:00\",\"dateModified\":\"2020-10-15T13:07:09+00:00\",\"breadcrumb\":{\"@id\":\"https:\/\/llshs.univ-paris13.fr\/autopositionnement-lansad-masters\/#breadcrumb\"},\"inLanguage\":\"en-GB\",\"potentialAction\":[{\"@type\":\"ReadAction\",\"target\":[\"https:\/\/llshs.univ-paris13.fr\/autopositionnement-lansad-masters\/\"]}]},{\"@type\":\"BreadcrumbList\",\"@id\":\"https:\/\/llshs.univ-paris13.fr\/autopositionnement-lansad-masters\/#breadcrumb\",\"itemListElement\":[{\"@type\":\"ListItem\",\"position\":1,\"name\":\"Accueil\",\"item\":\"https:\/\/llshs.univ-paris13.fr\/\"},{\"@type\":\"ListItem\",\"position\":2,\"name\":\"Inscription au test de niveau en Anglais Master\"}]},{\"@type\":\"WebSite\",\"@id\":\"https:\/\/llshs.univ-paris13.fr\/#website\",\"url\":\"https:\/\/llshs.univ-paris13.fr\/\",\"name\":\"UFR LLSHS\",\"description\":\"UFR LLSHS - Universit\u00e9 Sorbonne Paris Nord\",\"publisher\":{\"@id\":\"https:\/\/llshs.univ-paris13.fr\/#organization\"},\"potentialAction\":[{\"@type\":\"SearchAction\",\"target\":{\"@type\":\"EntryPoint\",\"urlTemplate\":\"https:\/\/llshs.univ-paris13.fr\/?s={search_term_string}\"},\"query-input\":{\"@type\":\"PropertyValueSpecification\",\"valueRequired\":true,\"valueName\":\"search_term_string\"}}],\"inLanguage\":\"en-GB\"},{\"@type\":\"Organization\",\"@id\":\"https:\/\/llshs.univ-paris13.fr\/#organization\",\"name\":\"UFR LLSHS - Universit\u00e9 Sorbonne Paris Nord\",\"url\":\"https:\/\/llshs.univ-paris13.fr\/\",\"logo\":{\"@type\":\"ImageObject\",\"inLanguage\":\"en-GB\",\"@id\":\"https:\/\/llshs.univ-paris13.fr\/#\/schema\/logo\/image\/\",\"url\":\"\",\"contentUrl\":\"\",\"caption\":\"UFR LLSHS - Universit\u00e9 Sorbonne Paris Nord\"},\"image\":{\"@id\":\"https:\/\/llshs.univ-paris13.fr\/#\/schema\/logo\/image\/\"}}]}<\/script>\n<!-- \/ Yoast SEO plugin. -->","yoast_head_json":{"title":"Inscription au test de niveau en Anglais Master - UFR LLSHS","robots":{"index":"index","follow":"follow","max-snippet":"max-snippet:-1","max-image-preview":"max-image-preview:large","max-video-preview":"max-video-preview:-1"},"canonical":"https:\/\/llshs.univ-paris13.fr\/en\/autopositionnement-lansad-masters\/","og_locale":"en_GB","og_type":"article","og_title":"Inscription au test de niveau en Anglais Master - UFR LLSHS","og_description":"Anglais LANSAD M1, M2 Auto-positionnement Dans le formulaire qui suit, vous allez vous auto-positionner en fonction d\u2019une grille d\u2019\u00e9valuation, afin que l&rsquo;\u00e9quipe p\u00e9dagogique puisse former des groupes de niveaux. Grille d&rsquo;\u00e9valuation europass","og_url":"https:\/\/llshs.univ-paris13.fr\/en\/autopositionnement-lansad-masters\/","og_site_name":"UFR LLSHS","article_modified_time":"2020-10-15T13:07:09+00:00","twitter_card":"summary_large_image","schema":{"@context":"https:\/\/schema.org","@graph":[{"@type":"WebPage","@id":"https:\/\/llshs.univ-paris13.fr\/autopositionnement-lansad-masters\/","url":"https:\/\/llshs.univ-paris13.fr\/autopositionnement-lansad-masters\/","name":"Inscription au test de niveau en Anglais Master - UFR LLSHS","isPartOf":{"@id":"https:\/\/llshs.univ-paris13.fr\/#website"},"datePublished":"2019-07-18T14:40:02+00:00","dateModified":"2020-10-15T13:07:09+00:00","breadcrumb":{"@id":"https:\/\/llshs.univ-paris13.fr\/autopositionnement-lansad-masters\/#breadcrumb"},"inLanguage":"en-GB","potentialAction":[{"@type":"ReadAction","target":["https:\/\/llshs.univ-paris13.fr\/autopositionnement-lansad-masters\/"]}]},{"@type":"BreadcrumbList","@id":"https:\/\/llshs.univ-paris13.fr\/autopositionnement-lansad-masters\/#breadcrumb","itemListElement":[{"@type":"ListItem","position":1,"name":"Accueil","item":"https:\/\/llshs.univ-paris13.fr\/"},{"@type":"ListItem","position":2,"name":"Inscription au test de niveau en Anglais Master"}]},{"@type":"WebSite","@id":"https:\/\/llshs.univ-paris13.fr\/#website","url":"https:\/\/llshs.univ-paris13.fr\/","name":"UFR LLSHS","description":"UFR LLSHS - Universit\u00e9 Sorbonne Paris Nord","publisher":{"@id":"https:\/\/llshs.univ-paris13.fr\/#organization"},"potentialAction":[{"@type":"SearchAction","target":{"@type":"EntryPoint","urlTemplate":"https:\/\/llshs.univ-paris13.fr\/?s={search_term_string}"},"query-input":{"@type":"PropertyValueSpecification","valueRequired":true,"valueName":"search_term_string"}}],"inLanguage":"en-GB"},{"@type":"Organization","@id":"https:\/\/llshs.univ-paris13.fr\/#organization","name":"UFR LLSHS - Universit\u00e9 Sorbonne Paris Nord","url":"https:\/\/llshs.univ-paris13.fr\/","logo":{"@type":"ImageObject","inLanguage":"en-GB","@id":"https:\/\/llshs.univ-paris13.fr\/#\/schema\/logo\/image\/","url":"","contentUrl":"","caption":"UFR LLSHS - Universit\u00e9 Sorbonne Paris Nord"},"image":{"@id":"https:\/\/llshs.univ-paris13.fr\/#\/schema\/logo\/image\/"}}]}},"_links":{"self":[{"href":"https:\/\/llshs.univ-paris13.fr\/en\/wp-json\/wp\/v2\/pages\/10035"}],"collection":[{"href":"https:\/\/llshs.univ-paris13.fr\/en\/wp-json\/wp\/v2\/pages"}],"about":[{"href":"https:\/\/llshs.univ-paris13.fr\/en\/wp-json\/wp\/v2\/types\/page"}],"author":[{"embeddable":true,"href":"https:\/\/llshs.univ-paris13.fr\/en\/wp-json\/wp\/v2\/users\/3"}],"replies":[{"embeddable":true,"href":"https:\/\/llshs.univ-paris13.fr\/en\/wp-json\/wp\/v2\/comments?post=10035"}],"version-history":[{"count":0,"href":"https:\/\/llshs.univ-paris13.fr\/en\/wp-json\/wp\/v2\/pages\/10035\/revisions"}],"wp:attachment":[{"href":"https:\/\/llshs.univ-paris13.fr\/en\/wp-json\/wp\/v2\/media?parent=10035"}],"wp:term":[{"taxonomy":"category","embeddable":true,"href":"https:\/\/llshs.univ-paris13.fr\/en\/wp-json\/wp\/v2\/categories?post=10035"},{"taxonomy":"post_tag","embeddable":true,"href":"https:\/\/llshs.univ-paris13.fr\/en\/wp-json\/wp\/v2\/tags?post=10035"}],"curies":[{"name":"wp","href":"https:\/\/api.w.org\/{rel}","templated":true}]}}